{"id":322,"date":"2026-03-20T12:13:30","date_gmt":"2026-03-20T12:13:30","guid":{"rendered":"https:\/\/idealpesca.com\/loja\/produto\/carreto-daiwa-tanacom-500\/"},"modified":"2026-03-20T23:50:31","modified_gmt":"2026-03-20T23:50:31","slug":"carreto-daiwa-tanacom-500","status":"publish","type":"product","link":"https:\/\/idealpesca.com\/loja\/produto\/carreto-daiwa-tanacom-500\/","title":{"rendered":"Carreto DAIWA TANACOM 500"},"content":{"rendered":"<div class=\"product-desc\">\n<div class=\"product-content\">\n<div class=\"product-content-inner\">\n<div class=\"polymorphic-table product-table\">\n<div class=\"polymorphic-table-inner\">\n<table class=\"table bordered js-pswp-gallery\">\n<tr>\n<th>Refer\u00eancia<\/th>\n<th>Pega<\/th>\n<th>R\u00e1cio (\/1)<\/th>\n<th>VMV (cm)<\/th>\n<th>Peso (g)<\/th>\n<th>Capacidade (m\/mm)<\/th>\n<th>Drag (kg)<\/th>\n<\/tr>\n<tr>\n<td>TC24S500JU<\/td>\n<td>T+<\/td>\n<td>3,5<\/td>\n<td>55<\/td>\n<td>800<\/td>\n<td>500\/0,28<\/td>\n<td>16<\/td>\n<\/tr>\n<\/table>\n<\/div>\n<\/div>\n<\/div>\n<\/div>\n<p>\u00a0<\/p>\n<p>&#8220;Esta nova vers\u00e3o da Tanacom \u00e9 proposta com as mais recentes evolu\u00e7\u00f5es em mat\u00e9ria de carretos el\u00e9tricos Daiwa. Este corpo em tamanho 500 possui o &#8220;&#8221;Jog Lever&#8221;&#8221; que permite utilizar apenas uma m\u00e3o para desencadear a recupera\u00e7\u00e3o. O novo ecr\u00e3 de cristais l\u00edquidos permite que os dados sejam lidos mesmo sob forte luminosidade. A recupera\u00e7\u00e3o \u00e9 de aproximadamente 135 m por minuto. &#8220;<\/p>\n<\/div>\n<ul>\n<li>Drag estrela<\/li>\n<li>Rolamentos : 8 (sendo 1 CRBB) + 1<\/li>\n<li>Corpo alum\u00ednio<\/li>\n<li>Bobina alum\u00ednio<\/li>\n<li>Manivella alum\u00ednio<\/li>\n<\/ul>\n","protected":false},"excerpt":{"rendered":"<p>TANACOM 500 JU<\/p>\n","protected":false},"featured_media":3019,"comment_status":"open","ping_status":"closed","template":"","meta":[],"product_brand":[],"product_cat":[285,434],"product_tag":[],"class_list":{"0":"post-322","1":"product","2":"type-product","3":"status-publish","4":"has-post-thumbnail","6":"product_cat-020400-slow-jigging-casting-e-electricos","7":"product_cat-020401-daiwa","9":"first","10":"instock","11":"taxable","12":"shipping-taxable","13":"purchasable","14":"product-type-variable"},"_links":{"self":[{"href":"https:\/\/idealpesca.com\/loja\/wp-json\/wp\/v2\/product\/322","targetHints":{"allow":["GET"]}}],"collection":[{"href":"https:\/\/idealpesca.com\/loja\/wp-json\/wp\/v2\/product"}],"about":[{"href":"https:\/\/idealpesca.com\/loja\/wp-json\/wp\/v2\/types\/product"}],"replies":[{"embeddable":true,"href":"https:\/\/idealpesca.com\/loja\/wp-json\/wp\/v2\/comments?post=322"}],"wp:featuredmedia":[{"embeddable":true,"href":"https:\/\/idealpesca.com\/loja\/wp-json\/wp\/v2\/media\/3019"}],"wp:attachment":[{"href":"https:\/\/idealpesca.com\/loja\/wp-json\/wp\/v2\/media?parent=322"}],"wp:term":[{"taxonomy":"product_brand","embeddable":true,"href":"https:\/\/idealpesca.com\/loja\/wp-json\/wp\/v2\/product_brand?post=322"},{"taxonomy":"product_cat","embeddable":true,"href":"https:\/\/idealpesca.com\/loja\/wp-json\/wp\/v2\/product_cat?post=322"},{"taxonomy":"product_tag","embeddable":true,"href":"https:\/\/idealpesca.com\/loja\/wp-json\/wp\/v2\/product_tag?post=322"}],"curies":[{"name":"wp","href":"https:\/\/api.w.org\/{rel}","templated":true}]}}