{"id":307,"date":"2026-03-20T12:13:19","date_gmt":"2026-03-20T12:13:19","guid":{"rendered":"https:\/\/idealpesca.com\/loja\/produto\/anzois-barros-inox-ss-10\/"},"modified":"2026-03-20T23:40:09","modified_gmt":"2026-03-20T23:40:09","slug":"anzois-barros-inox-ss-10","status":"publish","type":"product","link":"https:\/\/idealpesca.com\/loja\/produto\/anzois-barros-inox-ss-10\/","title":{"rendered":"ANZ\u00d3IS BARROS INOX SS-10"},"content":{"rendered":"<p>&#8211; CARTEIRA DE ANZO\u00cdS COM 10 UNIDADES;<\/p>\n<p>&#8211; IDEAL PARA COLOCAR NOS CA\u00c7\u00d5ES E PINGALINS;<\/p>\n","protected":false},"excerpt":{"rendered":"<p>&#8211; CARTEIRA DE ANZO\u00cdS COM 10 UNIDADES; &#8211; IDEAL PARA COLOCAR NOS CA\u00c7\u00d5ES E PINGALINS;<\/p>\n","protected":false},"featured_media":3004,"comment_status":"open","ping_status":"closed","template":"","meta":[],"product_brand":[],"product_cat":[132,376],"product_tag":[],"class_list":{"0":"post-307","1":"product","2":"type-product","3":"status-publish","4":"has-post-thumbnail","6":"product_cat-040200-anzois-de-olhalargola","7":"product_cat-040202-barros","9":"first","10":"instock","11":"taxable","12":"shipping-taxable","13":"purchasable","14":"product-type-variable"},"_links":{"self":[{"href":"https:\/\/idealpesca.com\/loja\/wp-json\/wp\/v2\/product\/307","targetHints":{"allow":["GET"]}}],"collection":[{"href":"https:\/\/idealpesca.com\/loja\/wp-json\/wp\/v2\/product"}],"about":[{"href":"https:\/\/idealpesca.com\/loja\/wp-json\/wp\/v2\/types\/product"}],"replies":[{"embeddable":true,"href":"https:\/\/idealpesca.com\/loja\/wp-json\/wp\/v2\/comments?post=307"}],"wp:featuredmedia":[{"embeddable":true,"href":"https:\/\/idealpesca.com\/loja\/wp-json\/wp\/v2\/media\/3004"}],"wp:attachment":[{"href":"https:\/\/idealpesca.com\/loja\/wp-json\/wp\/v2\/media?parent=307"}],"wp:term":[{"taxonomy":"product_brand","embeddable":true,"href":"https:\/\/idealpesca.com\/loja\/wp-json\/wp\/v2\/product_brand?post=307"},{"taxonomy":"product_cat","embeddable":true,"href":"https:\/\/idealpesca.com\/loja\/wp-json\/wp\/v2\/product_cat?post=307"},{"taxonomy":"product_tag","embeddable":true,"href":"https:\/\/idealpesca.com\/loja\/wp-json\/wp\/v2\/product_tag?post=307"}],"curies":[{"name":"wp","href":"https:\/\/api.w.org\/{rel}","templated":true}]}}