{"id":285,"date":"2026-03-20T12:13:16","date_gmt":"2026-03-20T12:13:16","guid":{"rendered":"https:\/\/idealpesca.com\/loja\/produto\/xorus-patchinko-100\/"},"modified":"2026-03-20T23:58:56","modified_gmt":"2026-03-20T23:58:56","slug":"xorus-patchinko-100","status":"publish","type":"product","link":"https:\/\/idealpesca.com\/loja\/produto\/xorus-patchinko-100\/","title":{"rendered":"XORUS PATCHINKO 100"},"content":{"rendered":"<h2>Detalhes:<\/h2>\n<table class=\"product-attributes\">\n<tr>\n<td>\n<p>Comprimento (mm)<\/p>\n<\/td>\n<td>\n<p><strong>100<\/strong><\/p>\n<\/td>\n<\/tr>\n<tr>\n<td>\n<p>Peso (gr)<\/p>\n<\/td>\n<td>\n<p><strong>11<\/strong><\/p>\n<\/td>\n<\/tr>\n<tr>\n<td>\n<p>Ac\u00e7\u00e3o<\/p>\n<\/td>\n<td>\n<p><strong>Flutuante<\/strong><\/p>\n<\/td>\n<\/tr>\n<tr>\n<td>\n<p>Ruido<\/p>\n<\/td>\n<td>Sim<\/td>\n<\/tr>\n<tr>\n<td>\n<p>Anz\u00f3is<\/p>\n<\/td>\n<td>\n<p><strong>Triplos<\/strong><\/p>\n<\/td>\n<\/tr>\n<\/table>\n","protected":false},"excerpt":{"rendered":"<p>Detalhes: Comprimento (mm) 100 Peso (gr) 11 Ac\u00e7\u00e3o Flutuante Ruido Sim Anz\u00f3is Triplos<\/p>\n","protected":false},"featured_media":2974,"comment_status":"open","ping_status":"closed","template":"","meta":[],"product_brand":[],"product_cat":[50,211],"product_tag":[],"class_list":{"0":"post-285","1":"product","2":"type-product","3":"status-publish","4":"has-post-thumbnail","6":"product_cat-030300-superficie-passeantes-poppers","7":"product_cat-030308-xorus","9":"first","10":"instock","11":"taxable","12":"shipping-taxable","13":"purchasable","14":"product-type-variable"},"_links":{"self":[{"href":"https:\/\/idealpesca.com\/loja\/wp-json\/wp\/v2\/product\/285","targetHints":{"allow":["GET"]}}],"collection":[{"href":"https:\/\/idealpesca.com\/loja\/wp-json\/wp\/v2\/product"}],"about":[{"href":"https:\/\/idealpesca.com\/loja\/wp-json\/wp\/v2\/types\/product"}],"replies":[{"embeddable":true,"href":"https:\/\/idealpesca.com\/loja\/wp-json\/wp\/v2\/comments?post=285"}],"wp:featuredmedia":[{"embeddable":true,"href":"https:\/\/idealpesca.com\/loja\/wp-json\/wp\/v2\/media\/2974"}],"wp:attachment":[{"href":"https:\/\/idealpesca.com\/loja\/wp-json\/wp\/v2\/media?parent=285"}],"wp:term":[{"taxonomy":"product_brand","embeddable":true,"href":"https:\/\/idealpesca.com\/loja\/wp-json\/wp\/v2\/product_brand?post=285"},{"taxonomy":"product_cat","embeddable":true,"href":"https:\/\/idealpesca.com\/loja\/wp-json\/wp\/v2\/product_cat?post=285"},{"taxonomy":"product_tag","embeddable":true,"href":"https:\/\/idealpesca.com\/loja\/wp-json\/wp\/v2\/product_tag?post=285"}],"curies":[{"name":"wp","href":"https:\/\/api.w.org\/{rel}","templated":true}]}}