{"id":278,"date":"2026-03-20T12:13:13","date_gmt":"2026-03-20T12:13:13","guid":{"rendered":"https:\/\/idealpesca.com\/loja\/produto\/storm-arashi-top-walker\/"},"modified":"2026-03-20T23:57:46","modified_gmt":"2026-03-20T23:57:46","slug":"storm-arashi-top-walker","status":"publish","type":"product","link":"https:\/\/idealpesca.com\/loja\/produto\/storm-arashi-top-walker\/","title":{"rendered":"STORM ARASHI TOP WALKER"},"content":{"rendered":"<p><span style=\"font-size: large;color: #000000\"><strong>&#8211; AMOSTRA DE SUPERF\u00cdCIE IDEAL PARA ANIMA\u00c7\u00c3O WALKING THE DOG<\/strong><\/span><\/p>\n<p><span style=\"font-size: large;color: #000000\"><strong>&#8211; 11 CM.<\/strong><\/span><\/p>\n<p><span style=\"font-size: large;color: #000000\"><strong>&#8211; 22 GRAMAS<\/strong><\/span><\/p>\n","protected":false},"excerpt":{"rendered":"<p>&#8211; AMOSTRA DE SUPERF\u00cdCIE IDEAL PARA ANIMA\u00c7\u00c3O WALKING THE DOG &#8211; 11 CM. &#8211; 22 GRAMAS<\/p>\n","protected":false},"featured_media":2965,"comment_status":"open","ping_status":"closed","template":"","meta":[],"product_brand":[],"product_cat":[50,284,517],"product_tag":[],"class_list":{"0":"post-278","1":"product","2":"type-product","3":"status-publish","4":"has-post-thumbnail","6":"product_cat-030300-superficie-passeantes-poppers","7":"product_cat-030305-storm","8":"product_cat-ideal-pesca","10":"first","11":"instock","12":"taxable","13":"shipping-taxable","14":"purchasable","15":"product-type-variable"},"_links":{"self":[{"href":"https:\/\/idealpesca.com\/loja\/wp-json\/wp\/v2\/product\/278","targetHints":{"allow":["GET"]}}],"collection":[{"href":"https:\/\/idealpesca.com\/loja\/wp-json\/wp\/v2\/product"}],"about":[{"href":"https:\/\/idealpesca.com\/loja\/wp-json\/wp\/v2\/types\/product"}],"replies":[{"embeddable":true,"href":"https:\/\/idealpesca.com\/loja\/wp-json\/wp\/v2\/comments?post=278"}],"wp:featuredmedia":[{"embeddable":true,"href":"https:\/\/idealpesca.com\/loja\/wp-json\/wp\/v2\/media\/2965"}],"wp:attachment":[{"href":"https:\/\/idealpesca.com\/loja\/wp-json\/wp\/v2\/media?parent=278"}],"wp:term":[{"taxonomy":"product_brand","embeddable":true,"href":"https:\/\/idealpesca.com\/loja\/wp-json\/wp\/v2\/product_brand?post=278"},{"taxonomy":"product_cat","embeddable":true,"href":"https:\/\/idealpesca.com\/loja\/wp-json\/wp\/v2\/product_cat?post=278"},{"taxonomy":"product_tag","embeddable":true,"href":"https:\/\/idealpesca.com\/loja\/wp-json\/wp\/v2\/product_tag?post=278"}],"curies":[{"name":"wp","href":"https:\/\/api.w.org\/{rel}","templated":true}]}}