{"id":269,"date":"2026-03-20T12:13:12","date_gmt":"2026-03-20T12:13:12","guid":{"rendered":"https:\/\/idealpesca.com\/loja\/produto\/bones-daiwa\/"},"modified":"2026-03-20T23:43:31","modified_gmt":"2026-03-20T23:43:31","slug":"bones-daiwa","status":"publish","type":"product","link":"https:\/\/idealpesca.com\/loja\/produto\/bones-daiwa\/","title":{"rendered":"BON\u00c9S DAIWA"},"content":{"rendered":"<div class=\"product-desc\">\n<p>\u00a0<\/p>\n<table class=\"table bordered js-pswp-gallery\">\n<tr>\n<th>Cor<\/th>\n<th>Bon\u00e9 trucker Preto \/<br \/>Logo Branco<\/th>\n<th>Bon\u00e9 trucker Preto \/<br \/>Logo Vermelho<\/th>\n<th>Bon\u00e9 trucker Kaki \/<br \/>Logo Preto<\/th>\n<th>Bon\u00e9 Preto \/ Vermelho<\/th>\n<th>Bon\u00e9 Preto<\/th>\n<th>Bon\u00e9 Azul marinho<\/th>\n<th><span class=\"new\">N<\/span><br \/>Bon\u00e9 acolchoado e malha<br \/>vermelho e preto<\/th>\n<th><span class=\"new\">N<\/span><br \/>Bon\u00e9 acolchoado e malha<br \/>branco e preto<\/th>\n<th><span class=\"new\">N<\/span><br \/>Bon\u00e9 acolchoado e malha<br \/>branco e azul<\/th>\n<th>N<br \/>Bon\u00e9 malha vermelho<\/th>\n<th>N<br \/>Bon\u00e9 malha preto<\/th>\n<th>N<br \/>Bon\u00e9 malha azul<\/th>\n<\/tr>\n<\/table>\n<\/div>\n<div class=\"row\">\u00a0<\/div>\n<div class=\"polymorphic-table product-table\">\u00a0<\/div>\n","protected":false},"excerpt":{"rendered":"<p>\u00a0 Cor Bon\u00e9 trucker Preto \/Logo Branco Bon\u00e9 trucker Preto \/Logo Vermelho Bon\u00e9 trucker Kaki \/Logo Preto Bon\u00e9 Preto \/ Vermelho Bon\u00e9 Preto Bon\u00e9 Azul marinho NBon\u00e9 acolchoado e malhavermelho e preto NBon\u00e9 acolchoado e malhabranco e preto NBon\u00e9 acolchoado e malhabranco e azul NBon\u00e9 malha vermelho NBon\u00e9 malha preto NBon\u00e9 malha azul \u00a0 \u00a0<\/p>\n","protected":false},"featured_media":2947,"comment_status":"open","ping_status":"closed","template":"","meta":[],"product_brand":[],"product_cat":[60],"product_tag":[],"class_list":{"0":"post-269","1":"product","2":"type-product","3":"status-publish","4":"has-post-thumbnail","6":"product_cat-100104-bones-buffs-e-gorros","8":"first","9":"instock","10":"taxable","11":"shipping-taxable","12":"purchasable","13":"product-type-variable"},"_links":{"self":[{"href":"https:\/\/idealpesca.com\/loja\/wp-json\/wp\/v2\/product\/269","targetHints":{"allow":["GET"]}}],"collection":[{"href":"https:\/\/idealpesca.com\/loja\/wp-json\/wp\/v2\/product"}],"about":[{"href":"https:\/\/idealpesca.com\/loja\/wp-json\/wp\/v2\/types\/product"}],"replies":[{"embeddable":true,"href":"https:\/\/idealpesca.com\/loja\/wp-json\/wp\/v2\/comments?post=269"}],"wp:featuredmedia":[{"embeddable":true,"href":"https:\/\/idealpesca.com\/loja\/wp-json\/wp\/v2\/media\/2947"}],"wp:attachment":[{"href":"https:\/\/idealpesca.com\/loja\/wp-json\/wp\/v2\/media?parent=269"}],"wp:term":[{"taxonomy":"product_brand","embeddable":true,"href":"https:\/\/idealpesca.com\/loja\/wp-json\/wp\/v2\/product_brand?post=269"},{"taxonomy":"product_cat","embeddable":true,"href":"https:\/\/idealpesca.com\/loja\/wp-json\/wp\/v2\/product_cat?post=269"},{"taxonomy":"product_tag","embeddable":true,"href":"https:\/\/idealpesca.com\/loja\/wp-json\/wp\/v2\/product_tag?post=269"}],"curies":[{"name":"wp","href":"https:\/\/api.w.org\/{rel}","templated":true}]}}