{"id":268,"date":"2026-03-20T12:13:12","date_gmt":"2026-03-20T12:13:12","guid":{"rendered":"https:\/\/idealpesca.com\/loja\/produto\/cinnetic-sky-line-150-mt\/"},"modified":"2026-03-20T23:53:27","modified_gmt":"2026-03-20T23:53:27","slug":"cinnetic-sky-line-150-mt","status":"publish","type":"product","link":"https:\/\/idealpesca.com\/loja\/produto\/cinnetic-sky-line-150-mt\/","title":{"rendered":"Linha CINNETIC SKY LINE 150 MT. tranparente"},"content":{"rendered":"<p><span style=\"font-size: large;color: #000000\"><strong>&#8211; BOBINES DE 150 METROS<\/strong><\/span><\/p>\n<p><span style=\"font-size: large;color: #000000\"><strong>&#8211; ELEVADA RESIST\u00caNCIA AO N\u00d3 E ABRAS\u00c3O<\/strong><\/span><\/p>\n<p><span style=\"font-size: large;color: #000000\"><strong>&#8211; IDEAL PARA MONTAGENS E ESTRALHOS<\/strong><\/span><\/p>\n","protected":false},"excerpt":{"rendered":"<p>&#8211; BOBINES DE 150 METROS &#8211; ELEVADA RESIST\u00caNCIA AO N\u00d3 E ABRAS\u00c3O &#8211; IDEAL PARA MONTAGENS E ESTRALHOS<\/p>\n","protected":false},"featured_media":2946,"comment_status":"open","ping_status":"closed","template":"","meta":[],"product_brand":[],"product_cat":[298,308,517],"product_tag":[],"class_list":{"0":"post-268","1":"product","2":"type-product","3":"status-publish","4":"has-post-thumbnail","6":"product_cat-060100-monofilamento-nylon-50-a-150-metros","7":"product_cat-060103-cinnetic","8":"product_cat-ideal-pesca","10":"first","11":"instock","12":"taxable","13":"shipping-taxable","14":"purchasable","15":"product-type-variable"},"_links":{"self":[{"href":"https:\/\/idealpesca.com\/loja\/wp-json\/wp\/v2\/product\/268","targetHints":{"allow":["GET"]}}],"collection":[{"href":"https:\/\/idealpesca.com\/loja\/wp-json\/wp\/v2\/product"}],"about":[{"href":"https:\/\/idealpesca.com\/loja\/wp-json\/wp\/v2\/types\/product"}],"replies":[{"embeddable":true,"href":"https:\/\/idealpesca.com\/loja\/wp-json\/wp\/v2\/comments?post=268"}],"wp:featuredmedia":[{"embeddable":true,"href":"https:\/\/idealpesca.com\/loja\/wp-json\/wp\/v2\/media\/2946"}],"wp:attachment":[{"href":"https:\/\/idealpesca.com\/loja\/wp-json\/wp\/v2\/media?parent=268"}],"wp:term":[{"taxonomy":"product_brand","embeddable":true,"href":"https:\/\/idealpesca.com\/loja\/wp-json\/wp\/v2\/product_brand?post=268"},{"taxonomy":"product_cat","embeddable":true,"href":"https:\/\/idealpesca.com\/loja\/wp-json\/wp\/v2\/product_cat?post=268"},{"taxonomy":"product_tag","embeddable":true,"href":"https:\/\/idealpesca.com\/loja\/wp-json\/wp\/v2\/product_tag?post=268"}],"curies":[{"name":"wp","href":"https:\/\/api.w.org\/{rel}","templated":true}]}}