{"id":2623,"date":"2026-03-20T12:25:48","date_gmt":"2026-03-20T12:25:48","guid":{"rendered":"https:\/\/idealpesca.com\/loja\/produto\/caixa-plano-3700-1-3-waterproof\/"},"modified":"2026-04-17T18:04:42","modified_gmt":"2026-04-17T17:04:42","slug":"caixa-plano-3700-1-3-waterproof","status":"publish","type":"product","link":"https:\/\/idealpesca.com\/loja\/produto\/caixa-plano-3700-1-3-waterproof\/","title":{"rendered":"CAIXA PLANO 3700 1-3 waterproof"},"content":{"rendered":"<p>&#8211; Dimens\u00f5es exteriores:\u00a0 35.56cm x 22.86cm x 7.3 cm;<\/p>\n<p>&#8211; PERMITE GUARDAR , amostras , destorcedores, clips, anzois<\/p>\n<p>&#8211; Triplo fecho com borracha vedante para o material ficar seco dentro da caixa<\/p>\n<table class=\"tablepress tablepress-id-92 tablepress-responsive tablepress-responsive-tablet\">\n<tr>\n<th>SKU<\/th>\n<th>MODEL<\/th>\n<th>INTERNAL DIMENSIONS (CM)<\/th>\n<th>EXTERNAL DIMENSIONS (CM)<\/th>\n<\/tr>\n<tr>\n<td>993716<\/td>\n<td>3741-10<\/td>\n<td>\u00a0<\/td>\n<td>35.56L x 22.86W x 7.3H<\/td>\n<\/tr>\n<\/table>\n","protected":false},"excerpt":{"rendered":"<p>&#8211; CAIXA ampla e \u00e1 prova de \u00e1gua, pode ser dividida em 3 espa\u00e7os ou ficar toda ampla<br \/>\nQUALIDADE PLANO<\/p>\n","protected":false},"featured_media":5769,"comment_status":"open","ping_status":"closed","template":"","meta":[],"product_brand":[],"product_cat":[374],"product_tag":[],"class_list":{"0":"post-2623","1":"product","2":"type-product","3":"status-publish","4":"has-post-thumbnail","6":"product_cat-140000-caixas-de-plastico-para-acessorios","8":"first","9":"outofstock","10":"taxable","11":"shipping-taxable","12":"purchasable","13":"product-type-simple"},"_links":{"self":[{"href":"https:\/\/idealpesca.com\/loja\/wp-json\/wp\/v2\/product\/2623","targetHints":{"allow":["GET"]}}],"collection":[{"href":"https:\/\/idealpesca.com\/loja\/wp-json\/wp\/v2\/product"}],"about":[{"href":"https:\/\/idealpesca.com\/loja\/wp-json\/wp\/v2\/types\/product"}],"replies":[{"embeddable":true,"href":"https:\/\/idealpesca.com\/loja\/wp-json\/wp\/v2\/comments?post=2623"}],"wp:featuredmedia":[{"embeddable":true,"href":"https:\/\/idealpesca.com\/loja\/wp-json\/wp\/v2\/media\/5769"}],"wp:attachment":[{"href":"https:\/\/idealpesca.com\/loja\/wp-json\/wp\/v2\/media?parent=2623"}],"wp:term":[{"taxonomy":"product_brand","embeddable":true,"href":"https:\/\/idealpesca.com\/loja\/wp-json\/wp\/v2\/product_brand?post=2623"},{"taxonomy":"product_cat","embeddable":true,"href":"https:\/\/idealpesca.com\/loja\/wp-json\/wp\/v2\/product_cat?post=2623"},{"taxonomy":"product_tag","embeddable":true,"href":"https:\/\/idealpesca.com\/loja\/wp-json\/wp\/v2\/product_tag?post=2623"}],"curies":[{"name":"wp","href":"https:\/\/api.w.org\/{rel}","templated":true}]}}