{"id":2621,"date":"2026-03-20T12:25:47","date_gmt":"2026-03-20T12:25:47","guid":{"rendered":"https:\/\/idealpesca.com\/loja\/produto\/caixa-plano-3600-deep-4-9\/"},"modified":"2026-04-17T18:04:45","modified_gmt":"2026-04-17T17:04:45","slug":"caixa-plano-3600-deep-4-9-2","status":"publish","type":"product","link":"https:\/\/idealpesca.com\/loja\/produto\/caixa-plano-3600-deep-4-9-2\/","title":{"rendered":"CAIXA PLANO 3600 DEEP 4-9"},"content":{"rendered":"<p>&#8211; Dimens\u00f5es exteriores:\u00a0 27.94cm x 18.42cm x 6.99 cm;<\/p>\n<p>&#8211; PERMITE GUARDAR , amostras at\u00e9 8 cms, destorcedores, clips, anzois<\/p>\n<table class=\"tablepress tablepress-id-92 tablepress-responsive tablepress-responsive-tablet\">\n<tr>\n<th>SKU<\/th>\n<th>MODEL<\/th>\n<th>INTERNAL DIMENSIONS (CM)<\/th>\n<th>EXTERNAL DIMENSIONS (CM)<\/th>\n<\/tr>\n<tr>\n<td>993707<\/td>\n<td>3600 4-9<\/td>\n<td>\u00a0<\/td>\n<td>27.94L x 18.42W x 6.99H<\/td>\n<\/tr>\n<\/table>\n","protected":false},"excerpt":{"rendered":"<p>&#8211; CAIXA indicada para diversos artigos, vers\u00e3o 3600 com mais altura , tem 3 espa\u00e7os que podem ser divididos ainda em variadas posi\u00e7\u00f5es,<br \/>\npodendo reduzir o comprimento do espa\u00e7o para colocar destorcedores, anzois, vinis mais pequenos.<br \/>\nQUALIDADE PLANO<\/p>\n","protected":false},"featured_media":5767,"comment_status":"open","ping_status":"closed","template":"","meta":[],"product_brand":[],"product_cat":[374],"product_tag":[],"class_list":{"0":"post-2621","1":"product","2":"type-product","3":"status-publish","4":"has-post-thumbnail","6":"product_cat-140000-caixas-de-plastico-para-acessorios","8":"first","9":"outofstock","10":"taxable","11":"shipping-taxable","12":"purchasable","13":"product-type-simple"},"_links":{"self":[{"href":"https:\/\/idealpesca.com\/loja\/wp-json\/wp\/v2\/product\/2621","targetHints":{"allow":["GET"]}}],"collection":[{"href":"https:\/\/idealpesca.com\/loja\/wp-json\/wp\/v2\/product"}],"about":[{"href":"https:\/\/idealpesca.com\/loja\/wp-json\/wp\/v2\/types\/product"}],"replies":[{"embeddable":true,"href":"https:\/\/idealpesca.com\/loja\/wp-json\/wp\/v2\/comments?post=2621"}],"wp:featuredmedia":[{"embeddable":true,"href":"https:\/\/idealpesca.com\/loja\/wp-json\/wp\/v2\/media\/5767"}],"wp:attachment":[{"href":"https:\/\/idealpesca.com\/loja\/wp-json\/wp\/v2\/media?parent=2621"}],"wp:term":[{"taxonomy":"product_brand","embeddable":true,"href":"https:\/\/idealpesca.com\/loja\/wp-json\/wp\/v2\/product_brand?post=2621"},{"taxonomy":"product_cat","embeddable":true,"href":"https:\/\/idealpesca.com\/loja\/wp-json\/wp\/v2\/product_cat?post=2621"},{"taxonomy":"product_tag","embeddable":true,"href":"https:\/\/idealpesca.com\/loja\/wp-json\/wp\/v2\/product_tag?post=2621"}],"curies":[{"name":"wp","href":"https:\/\/api.w.org\/{rel}","templated":true}]}}