{"id":26158,"date":"2026-05-05T08:36:20","date_gmt":"2026-05-05T07:36:20","guid":{"rendered":"https:\/\/idealpesca.com\/loja\/produto\/cana-daiwa-liberty-tele-450-33\/"},"modified":"2026-05-14T17:17:30","modified_gmt":"2026-05-14T16:17:30","slug":"cana-daiwa-liberty-tele-450-33","status":"publish","type":"product","link":"https:\/\/idealpesca.com\/loja\/produto\/cana-daiwa-liberty-tele-450-33\/","title":{"rendered":"Cana DAIWA LIBERTY TELE 450-33"},"content":{"rendered":"<p><span style=\"font-size: 1rem\">A cana Liberty Tele Surf\u00a0 responde as necessidades essenciais dos pescadores exigentes em surfcasting gra\u00e7as as canas telesc\u00f3picas de 4.20 a 4.50 m de gramagens 100-200 gr que cobrem as principais utiliza\u00e7\u00f5es. Estas canas de surf casting beneficiam de uma a\u00e7\u00e3o de ponta sens\u00edvel. Os seus elementos telesc\u00f3picos permitem a montagem como a desmontagem r\u00e1pidas e pr\u00e1ticas.<\/span><\/p>\n<ul class=\"product-specifications\">\n<li>Blank carbono Alto M\u00f3dulo<\/li>\n<li>Telesc\u00f3pica<\/li>\n<li>Passadores Fuji\u00a0<\/li>\n<li>Porta-carreto Fuji tubular com rosca<\/li>\n<li>Pega ergonomica no elemento base<\/li>\n<li>Prote\u00e7\u00e3o met\u00e1lica com extremidade antichoque<\/li>\n<li>Carreto recomendado : Tamanho 5000 tipo Surf em bobina do tamanho 35 ou 45.<\/li>\n<\/ul>\n<p>\u00a0<\/p>\n<section class=\"product-single rod\">\n<div class=\"layout-wrapper page-content\">\n<div class=\"product-content-next\">\n<div class=\"product-content-next-inner\">\n<div class=\"polymorphic-table product-table\">\n<div class=\"polymorphic-table-inner\">\n<table class=\"table bordered js-pswp-gallery\" style=\"width: 84.7064%\">\n<thead>\n<tr>\n<th style=\"width: 16.1406%\">Refer\u00eancia<\/th>\n<th style=\"width: 20.5473%\">Comprimento<\/th>\n<th style=\"width: 13.758%\">Elementos<\/th>\n<th style=\"width: 16.8153%\">Desmontada<\/th>\n<th style=\"width: 6.6242%\">Peso<\/th>\n<th style=\"width: 14.6072%\">Passadores<\/th>\n<th style=\"width: 11.5499%\">Pot\u00eancia<\/th>\n<\/tr>\n<\/thead>\n<tbody>\n<tr>\n<td style=\"width: 16.1406%\">LTS45033TE-AE<\/td>\n<td style=\"width: 20.5473%\">4,50m<\/td>\n<td style=\"width: 13.758%\">5<\/td>\n<td style=\"width: 16.8153%\">106cm<\/td>\n<td style=\"width: 6.6242%\">525g<\/td>\n<td style=\"width: 14.6072%\">6<\/td>\n<td style=\"width: 11.5499%\">100-200g<\/td>\n<\/tr>\n<\/tbody>\n<\/table>\n<\/div>\n<\/div>\n<\/div>\n<\/div>\n<\/div>\n<\/section>\n","protected":false},"excerpt":{"rendered":"<p>Cana leve  e potente para lan\u00e7amentos longos<br \/>\nacabamentos de qualidade<\/p>\n","protected":false},"featured_media":29444,"comment_status":"open","ping_status":"closed","template":"","meta":[],"product_brand":[],"product_cat":[566,581],"product_tag":[],"class_list":{"0":"post-26158","1":"product","2":"type-product","3":"status-publish","4":"has-post-thumbnail","6":"product_cat-010500-telescopicas-surf","7":"product_cat-010503-daiwa","9":"first","10":"instock","11":"taxable","12":"shipping-taxable","13":"purchasable","14":"product-type-variable"},"_links":{"self":[{"href":"https:\/\/idealpesca.com\/loja\/wp-json\/wp\/v2\/product\/26158","targetHints":{"allow":["GET"]}}],"collection":[{"href":"https:\/\/idealpesca.com\/loja\/wp-json\/wp\/v2\/product"}],"about":[{"href":"https:\/\/idealpesca.com\/loja\/wp-json\/wp\/v2\/types\/product"}],"replies":[{"embeddable":true,"href":"https:\/\/idealpesca.com\/loja\/wp-json\/wp\/v2\/comments?post=26158"}],"wp:featuredmedia":[{"embeddable":true,"href":"https:\/\/idealpesca.com\/loja\/wp-json\/wp\/v2\/media\/29444"}],"wp:attachment":[{"href":"https:\/\/idealpesca.com\/loja\/wp-json\/wp\/v2\/media?parent=26158"}],"wp:term":[{"taxonomy":"product_brand","embeddable":true,"href":"https:\/\/idealpesca.com\/loja\/wp-json\/wp\/v2\/product_brand?post=26158"},{"taxonomy":"product_cat","embeddable":true,"href":"https:\/\/idealpesca.com\/loja\/wp-json\/wp\/v2\/product_cat?post=26158"},{"taxonomy":"product_tag","embeddable":true,"href":"https:\/\/idealpesca.com\/loja\/wp-json\/wp\/v2\/product_tag?post=26158"}],"curies":[{"name":"wp","href":"https:\/\/api.w.org\/{rel}","templated":true}]}}