{"id":26063,"date":"2026-03-13T18:28:34","date_gmt":"2026-03-13T18:28:34","guid":{"rendered":"https:\/\/idealpesca.com\/loja\/produto\/cana-barros-arquicos-5-00mtrs\/"},"modified":"2026-05-14T17:17:30","modified_gmt":"2026-05-14T16:17:30","slug":"cana-barros-arquicos-5-00mtrs","status":"publish","type":"product","link":"https:\/\/idealpesca.com\/loja\/produto\/cana-barros-arquicos-5-00mtrs\/","title":{"rendered":"CANA Barros ARQUI\u00c7OS 5.00MTRS"},"content":{"rendered":"<p>Cana em carbono, refor\u00e7ada com X-Carbon Yarn, montada com passadores WM antichoque e porta carretos DPS-ZS. Esta cana de 5 sec\u00e7\u00f5es, como tem 5.00m de comprimento, \u00e9 uma excelente op\u00e7\u00e3o para quem pesca em fal\u00e9sias altas, com chumbada ou com boias pesadas. A ARQUI\u00c7OS tem capacidade para lan\u00e7ar at\u00e9 200g.<\/p>\n<p>\u00a0<\/p>\n<p>ARQUI\u00c7OS<\/p>\n<ul>\n<li>Comprimento: 5.00m<\/li>\n<li>Comprimento fechada: 1.35m<\/li>\n<li>Sec\u00e7\u00f5es: 5<\/li>\n<li>Peso: 560g<\/li>\n<li>A\u00e7\u00e3o: M\u00e1ximo 200g (melhor desempenho: 100-140g)<\/li>\n<\/ul>\n","protected":false},"excerpt":{"rendered":"<p>ARQUI\u00c7OS 505<\/p>\n<p>    Comprimento: 4.50m<br \/>\n    Comprimento fechada: 1.25m<br \/>\n    Sec\u00e7\u00f5es: 4<br \/>\n    Peso: 495g<br \/>\n    A\u00e7\u00e3o: M\u00e1ximo 250g (melhor desempenho: 100-150g)<\/p>\n","protected":false},"featured_media":29542,"comment_status":"open","ping_status":"closed","template":"","meta":[],"product_brand":[],"product_cat":[556,109,566,520],"product_tag":[],"class_list":{"0":"post-26063","1":"product","2":"type-product","3":"status-publish","4":"has-post-thumbnail","6":"product_cat-010400-boia-e-chumbadinha","7":"product_cat-010402-barros","8":"product_cat-010500-telescopicas-surf","9":"product_cat-010501-barros","11":"first","12":"instock","13":"taxable","14":"shipping-taxable","15":"purchasable","16":"product-type-variable"},"_links":{"self":[{"href":"https:\/\/idealpesca.com\/loja\/wp-json\/wp\/v2\/product\/26063","targetHints":{"allow":["GET"]}}],"collection":[{"href":"https:\/\/idealpesca.com\/loja\/wp-json\/wp\/v2\/product"}],"about":[{"href":"https:\/\/idealpesca.com\/loja\/wp-json\/wp\/v2\/types\/product"}],"replies":[{"embeddable":true,"href":"https:\/\/idealpesca.com\/loja\/wp-json\/wp\/v2\/comments?post=26063"}],"wp:featuredmedia":[{"embeddable":true,"href":"https:\/\/idealpesca.com\/loja\/wp-json\/wp\/v2\/media\/29542"}],"wp:attachment":[{"href":"https:\/\/idealpesca.com\/loja\/wp-json\/wp\/v2\/media?parent=26063"}],"wp:term":[{"taxonomy":"product_brand","embeddable":true,"href":"https:\/\/idealpesca.com\/loja\/wp-json\/wp\/v2\/product_brand?post=26063"},{"taxonomy":"product_cat","embeddable":true,"href":"https:\/\/idealpesca.com\/loja\/wp-json\/wp\/v2\/product_cat?post=26063"},{"taxonomy":"product_tag","embeddable":true,"href":"https:\/\/idealpesca.com\/loja\/wp-json\/wp\/v2\/product_tag?post=26063"}],"curies":[{"name":"wp","href":"https:\/\/api.w.org\/{rel}","templated":true}]}}