{"id":2589,"date":"2026-03-20T12:25:35","date_gmt":"2026-03-20T12:25:35","guid":{"rendered":"https:\/\/idealpesca.com\/loja\/produto\/cana-tubertini-genetic-competition-4-20mtrs\/"},"modified":"2026-03-20T23:49:18","modified_gmt":"2026-03-20T23:49:18","slug":"cana-tubertini-genetic-competition-4-20mtrs","status":"publish","type":"product","link":"https:\/\/idealpesca.com\/loja\/produto\/cana-tubertini-genetic-competition-4-20mtrs\/","title":{"rendered":"Cana TUBERTINI Genetic competition 4.20mtrs"},"content":{"rendered":"<p><span style=\"color: #000000;font-size: large\"><strong>-Tamanho: 4.20 mt.; <\/strong><\/span><\/p>\n<p><span style=\"color: #000000;font-size: large\"><strong>-Ac\u00e7\u00e3o: 200<\/strong><\/span><span style=\"color: #000000;font-size: large\"><strong> a 400 gr. de chumbada para pescar fundeado; <\/strong><\/span><\/p>\n<p><span style=\"color: #000000;font-size: large\"><strong>-Elementos: 2\u00a0 elementos interm\u00e9dios com a\u00e7\u00e3o light ou strong ,\u00a0 3 ponteiras com a\u00e7\u00f5es diferentes ap flex ; mais\u00a0 o 3 \u00ba elemento e o cabo.<\/strong><\/span><\/p>\n<p><span style=\"color: #000000;font-size: large\"><strong>-Carbono: Carbono de alto m\u00f3dulo; <\/strong><\/span><\/p>\n<p><span style=\"color: #000000;font-size: large\"><strong>-Passadores: seaguide titanio zirconia; <\/strong><\/span><\/p>\n<p><span style=\"color: #000000;font-size: large\"><strong>-Porta-carretos: Fuji ns7 smoke; <\/strong><\/span><\/p>\n<p><span style=\"color: #000000;font-size: large\"><strong>Observa\u00e7\u00f5es: Provavelmente esta ser\u00e1 a cana do ano para a embarcada. A Genetic competition foi desenhada com a participa\u00e7\u00e3o daquele que \u00e9 considerado como o melhor pescador do mundo em pesca de competi\u00e7\u00e3o embarcada e que \u00e9 tamb\u00e9m o actual campe\u00e3o do Mundo, Marco Volpi. A Genetic competition \u00e9 leve, potente, sens\u00edvel, esta cana \u00e9 um sonho tornado realidade a um pre\u00e7o sem igual no mundo da pesca embarcada. Uma cana para quem quer o melhor.<\/strong><\/span><\/p>\n","protected":false},"excerpt":{"rendered":"<p>Uma cana de alt\u00edssima qualidade&#8230;<br \/>\nModelo desenhado para a pesca embarcada<\/p>\n","protected":false},"featured_media":5754,"comment_status":"open","ping_status":"closed","template":"","meta":[],"product_brand":[],"product_cat":[518,90,43,517],"product_tag":[],"class_list":{"0":"post-2589","1":"product","2":"type-product","3":"status-publish","4":"has-post-thumbnail","6":"product_cat-010300-pesca-embarcada","7":"product_cat-010309-tubertini","8":"product_cat-310000-novidades-gerais","9":"product_cat-ideal-pesca","11":"first","12":"instock","13":"taxable","14":"shipping-taxable","15":"purchasable","16":"product-type-variable"},"_links":{"self":[{"href":"https:\/\/idealpesca.com\/loja\/wp-json\/wp\/v2\/product\/2589","targetHints":{"allow":["GET"]}}],"collection":[{"href":"https:\/\/idealpesca.com\/loja\/wp-json\/wp\/v2\/product"}],"about":[{"href":"https:\/\/idealpesca.com\/loja\/wp-json\/wp\/v2\/types\/product"}],"replies":[{"embeddable":true,"href":"https:\/\/idealpesca.com\/loja\/wp-json\/wp\/v2\/comments?post=2589"}],"wp:featuredmedia":[{"embeddable":true,"href":"https:\/\/idealpesca.com\/loja\/wp-json\/wp\/v2\/media\/5754"}],"wp:attachment":[{"href":"https:\/\/idealpesca.com\/loja\/wp-json\/wp\/v2\/media?parent=2589"}],"wp:term":[{"taxonomy":"product_brand","embeddable":true,"href":"https:\/\/idealpesca.com\/loja\/wp-json\/wp\/v2\/product_brand?post=2589"},{"taxonomy":"product_cat","embeddable":true,"href":"https:\/\/idealpesca.com\/loja\/wp-json\/wp\/v2\/product_cat?post=2589"},{"taxonomy":"product_tag","embeddable":true,"href":"https:\/\/idealpesca.com\/loja\/wp-json\/wp\/v2\/product_tag?post=2589"}],"curies":[{"name":"wp","href":"https:\/\/api.w.org\/{rel}","templated":true}]}}