{"id":2586,"date":"2026-03-20T12:25:33","date_gmt":"2026-03-20T12:25:33","guid":{"rendered":"https:\/\/idealpesca.com\/loja\/produto\/cana-barros-lua-nova-2-70mtr\/"},"modified":"2026-03-20T23:45:54","modified_gmt":"2026-03-20T23:45:54","slug":"cana-barros-lua-nova-2-70mtr","status":"publish","type":"product","link":"https:\/\/idealpesca.com\/loja\/produto\/cana-barros-lua-nova-2-70mtr\/","title":{"rendered":"Cana BARROS LUA NOVA 2.70MTR"},"content":{"rendered":"<p>Cana em carbono, com a\u00e7\u00e3o de ponta 1\/4, equipada com duas ponteiras de fibra maci\u00e7a. A a\u00e7\u00e3o de ponta proporciona ferragens r\u00e1pidas e a flexibilidade no primeiro ter\u00e7o da sec\u00e7\u00e3o n\u00ba2 \u00e9 suficientemente amortecedora para evitar a perda dos peixes. As canas LUA NOVA v\u00eam equipadas com passadores K, porta carretos DNPS. Canas muito vers\u00e1teis, com as quais podemos pescar em mar aberto, ou fundeados em estu\u00e1rios, onde a capacidade de lan\u00e7amento tamb\u00e9m \u00e9 importante.<\/p>\n<p>\u00a0<\/p>\n<p>\u00a0<\/p>\n<table class=\"modelTableBox\">\n<tr>\n<td>\n<table class=\"modelTable modelTableT4\">\n<tr>\n<td>\n<p>LUA NOVA 250<\/p>\n<ul>\n<li>Comprimento: 2.50m<\/li>\n<li>Comprimento fechada: 1.28m<\/li>\n<li>Sec\u00e7\u00f5es: 2+2<\/li>\n<li>Peso: 210g<\/li>\n<li>A\u00e7\u00e3o: M\u00e1ximo 300g (melhor desempenho 100-150g)<\/li>\n<\/ul>\n<\/td>\n<td>\n<p>\u00a0LUA NOVA 270<\/p>\n<ul>\n<li>Comprimento: 2.70m<\/li>\n<li>Comprimento fechada: 1.40m<\/li>\n<li>Sec\u00e7\u00f5es: 2+2<\/li>\n<li>Peso: 230g<\/li>\n<li>A\u00e7\u00e3o: M\u00e1ximo 300g (melhor desempenho 100-150g)<\/li>\n<\/ul>\n<\/td>\n<td>\n<p>LUA NOVA 300<\/p>\n<ul>\n<li>Comprimento: 3.00m<\/li>\n<li>Comprimento fechada: 1.55m<\/li>\n<li>Sec\u00e7\u00f5es: 2+2<\/li>\n<li>Peso: 250g<\/li>\n<li>A\u00e7\u00e3o: M\u00e1ximo 300g (melhor desempenho 100-150g)<\/li>\n<\/ul>\n<\/td>\n<\/tr>\n<\/table>\n<\/td>\n<\/tr>\n<\/table>\n","protected":false},"excerpt":{"rendered":"<p>Cana em carbono, com a\u00e7\u00e3o de ponta 1\/4<br \/>\nDispon\u00edvel em 3 tamanhos<\/p>\n","protected":false},"featured_media":5751,"comment_status":"open","ping_status":"closed","template":"","meta":[],"product_brand":[],"product_cat":[518,88],"product_tag":[],"class_list":{"0":"post-2586","1":"product","2":"type-product","3":"status-publish","4":"has-post-thumbnail","6":"product_cat-010300-pesca-embarcada","7":"product_cat-010301-barros","9":"first","10":"instock","11":"taxable","12":"shipping-taxable","13":"purchasable","14":"product-type-variable"},"_links":{"self":[{"href":"https:\/\/idealpesca.com\/loja\/wp-json\/wp\/v2\/product\/2586","targetHints":{"allow":["GET"]}}],"collection":[{"href":"https:\/\/idealpesca.com\/loja\/wp-json\/wp\/v2\/product"}],"about":[{"href":"https:\/\/idealpesca.com\/loja\/wp-json\/wp\/v2\/types\/product"}],"replies":[{"embeddable":true,"href":"https:\/\/idealpesca.com\/loja\/wp-json\/wp\/v2\/comments?post=2586"}],"wp:featuredmedia":[{"embeddable":true,"href":"https:\/\/idealpesca.com\/loja\/wp-json\/wp\/v2\/media\/5751"}],"wp:attachment":[{"href":"https:\/\/idealpesca.com\/loja\/wp-json\/wp\/v2\/media?parent=2586"}],"wp:term":[{"taxonomy":"product_brand","embeddable":true,"href":"https:\/\/idealpesca.com\/loja\/wp-json\/wp\/v2\/product_brand?post=2586"},{"taxonomy":"product_cat","embeddable":true,"href":"https:\/\/idealpesca.com\/loja\/wp-json\/wp\/v2\/product_cat?post=2586"},{"taxonomy":"product_tag","embeddable":true,"href":"https:\/\/idealpesca.com\/loja\/wp-json\/wp\/v2\/product_tag?post=2586"}],"curies":[{"name":"wp","href":"https:\/\/api.w.org\/{rel}","templated":true}]}}