{"id":25806,"date":"2026-02-02T18:13:44","date_gmt":"2026-02-02T18:13:44","guid":{"rendered":"https:\/\/idealpesca.com\/loja\/produto\/cana-daiwa-megaforce-tele-3-90-mts-xxh\/"},"modified":"2026-05-14T17:17:29","modified_gmt":"2026-05-14T16:17:29","slug":"cana-daiwa-megaforce-tele-3-90-mts-xxh","status":"publish","type":"product","link":"https:\/\/idealpesca.com\/loja\/produto\/cana-daiwa-megaforce-tele-3-90-mts-xxh\/","title":{"rendered":"Cana DAIWA MEGAFORCE TELE 3.90 mts xxh"},"content":{"rendered":"<ul>\n<li>\n<p>As canas Megaforce s\u00e3o compactas quando desmontadas. S\u00e3o ideais para os pescadores itinerantes, pesca de barco e pesca de grandes predadores.<\/p>\n<ul>\n<li>Blank carbono<\/li>\n<li>Telesc\u00f3pica<\/li>\n<li>Passadores SiC<\/li>\n<li>Porta-carreto tubular com rosca ergon\u00f3mico<\/li>\n<li>Pega lisa<\/li>\n<li>A\u00e7\u00e3o de ponta<\/li>\n<li>Prote\u00e7\u00e3o desenrosc\u00e1vel met\u00e1lico na base com extremidade antichoque<\/li>\n<\/ul>\n<\/li>\n<\/ul>\n<p>\u00a0<\/p>\n<section class=\"product-single rod\">\n<div class=\"layout-wrapper page-content\">\n<div class=\"product-content-next\">\n<div class=\"product-content-next-inner\">\n<div class=\"polymorphic-table product-table\">\n<div class=\"polymorphic-table-inner\">\n<table>\n<thead>\n<tr>\n<th>refer\u00eancia<\/th>\n<th>peso<\/th>\n<th>comprimento<\/th>\n<th>num.elementos<\/th>\n<th>desmontada<\/th>\n<th>porta-carreto<\/th>\n<th>tipo de passadores<\/th>\n<th>num. de passadores<\/th>\n<th>pot\u00eancia<\/th>\n<\/tr>\n<\/thead>\n<tbody>\n<tr>\n<td>MF21TMHDF<\/td>\n<td>127g<\/td>\n<td>2,10m<\/td>\n<td>5<\/td>\n<td>57cm<\/td>\n<td>Vis<\/td>\n<td>Oal<\/td>\n<td>5<\/td>\n<td>20-60g<\/td>\n<\/tr>\n<tr>\n<td>MF24TMHDF<\/td>\n<td>139g<\/td>\n<td>2,40m<\/td>\n<td>5<\/td>\n<td>69cm<\/td>\n<td>Vis<\/td>\n<td>Oal<\/td>\n<td>5<\/td>\n<td>30-60g<\/td>\n<\/tr>\n<tr>\n<td>MF27TMHDF<\/td>\n<td>160g<\/td>\n<td>2,70m<\/td>\n<td>5<\/td>\n<td>81cm<\/td>\n<td>Vis<\/td>\n<td>Oal<\/td>\n<td>5<\/td>\n<td>30-60g<\/td>\n<\/tr>\n<tr>\n<td>MF30THDF<\/td>\n<td>203g<\/td>\n<td>3,00m<\/td>\n<td>6<\/td>\n<td>72cm<\/td>\n<td>Vis<\/td>\n<td>Oal<\/td>\n<td>6<\/td>\n<td>40-90g<\/td>\n<\/tr>\n<tr>\n<td>MF30TMHDF<\/td>\n<td>197g<\/td>\n<td>3,00m<\/td>\n<td>6<\/td>\n<td>72cm<\/td>\n<td>Vis<\/td>\n<td>Oal<\/td>\n<td>6<\/td>\n<td>30-60g<\/td>\n<\/tr>\n<tr>\n<td>MF36THDF<\/td>\n<td>300g<\/td>\n<td>3,60m<\/td>\n<td>7<\/td>\n<td>78cm<\/td>\n<td>Vis<\/td>\n<td>Oal<\/td>\n<td>7<\/td>\n<td>40-90g<\/td>\n<\/tr>\n<tr>\n<td>MF36TXHDF<\/td>\n<td>330g<\/td>\n<td>3,60m<\/td>\n<td>7<\/td>\n<td>78cm<\/td>\n<td>Vis<\/td>\n<td>Oal<\/td>\n<td>7<\/td>\n<td>70-150g<\/td>\n<\/tr>\n<tr>\n<td>MF36TXXHDF<\/td>\n<td>355g<\/td>\n<td>3,60m<\/td>\n<td>7<\/td>\n<td>75cm<\/td>\n<td>Vis<\/td>\n<td>Oal<\/td>\n<td>7<\/td>\n<td>100-300g<\/td>\n<\/tr>\n<tr>\n<td>MF39TXHDF<\/td>\n<td>338g<\/td>\n<td>3,90m<\/td>\n<td>7<\/td>\n<td>75cm<\/td>\n<td>Vis<\/td>\n<td>Oal<\/td>\n<td>7<\/td>\n<td>70-150g<\/td>\n<\/tr>\n<tr>\n<td>MF42TXHDF<\/td>\n<td>428g<\/td>\n<td>4,20m<\/td>\n<td>8<\/td>\n<td>79cm<\/td>\n<td>Vis<\/td>\n<td>Oal<\/td>\n<td>8<\/td>\n<td>70-150g<\/td>\n<\/tr>\n<\/tbody>\n<\/table>\n<\/div>\n<\/div>\n<\/div>\n<\/div>\n<\/div>\n<\/section>\n","protected":false},"excerpt":{"rendered":"<p>As canas Megaforce s\u00e3o compactas quando desmontadas. S\u00e3o ideais para os pescadores itinerantes, pesca de barco e pesca de grandes predadores.<\/p>\n","protected":false},"featured_media":29448,"comment_status":"open","ping_status":"closed","template":"","meta":[],"product_brand":[],"product_cat":[566,581],"product_tag":[],"class_list":{"0":"post-25806","1":"product","2":"type-product","3":"status-publish","4":"has-post-thumbnail","6":"product_cat-010500-telescopicas-surf","7":"product_cat-010503-daiwa","9":"first","10":"instock","11":"taxable","12":"shipping-taxable","13":"purchasable","14":"product-type-variable"},"_links":{"self":[{"href":"https:\/\/idealpesca.com\/loja\/wp-json\/wp\/v2\/product\/25806","targetHints":{"allow":["GET"]}}],"collection":[{"href":"https:\/\/idealpesca.com\/loja\/wp-json\/wp\/v2\/product"}],"about":[{"href":"https:\/\/idealpesca.com\/loja\/wp-json\/wp\/v2\/types\/product"}],"replies":[{"embeddable":true,"href":"https:\/\/idealpesca.com\/loja\/wp-json\/wp\/v2\/comments?post=25806"}],"wp:featuredmedia":[{"embeddable":true,"href":"https:\/\/idealpesca.com\/loja\/wp-json\/wp\/v2\/media\/29448"}],"wp:attachment":[{"href":"https:\/\/idealpesca.com\/loja\/wp-json\/wp\/v2\/media?parent=25806"}],"wp:term":[{"taxonomy":"product_brand","embeddable":true,"href":"https:\/\/idealpesca.com\/loja\/wp-json\/wp\/v2\/product_brand?post=25806"},{"taxonomy":"product_cat","embeddable":true,"href":"https:\/\/idealpesca.com\/loja\/wp-json\/wp\/v2\/product_cat?post=25806"},{"taxonomy":"product_tag","embeddable":true,"href":"https:\/\/idealpesca.com\/loja\/wp-json\/wp\/v2\/product_tag?post=25806"}],"curies":[{"name":"wp","href":"https:\/\/api.w.org\/{rel}","templated":true}]}}