{"id":2564,"date":"2026-03-20T12:25:23","date_gmt":"2026-03-20T12:25:23","guid":{"rendered":"https:\/\/idealpesca.com\/loja\/produto\/savage-lrf-mini-sandeel-kit\/"},"modified":"2026-03-20T23:57:05","modified_gmt":"2026-03-20T23:57:05","slug":"savage-lrf-mini-sandeel-kit","status":"publish","type":"product","link":"https:\/\/idealpesca.com\/loja\/produto\/savage-lrf-mini-sandeel-kit\/","title":{"rendered":"SAVAGE LRF MINI SANDEEL KIT"},"content":{"rendered":"<p><strong>&#8211; VINIS COM 5.5 CM.<\/strong><\/p>\n<p><strong>&#8211; PESO CABE\u00c7OTES : 3 GRAMAS\u00a0 N\u00ba8<\/strong><\/p>\n<p><strong>&#8211; BLISTER COM 20 VINIS\u00a0 E 5 CABE\u00c7OTES<\/strong><\/p>\n<p><strong>Esta isca impressionante e \u00fanica \u00e9 uma imita\u00e7\u00e3o de galeota sobrenatural.\u00a0A galeota \u00e9 o lanche favorito de muitos predadores.\u00a0Essas iscas de corpo macio t\u00eam a a\u00e7\u00e3o de nata\u00e7\u00e3o mais fant\u00e1stica.\u00a0A galeota \u00e9 a primeira isca 100% espec\u00edfica para \u00e1gua salgada da Savage Gear, projetada principalmente para a pesca vertical &#8211; mas tamb\u00e9m provou ser mortal como iscas de nata\u00e7\u00e3o e at\u00e9 mesmo para corrico.\u00a0A a\u00e7\u00e3o da nata\u00e7\u00e3o \u00e9 t\u00e3o real;\u00a0Voc\u00ea precisa ver para acreditar nisso!\u00a0Ganchos japoneses de qualidade superior para \u00e1gua salgada em a\u00e7o carbono, para suportar ataques brutais e aterrar grandes predadores.\u00a0Excelente bacalhau, robalo, peixe-carv\u00e3o ou alabote ainda menor.<\/strong><\/p>\n","protected":false},"excerpt":{"rendered":"<p>&#8211; BLISTER COM 20 VINIS E 5 CABE\u00c7OTES<br \/>\n&#8211;<\/p>\n","protected":false},"featured_media":5730,"comment_status":"open","ping_status":"closed","template":"","meta":[],"product_brand":[],"product_cat":[53,130,508,517],"product_tag":[],"class_list":{"0":"post-2564","1":"product","2":"type-product","3":"status-publish","4":"has-post-thumbnail","6":"product_cat-030400-amostras-vinil","7":"product_cat-030412-savage-gear","8":"product_cat-030618-savage-gear","9":"product_cat-ideal-pesca","11":"first","12":"instock","13":"taxable","14":"shipping-taxable","15":"purchasable","16":"product-type-variable"},"_links":{"self":[{"href":"https:\/\/idealpesca.com\/loja\/wp-json\/wp\/v2\/product\/2564","targetHints":{"allow":["GET"]}}],"collection":[{"href":"https:\/\/idealpesca.com\/loja\/wp-json\/wp\/v2\/product"}],"about":[{"href":"https:\/\/idealpesca.com\/loja\/wp-json\/wp\/v2\/types\/product"}],"replies":[{"embeddable":true,"href":"https:\/\/idealpesca.com\/loja\/wp-json\/wp\/v2\/comments?post=2564"}],"wp:featuredmedia":[{"embeddable":true,"href":"https:\/\/idealpesca.com\/loja\/wp-json\/wp\/v2\/media\/5730"}],"wp:attachment":[{"href":"https:\/\/idealpesca.com\/loja\/wp-json\/wp\/v2\/media?parent=2564"}],"wp:term":[{"taxonomy":"product_brand","embeddable":true,"href":"https:\/\/idealpesca.com\/loja\/wp-json\/wp\/v2\/product_brand?post=2564"},{"taxonomy":"product_cat","embeddable":true,"href":"https:\/\/idealpesca.com\/loja\/wp-json\/wp\/v2\/product_cat?post=2564"},{"taxonomy":"product_tag","embeddable":true,"href":"https:\/\/idealpesca.com\/loja\/wp-json\/wp\/v2\/product_tag?post=2564"}],"curies":[{"name":"wp","href":"https:\/\/api.w.org\/{rel}","templated":true}]}}