{"id":25517,"date":"2025-10-28T18:56:09","date_gmt":"2025-10-28T18:56:09","guid":{"rendered":"https:\/\/idealpesca.com\/loja\/produto\/cana-daiwa-harrier-super-light-jigging-1-96mts\/"},"modified":"2026-05-15T19:43:26","modified_gmt":"2026-05-15T18:43:26","slug":"cana-daiwa-harrier-super-light-jigging-1-96mts","status":"publish","type":"product","link":"https:\/\/idealpesca.com\/loja\/produto\/cana-daiwa-harrier-super-light-jigging-1-96mts\/","title":{"rendered":"Cana DAIWA HARRIER Super light jigging 1.96MTS."},"content":{"rendered":"<p>A s\u00e9rie Harrier cobre uma grande parte das pescas verticais de barco.<\/p>\n<p>Na codifica\u00e7\u00e3o encontramos facilmente a utiliza\u00e7\u00e3o de cada refer\u00eancia: &#8220;SLJ&#8221; para Super Light Jigging. &#8220;J&#8221; para Jigging cl\u00e1ssico. &#8220;SJ&#8221; para Slow Jigging. &#8220;JHD&#8221; para Jig Heavy Duty.<\/p>\n<table>\n<thead>\n<tr>\n<th>novo<\/th>\n<th>refer\u00eancia<\/th>\n<th>peso<\/th>\n<th>nome<\/th>\n<th>info<\/th>\n<th>comprimento<\/th>\n<th>num.elementos<\/th>\n<th>desmontada<\/th>\n<th>porta-carreto<\/th>\n<th>tipo de passadores<\/th>\n<th>num. de passadores<\/th>\n<th>pot\u00eancia<\/th>\n<\/tr>\n<\/thead>\n<tbody>\n<tr>\n<td>NEW<\/td>\n<td>HRSLJ652LFSOSBF<\/td>\n<td>91 g<\/td>\n<td>Super light jigging<\/td>\n<td>SPINNING<\/td>\n<td>1,96m<\/td>\n<td>1+1<\/td>\n<td>151 cm<\/td>\n<td>Fuji<\/td>\n<td>Fuji K &#8220;O&#8221; ring<\/td>\n<td>8<\/td>\n<td>15-60g<\/td>\n<\/tr>\n<\/tbody>\n<\/table>\n","protected":false},"excerpt":{"rendered":"<p>Blank em carbono HVF<br \/>\nPassadores Fuji K &#8220;O&#8221; ring<br \/>\nPorta-carreto Fuji<\/p>\n","protected":false},"featured_media":29352,"comment_status":"open","ping_status":"closed","template":"","meta":[],"product_brand":[],"product_cat":[561,552],"product_tag":[],"class_list":{"0":"post-25517","1":"product","2":"type-product","3":"status-publish","4":"has-post-thumbnail","6":"product_cat-010600-jigging-e-trolling","7":"product_cat-010603-daiwa","9":"first","10":"outofstock","11":"taxable","12":"shipping-taxable","13":"purchasable","14":"product-type-variable"},"_links":{"self":[{"href":"https:\/\/idealpesca.com\/loja\/wp-json\/wp\/v2\/product\/25517","targetHints":{"allow":["GET"]}}],"collection":[{"href":"https:\/\/idealpesca.com\/loja\/wp-json\/wp\/v2\/product"}],"about":[{"href":"https:\/\/idealpesca.com\/loja\/wp-json\/wp\/v2\/types\/product"}],"replies":[{"embeddable":true,"href":"https:\/\/idealpesca.com\/loja\/wp-json\/wp\/v2\/comments?post=25517"}],"wp:featuredmedia":[{"embeddable":true,"href":"https:\/\/idealpesca.com\/loja\/wp-json\/wp\/v2\/media\/29352"}],"wp:attachment":[{"href":"https:\/\/idealpesca.com\/loja\/wp-json\/wp\/v2\/media?parent=25517"}],"wp:term":[{"taxonomy":"product_brand","embeddable":true,"href":"https:\/\/idealpesca.com\/loja\/wp-json\/wp\/v2\/product_brand?post=25517"},{"taxonomy":"product_cat","embeddable":true,"href":"https:\/\/idealpesca.com\/loja\/wp-json\/wp\/v2\/product_cat?post=25517"},{"taxonomy":"product_tag","embeddable":true,"href":"https:\/\/idealpesca.com\/loja\/wp-json\/wp\/v2\/product_tag?post=25517"}],"curies":[{"name":"wp","href":"https:\/\/api.w.org\/{rel}","templated":true}]}}