{"id":254,"date":"2026-03-20T12:13:10","date_gmt":"2026-03-20T12:13:10","guid":{"rendered":"https:\/\/idealpesca.com\/loja\/produto\/duel-heavy-minnow-110\/"},"modified":"2026-03-20T23:38:49","modified_gmt":"2026-03-20T23:38:49","slug":"duel-heavy-minnow-110","status":"publish","type":"product","link":"https:\/\/idealpesca.com\/loja\/produto\/duel-heavy-minnow-110\/","title":{"rendered":"AMOSTRA DUEL HEAVY MINNOW 110 F975"},"content":{"rendered":"<p><span style=\"font-size: large;color: #000000\"><strong>&#8211; TAMANHO: 11 CM.<\/strong><\/span><\/p>\n<p><span style=\"font-size: large;color: #000000\"><strong>&#8211; PESO: 35 GRAMAS<\/strong><\/span><\/p>\n<p><span style=\"font-size: large;color: #000000\"><strong>&#8211; MODELO: SINKING ( 1.5 A 3 MT.)<\/strong><\/span><\/p>\n<p><span style=\"font-size: large;color: #000000\"><strong>&#8211; DEVIDO AO SEU CORPO COMPACTO E PESO, ESTA AMOSTRA FAZ LAN\u00c7AMENTOS INCR\u00cdVEIS<\/strong><\/span><\/p>\n<p><span style=\"font-size: large;color: #000000\"><strong>\u00a0<\/strong><\/span><\/p>\n","protected":false},"excerpt":{"rendered":"<p>LAN\u00c7AMENTOS MUITO LONGOS, AGUENTA ONDULA\u00c7\u00c3O FORTE<\/p>\n","protected":false},"featured_media":2929,"comment_status":"open","ping_status":"closed","template":"","meta":[],"product_brand":[],"product_cat":[49,159,51],"product_tag":[],"class_list":{"0":"post-254","1":"product","2":"type-product","3":"status-publish","4":"has-post-thumbnail","6":"product_cat-030100-jerkbait-spinning","7":"product_cat-030102-duel","8":"product_cat-030200-afundantes-trolling","10":"first","11":"instock","12":"taxable","13":"shipping-taxable","14":"purchasable","15":"product-type-variable"},"_links":{"self":[{"href":"https:\/\/idealpesca.com\/loja\/wp-json\/wp\/v2\/product\/254","targetHints":{"allow":["GET"]}}],"collection":[{"href":"https:\/\/idealpesca.com\/loja\/wp-json\/wp\/v2\/product"}],"about":[{"href":"https:\/\/idealpesca.com\/loja\/wp-json\/wp\/v2\/types\/product"}],"replies":[{"embeddable":true,"href":"https:\/\/idealpesca.com\/loja\/wp-json\/wp\/v2\/comments?post=254"}],"wp:featuredmedia":[{"embeddable":true,"href":"https:\/\/idealpesca.com\/loja\/wp-json\/wp\/v2\/media\/2929"}],"wp:attachment":[{"href":"https:\/\/idealpesca.com\/loja\/wp-json\/wp\/v2\/media?parent=254"}],"wp:term":[{"taxonomy":"product_brand","embeddable":true,"href":"https:\/\/idealpesca.com\/loja\/wp-json\/wp\/v2\/product_brand?post=254"},{"taxonomy":"product_cat","embeddable":true,"href":"https:\/\/idealpesca.com\/loja\/wp-json\/wp\/v2\/product_cat?post=254"},{"taxonomy":"product_tag","embeddable":true,"href":"https:\/\/idealpesca.com\/loja\/wp-json\/wp\/v2\/product_tag?post=254"}],"curies":[{"name":"wp","href":"https:\/\/api.w.org\/{rel}","templated":true}]}}