{"id":2511,"date":"2026-03-20T12:25:05","date_gmt":"2026-03-20T12:25:05","guid":{"rendered":"https:\/\/idealpesca.com\/loja\/produto\/lanterna-de-cabeca-kali\/"},"modified":"2026-04-17T18:05:09","modified_gmt":"2026-04-17T17:05:09","slug":"lanterna-de-cabeca-kali","status":"publish","type":"product","link":"https:\/\/idealpesca.com\/loja\/produto\/lanterna-de-cabeca-kali\/","title":{"rendered":"LANTERNA DE CABE\u00c7A KALI"},"content":{"rendered":"<p><strong>Descri\u00e7\u00e3o<br \/><\/strong><\/p>\n<table>\n<tr>\n<th>C\u00f4r<\/th>\n<td>negro<\/td>\n<\/tr>\n<tr>\n<th>peso<\/th>\n<td>53 gr<\/td>\n<\/tr>\n<tr>\n<th>categoria<\/th>\n<td>Lanterna cabe\u00e7a<\/td>\n<\/tr>\n<tr>\n<th>tipo l\u00e2mpada<\/th>\n<td>LED<\/td>\n<\/tr>\n<tr>\n<th>alimenta\u00e7\u00e3o<\/th>\n<td>1 PILHA AA<\/td>\n<\/tr>\n<tr>\n<th>Material<\/th>\n<td>pl\u00e1stico<\/td>\n<\/tr>\n<tr>\n<th>intensidade (max)<\/th>\n<td>90 lumens<\/td>\n<\/tr>\n<\/table>\n<p>\u00a0<\/p>\n<div class=\"productCaracteristiquesPosition inlineblock\">\n<p>\u00a0<\/p>\n<\/div>\n","protected":false},"excerpt":{"rendered":"<p>2 NIVEIS DE POT\u00caNCIA E 1 MODO DE ILUMINA\u00c7\u00c3O AMPLIADA PARA VER MAIS PERTO<br \/>\nO ESSENCIAL PARA EMPATAR ANZOIS OU ISCAR QUANDO N\u00c3O NECESSITA DE LANTERNAS DE ELEVADA POT\u00caNCIA<\/p>\n","protected":false},"featured_media":5698,"comment_status":"open","ping_status":"closed","template":"","meta":[],"product_brand":[],"product_cat":[57],"product_tag":[],"class_list":{"0":"post-2511","1":"product","2":"type-product","3":"status-publish","4":"has-post-thumbnail","6":"product_cat-190000-lanternas","8":"first","9":"outofstock","10":"taxable","11":"shipping-taxable","12":"purchasable","13":"product-type-simple"},"_links":{"self":[{"href":"https:\/\/idealpesca.com\/loja\/wp-json\/wp\/v2\/product\/2511","targetHints":{"allow":["GET"]}}],"collection":[{"href":"https:\/\/idealpesca.com\/loja\/wp-json\/wp\/v2\/product"}],"about":[{"href":"https:\/\/idealpesca.com\/loja\/wp-json\/wp\/v2\/types\/product"}],"replies":[{"embeddable":true,"href":"https:\/\/idealpesca.com\/loja\/wp-json\/wp\/v2\/comments?post=2511"}],"wp:featuredmedia":[{"embeddable":true,"href":"https:\/\/idealpesca.com\/loja\/wp-json\/wp\/v2\/media\/5698"}],"wp:attachment":[{"href":"https:\/\/idealpesca.com\/loja\/wp-json\/wp\/v2\/media?parent=2511"}],"wp:term":[{"taxonomy":"product_brand","embeddable":true,"href":"https:\/\/idealpesca.com\/loja\/wp-json\/wp\/v2\/product_brand?post=2511"},{"taxonomy":"product_cat","embeddable":true,"href":"https:\/\/idealpesca.com\/loja\/wp-json\/wp\/v2\/product_cat?post=2511"},{"taxonomy":"product_tag","embeddable":true,"href":"https:\/\/idealpesca.com\/loja\/wp-json\/wp\/v2\/product_tag?post=2511"}],"curies":[{"name":"wp","href":"https:\/\/api.w.org\/{rel}","templated":true}]}}