{"id":2510,"date":"2026-03-20T12:25:04","date_gmt":"2026-03-20T12:25:04","guid":{"rendered":"https:\/\/idealpesca.com\/loja\/produto\/linha-kali-kunnan-typhoon-aurata\/"},"modified":"2026-03-20T23:54:04","modified_gmt":"2026-03-20T23:54:04","slug":"linha-kali-kunnan-typhoon-aurata","status":"publish","type":"product","link":"https:\/\/idealpesca.com\/loja\/produto\/linha-kali-kunnan-typhoon-aurata\/","title":{"rendered":"LINHA KALI KUNNAN TYPHOON AURATA"},"content":{"rendered":"<p>BOBINES DE 300 METROS<\/p>\n<p>COR: LARANJA CLARO<\/p>\n<p>Monofilamento Misto de \u00faltima gera\u00e7\u00e3o que nos oferece caracter\u00edsticas t\u00e9cnicas \u00fanicas: a m\u00e1xima transpar\u00eancia e uma alt\u00edssima resist\u00eancia ao n\u00f3 e a abras\u00e3o. Especialmente desenhado para resistir \u00e0s condi\u00e7\u00f5es mais duras de abras\u00e3o e tra\u00e7\u00e3o.<\/p>\n<table>\n<tr>\n<td>Grueso mm<\/td>\n<td>Resist. Kg<\/td>\n<td>C\u00d3DIGO<\/td>\n<\/tr>\n<tr>\n<td>0,28<\/td>\n<td>8.60<\/td>\n<td>\u00a0<\/td>\n<\/tr>\n<tr>\n<td>\u00a0<\/td>\n<td>\u00a0<\/td>\n<td>\u00a0<\/td>\n<\/tr>\n<\/table>\n","protected":false},"excerpt":{"rendered":"<p>BOBINES DE 300 METROS COR: LARANJA CLARO Monofilamento Misto de \u00faltima gera\u00e7\u00e3o que nos oferece caracter\u00edsticas t\u00e9cnicas \u00fanicas: a m\u00e1xima transpar\u00eancia e uma alt\u00edssima resist\u00eancia ao n\u00f3 e a abras\u00e3o. Especialmente desenhado para resistir \u00e0s condi\u00e7\u00f5es mais duras de abras\u00e3o e tra\u00e7\u00e3o. Grueso mm Resist. Kg C\u00d3DIGO 0,28 8.60 \u00a0 \u00a0 \u00a0 \u00a0<\/p>\n","protected":false},"featured_media":5697,"comment_status":"open","ping_status":"closed","template":"","meta":[],"product_brand":[],"product_cat":[299,442,517],"product_tag":[],"class_list":{"0":"post-2510","1":"product","2":"type-product","3":"status-publish","4":"has-post-thumbnail","6":"product_cat-060200-monofilamento-nylon-250-a-300-metros","7":"product_cat-060207-kali-kunnan","8":"product_cat-ideal-pesca","10":"first","11":"instock","12":"taxable","13":"shipping-taxable","14":"purchasable","15":"product-type-variable"},"_links":{"self":[{"href":"https:\/\/idealpesca.com\/loja\/wp-json\/wp\/v2\/product\/2510","targetHints":{"allow":["GET"]}}],"collection":[{"href":"https:\/\/idealpesca.com\/loja\/wp-json\/wp\/v2\/product"}],"about":[{"href":"https:\/\/idealpesca.com\/loja\/wp-json\/wp\/v2\/types\/product"}],"replies":[{"embeddable":true,"href":"https:\/\/idealpesca.com\/loja\/wp-json\/wp\/v2\/comments?post=2510"}],"wp:featuredmedia":[{"embeddable":true,"href":"https:\/\/idealpesca.com\/loja\/wp-json\/wp\/v2\/media\/5697"}],"wp:attachment":[{"href":"https:\/\/idealpesca.com\/loja\/wp-json\/wp\/v2\/media?parent=2510"}],"wp:term":[{"taxonomy":"product_brand","embeddable":true,"href":"https:\/\/idealpesca.com\/loja\/wp-json\/wp\/v2\/product_brand?post=2510"},{"taxonomy":"product_cat","embeddable":true,"href":"https:\/\/idealpesca.com\/loja\/wp-json\/wp\/v2\/product_cat?post=2510"},{"taxonomy":"product_tag","embeddable":true,"href":"https:\/\/idealpesca.com\/loja\/wp-json\/wp\/v2\/product_tag?post=2510"}],"curies":[{"name":"wp","href":"https:\/\/api.w.org\/{rel}","templated":true}]}}