{"id":2504,"date":"2026-03-20T12:25:03","date_gmt":"2026-03-20T12:25:03","guid":{"rendered":"https:\/\/idealpesca.com\/loja\/produto\/linha-kali-kunnan-s-cast-fy\/"},"modified":"2026-03-20T23:54:04","modified_gmt":"2026-03-20T23:54:04","slug":"linha-kali-kunnan-s-cast-fy-2","status":"publish","type":"product","link":"https:\/\/idealpesca.com\/loja\/produto\/linha-kali-kunnan-s-cast-fy-2\/","title":{"rendered":"LINHA KALI KUNNAN S CAST FY"},"content":{"rendered":"<p>BOBINES DE 1000 METROS<\/p>\n<p>COR: AMARELO FLUOR<\/p>\n<p>Monofilamento MiSto de \u00faltima gera\u00e7\u00e3o que nos oferece caracter\u00edsticas t\u00e9cnicas \u00fanicas: a m\u00e1xima transpar\u00eancia e uma alt\u00edssima resist\u00eancia ao n\u00f3 e a abras\u00e3o. Especialmente desenhado para resistir \u00e0s condi\u00e7\u00f5es mais duras de abras\u00e3o e tra\u00e7\u00e3o.<\/p>\n<p>\u00a0<\/p>\n<table>\n<tr>\n<td>\u00a0mm<\/td>\n<td>Resist. Kg<\/td>\n<td>C\u00d3DIGO<\/td>\n<\/tr>\n<tr>\n<td>0,20<\/td>\n<td>5.94<\/td>\n<td>46338<\/td>\n<\/tr>\n<tr>\n<td>0,23<\/td>\n<td>7.92<\/td>\n<td>21902<\/td>\n<\/tr>\n<tr>\n<td>0,26<\/td>\n<td>9.70<\/td>\n<td>40224<\/td>\n<\/tr>\n<\/table>\n","protected":false},"excerpt":{"rendered":"<p>Linha indicada para bobinar carretos de surfcasting<\/p>\n","protected":false},"featured_media":5692,"comment_status":"open","ping_status":"closed","template":"","meta":[],"product_brand":[],"product_cat":[47,441,517],"product_tag":[],"class_list":{"0":"post-2504","1":"product","2":"type-product","3":"status-publish","4":"has-post-thumbnail","6":"product_cat-060300-monofilamento-nylon-500-a-3000-metros","7":"product_cat-060306-kali-kunnan","8":"product_cat-ideal-pesca","10":"first","11":"instock","12":"taxable","13":"shipping-taxable","14":"purchasable","15":"product-type-variable"},"_links":{"self":[{"href":"https:\/\/idealpesca.com\/loja\/wp-json\/wp\/v2\/product\/2504","targetHints":{"allow":["GET"]}}],"collection":[{"href":"https:\/\/idealpesca.com\/loja\/wp-json\/wp\/v2\/product"}],"about":[{"href":"https:\/\/idealpesca.com\/loja\/wp-json\/wp\/v2\/types\/product"}],"replies":[{"embeddable":true,"href":"https:\/\/idealpesca.com\/loja\/wp-json\/wp\/v2\/comments?post=2504"}],"wp:featuredmedia":[{"embeddable":true,"href":"https:\/\/idealpesca.com\/loja\/wp-json\/wp\/v2\/media\/5692"}],"wp:attachment":[{"href":"https:\/\/idealpesca.com\/loja\/wp-json\/wp\/v2\/media?parent=2504"}],"wp:term":[{"taxonomy":"product_brand","embeddable":true,"href":"https:\/\/idealpesca.com\/loja\/wp-json\/wp\/v2\/product_brand?post=2504"},{"taxonomy":"product_cat","embeddable":true,"href":"https:\/\/idealpesca.com\/loja\/wp-json\/wp\/v2\/product_cat?post=2504"},{"taxonomy":"product_tag","embeddable":true,"href":"https:\/\/idealpesca.com\/loja\/wp-json\/wp\/v2\/product_tag?post=2504"}],"curies":[{"name":"wp","href":"https:\/\/api.w.org\/{rel}","templated":true}]}}