{"id":2488,"date":"2026-03-20T12:24:57","date_gmt":"2026-03-20T12:24:57","guid":{"rendered":"https:\/\/idealpesca.com\/loja\/produto\/cana-daiwa-legalis-squid-712h\/"},"modified":"2026-03-20T23:47:02","modified_gmt":"2026-03-20T23:47:02","slug":"cana-daiwa-legalis-squid-712h","status":"publish","type":"product","link":"https:\/\/idealpesca.com\/loja\/produto\/cana-daiwa-legalis-squid-712h\/","title":{"rendered":"Cana DAIWA LEGALIS SQUID 712H TIP RUN"},"content":{"rendered":"<div class=\"product-content\">\n<div class=\"product-content-inner\">\n<div class=\"polymorphic-table product-table overflow-left\">\n<div class=\"polymorphic-table-inner\">\n<div class=\"product-content\">\n<div class=\"product-content-inner\">\n<ul>\n<li>\n<p>A s\u00e9rie Legalis Squid foi desenvolvida para a pesca de cefal\u00f3podes (lulas e chocos) e abrange todas as principais utiliza\u00e7\u00f5es.<\/p>\n<p>O blank em carbono refor\u00e7ado est\u00e1 equipado com passadores Fuji Concept &#8220;O&#8221; (dos quais formatos espec\u00edficos para a utiliza\u00e7\u00e3o de multifilamento na ponta da ponteira Low Rider).<\/p>\n<p>A gama de 9 canas \u00e9 composta por 6 canas para as pescas da costa e de 3 canas para a pesca embarcada.<\/p>\n<p>Para as pescas da costa, a variedade de a\u00e7\u00f5es oferece a possibilidade de utilizar toneiras muito pequenas (&#8220;Light eging&#8221;), bem como utilizar modelos mais volumosos para as pescas invernais ou para a pesca \u00e0 dist\u00e2ncia.<\/p>\n<p>Para a pesca a partir de uma embarca\u00e7\u00e3o, o modelo LEGSD712H-CF \u00e9 espec\u00edfico para &#8220;Tip Run&#8221; (pesca ao lan\u00e7ado na deriva) e os modelos LEGSD772XHBCF e LEGSD772XHSCF permitem pescar na vertical em zonas profundas com montagens em pot\u00eancia (&#8220;Tataki&#8221;).<\/p>\n<\/li>\n<\/ul>\n<\/div>\n<\/div>\n<\/div>\n<\/div>\n<table>\n<tr>\n<th>novo<\/th>\n<th>refer\u00eancia<\/th>\n<th>peso<\/th>\n<th>nome<\/th>\n<th>info<\/th>\n<th>comprimento<\/th>\n<th>num.elementos<\/th>\n<th>desmontada<\/th>\n<th>porta-carreto<\/th>\n<th>tipo de passadores<\/th>\n<th>num. de passadores<\/th>\n<th>pot\u00eancia<\/th>\n<\/tr>\n<tr>\n<td><strong>NEW<\/strong><\/td>\n<td><strong>LEGSD712HCF<\/strong><\/td>\n<td><strong>116g<\/strong><\/td>\n<td><strong>&#8220;Tip Run&#8221;<\/strong><\/td>\n<td><strong>SPINNING<\/strong><\/td>\n<td><strong>2,16m<\/strong><\/td>\n<td><strong>2<\/strong><\/td>\n<td><strong>111cm<\/strong><\/td>\n<td><strong>VSS Fuji<\/strong><\/td>\n<td><strong>Fuji &#8220;O&#8221; ring<\/strong><\/td>\n<td><strong>9<\/strong><\/td>\n<td><strong>18-55g<\/strong><\/td>\n<\/tr>\n<tr>\n<td>NEW<\/td>\n<td>LEGSD772XHBCF<\/td>\n<td>245g<\/td>\n<td>&#8220;Tataki&#8221;<\/td>\n<td>BAITCASTING<\/td>\n<td>2,31m<\/td>\n<td>2<\/td>\n<td>187cm<\/td>\n<td>TCS Fuji<\/td>\n<td>Fuji &#8220;O&#8221; ring<\/td>\n<td>12<\/td>\n<td>50-200g<\/td>\n<\/tr>\n<tr>\n<td>NEW<\/td>\n<td>LEGSD772XHSCF<\/td>\n<td>235g<\/td>\n<td>&#8220;Takaki&#8221;<\/td>\n<td>SPINNING<\/td>\n<td>2,31m<\/td>\n<td>2<\/td>\n<td>183cm<\/td>\n<td>DPS Fuji<\/td>\n<td>Fuji &#8220;O&#8221; ring<\/td>\n<td>9<\/td>\n<td>50-200g<\/td>\n<\/tr>\n<tr>\n<td>NEW<\/td>\n<td>LEGSD802MLCF<\/td>\n<td>132g<\/td>\n<td>&#8220;Eging&#8221;<\/td>\n<td>SPINNING<\/td>\n<td>2,44m<\/td>\n<td>2<\/td>\n<td>125cm<\/td>\n<td>VSS Fuji<\/td>\n<td>Fuji &#8220;O&#8221; ring<\/td>\n<td>8<\/td>\n<td>5-21g<\/td>\n<\/tr>\n<tr>\n<td>NEW<\/td>\n<td>LEGSD832LCF<\/td>\n<td>115g<\/td>\n<td>&#8220;Eging&#8221;<\/td>\n<td>SPINNING<\/td>\n<td>2,52m<\/td>\n<td>2<\/td>\n<td>129cm<\/td>\n<td>VSS Fuji<\/td>\n<td>Fuji &#8220;O&#8221; ring<\/td>\n<td>9<\/td>\n<td>5-15g<\/td>\n<\/tr>\n<tr>\n<td>NEW<\/td>\n<td>LEGSD832MHCF<\/td>\n<td>147g<\/td>\n<td>&#8220;Eging&#8221;<\/td>\n<td>SPINNING<\/td>\n<td>2,52m<\/td>\n<td>2<\/td>\n<td>129cm<\/td>\n<td>VSS Fuji<\/td>\n<td>Fuji &#8220;O&#8221; ring<\/td>\n<td>8<\/td>\n<td>7-28g<\/td>\n<\/tr>\n<tr>\n<td>NEW<\/td>\n<td>LEGSD832MLCF<\/td>\n<td>132g<\/td>\n<td>&#8220;Eging&#8221;<\/td>\n<td>SPINNING<\/td>\n<td>2,52m<\/td>\n<td>2<\/td>\n<td>129cm<\/td>\n<td>VSS Fuji<\/td>\n<td>Fuji &#8220;O&#8221; ring<\/td>\n<td>8<\/td>\n<td>5-21g<\/td>\n<\/tr>\n<tr>\n<td>NEW<\/td>\n<td>LEGSD862MCF<\/td>\n<td>136g<\/td>\n<td>&#8220;Eging&#8221;<\/td>\n<td>SPINNING<\/td>\n<td>2,59m<\/td>\n<td>2<\/td>\n<td>133cm<\/td>\n<td>VSS Fuji<\/td>\n<td>Fuji &#8220;O&#8221; ring<\/td>\n<td>8<\/td>\n<td>7-28g<\/td>\n<\/tr>\n<tr>\n<td>NEW<\/td>\n<td>LEGSD862MHCF<\/td>\n<td>147g<\/td>\n<td>&#8220;Eging&#8221;<\/td>\n<td>SPINNING<\/td>\n<td>2,59m<\/td>\n<td>2<\/td>\n<td>133cm<\/td>\n<td>VSS Fuji<\/td>\n<td>Fuji &#8220;O&#8221; ring<\/td>\n<td>8<\/td>\n<td>7-28g<\/td>\n<\/tr>\n<\/table>\n<div class=\"polymorphic-table product-table overflow-left\">\n<div class=\"polymorphic-table-inner\">\n<div class=\"product-content\">\n<div class=\"product-content-inner\">\n<div class=\"row\">\n<div class=\"col-1_1  product-technologies\">\n<div class=\"row xcondensed\">\n<div class=\"col-1_4 sm-1_5 md-1_4 lg-1_6 xl-1_8\">\u00a0<\/div>\n<div class=\"col-1_4 sm-1_5 md-1_4 lg-1_6 xl-1_8\">\n<ul>\n<li>Blank de carbono de Alto M\u00f3dulo com refor\u00e7o de carbono cruzado sobre todo o comprimento da cana<\/li>\n<li>Encaixe invertido (exceto modelos espec\u00edficos: LEGSD772XHBCF e LEGSB772XHSCF)<\/li>\n<li>Passadores Fuji K Concept &#8220;O&#8221;<\/li>\n<li>Porta-carreto com rosca Fuji VSS (spinning) e TCS (casting)<\/li>\n<li>Pegas em espuma EVA separadas (exceto nos modelos espec\u00edficos)<\/li>\n<li>A\u00e7\u00e3o progressiva<\/li>\n<\/ul>\n<\/div>\n<\/div>\n<\/div>\n<\/div>\n<\/div>\n<\/div>\n<\/div>\n<\/div>\n<\/div>\n<\/div>\n","protected":false},"excerpt":{"rendered":"<p>As LEGALIS  s\u00e3o concebidas para os pescadores de cefal\u00f3podes em zonas rochosas e portu\u00e1rias.<br \/>\nIdeal para os chocos<\/p>\n","protected":false},"featured_media":4176,"comment_status":"open","ping_status":"closed","template":"","meta":[],"product_brand":[],"product_cat":[575,522],"product_tag":[],"class_list":{"0":"post-2488","1":"product","2":"type-product","3":"status-publish","4":"has-post-thumbnail","6":"product_cat-010800-pesca-ao-choco-egingcefalopodes","7":"product_cat-010803-daiwa","9":"first","10":"instock","11":"taxable","12":"shipping-taxable","13":"purchasable","14":"product-type-variable"},"_links":{"self":[{"href":"https:\/\/idealpesca.com\/loja\/wp-json\/wp\/v2\/product\/2488","targetHints":{"allow":["GET"]}}],"collection":[{"href":"https:\/\/idealpesca.com\/loja\/wp-json\/wp\/v2\/product"}],"about":[{"href":"https:\/\/idealpesca.com\/loja\/wp-json\/wp\/v2\/types\/product"}],"replies":[{"embeddable":true,"href":"https:\/\/idealpesca.com\/loja\/wp-json\/wp\/v2\/comments?post=2488"}],"wp:featuredmedia":[{"embeddable":true,"href":"https:\/\/idealpesca.com\/loja\/wp-json\/wp\/v2\/media\/4176"}],"wp:attachment":[{"href":"https:\/\/idealpesca.com\/loja\/wp-json\/wp\/v2\/media?parent=2488"}],"wp:term":[{"taxonomy":"product_brand","embeddable":true,"href":"https:\/\/idealpesca.com\/loja\/wp-json\/wp\/v2\/product_brand?post=2488"},{"taxonomy":"product_cat","embeddable":true,"href":"https:\/\/idealpesca.com\/loja\/wp-json\/wp\/v2\/product_cat?post=2488"},{"taxonomy":"product_tag","embeddable":true,"href":"https:\/\/idealpesca.com\/loja\/wp-json\/wp\/v2\/product_tag?post=2488"}],"curies":[{"name":"wp","href":"https:\/\/api.w.org\/{rel}","templated":true}]}}