{"id":248,"date":"2026-03-20T12:13:09","date_gmt":"2026-03-20T12:13:09","guid":{"rendered":"https:\/\/idealpesca.com\/loja\/produto\/vadeador-daiwa-wdr-4-camadas\/"},"modified":"2026-03-20T23:58:29","modified_gmt":"2026-03-20T23:58:29","slug":"vadeador-daiwa-wdr-4-camadas","status":"publish","type":"product","link":"https:\/\/idealpesca.com\/loja\/produto\/vadeador-daiwa-wdr-4-camadas\/","title":{"rendered":"VADEADOR DAIWA WDR 4 CAMADAS"},"content":{"rendered":"<div class=\"product-desc\">\n<p>Waders respir\u00e1veis 4 camadas para poder percorrer longas dist\u00e2ncias (marcha de aproxima\u00e7\u00e3o, desn\u00edveis) cujo conforto e flexibilidade agradar\u00e3o aos mais exigentes. A waders \u00e9 dotada de dois bolsos laterais estanques. \u00c9 ideal para as pescas ativas como a procura da truta em cursos de \u00e1gua. Dispon\u00edvel em 4 tamanhos do M a XXL.<\/p>\n<p>O \u00edndice de capacidade de \u00ab respirabilidade \u00bb \u00e9 de 3000 MVP. O \u00edndice de estanquecidade \u00e9 de 15000 MWP. Os p\u00e9s s\u00e3o em neoprene extens\u00edvel.<\/p>\n<table class=\"table bordered js-pswp-gallery\">\n<tr>\n<th>Tamanho<\/th>\n<th>N\u00famero<\/th>\n<th>Anca per\u00edm. \/ Gancho (cm)<\/th>\n<th>Wader<\/th>\n<\/tr>\n<tr>\n<td>S<\/td>\n<td>38 \/ 39<\/td>\n<td>107 \/ 88 cm<\/td>\n<td>WDRS<\/td>\n<\/tr>\n<tr>\n<td>M<\/td>\n<td>40 \/ 41<\/td>\n<td>116 \/ 91 cm<\/td>\n<td>WDRM<\/td>\n<\/tr>\n<tr>\n<td>L<\/td>\n<td>42 \/ 43<\/td>\n<td>125 \/ 94 cm<\/td>\n<td>WDRL<\/td>\n<\/tr>\n<tr>\n<td>XL<\/td>\n<td>44 \/ 45<\/td>\n<td>131 \/ 97 cm<\/td>\n<td>WDRXL<\/td>\n<\/tr>\n<tr>\n<td>XXL<\/td>\n<td>46 \/ 47<\/td>\n<td>141 \/ 99 cm<\/td>\n<td>WDRXXL<\/td>\n<\/tr>\n<\/table>\n<\/div>\n","protected":false},"excerpt":{"rendered":"<p>Waders respir\u00e1veis 4 camadas p\u00e9s neoprene<\/p>\n","protected":false},"featured_media":2921,"comment_status":"open","ping_status":"closed","template":"","meta":[],"product_brand":[],"product_cat":[38],"product_tag":[],"class_list":{"0":"post-248","1":"product","2":"type-product","3":"status-publish","4":"has-post-thumbnail","6":"product_cat-230000-vadeadores","8":"first","9":"instock","10":"taxable","11":"shipping-taxable","12":"purchasable","13":"product-type-variable"},"_links":{"self":[{"href":"https:\/\/idealpesca.com\/loja\/wp-json\/wp\/v2\/product\/248","targetHints":{"allow":["GET"]}}],"collection":[{"href":"https:\/\/idealpesca.com\/loja\/wp-json\/wp\/v2\/product"}],"about":[{"href":"https:\/\/idealpesca.com\/loja\/wp-json\/wp\/v2\/types\/product"}],"replies":[{"embeddable":true,"href":"https:\/\/idealpesca.com\/loja\/wp-json\/wp\/v2\/comments?post=248"}],"wp:featuredmedia":[{"embeddable":true,"href":"https:\/\/idealpesca.com\/loja\/wp-json\/wp\/v2\/media\/2921"}],"wp:attachment":[{"href":"https:\/\/idealpesca.com\/loja\/wp-json\/wp\/v2\/media?parent=248"}],"wp:term":[{"taxonomy":"product_brand","embeddable":true,"href":"https:\/\/idealpesca.com\/loja\/wp-json\/wp\/v2\/product_brand?post=248"},{"taxonomy":"product_cat","embeddable":true,"href":"https:\/\/idealpesca.com\/loja\/wp-json\/wp\/v2\/product_cat?post=248"},{"taxonomy":"product_tag","embeddable":true,"href":"https:\/\/idealpesca.com\/loja\/wp-json\/wp\/v2\/product_tag?post=248"}],"curies":[{"name":"wp","href":"https:\/\/api.w.org\/{rel}","templated":true}]}}