{"id":2471,"date":"2026-03-20T12:24:50","date_gmt":"2026-03-20T12:24:50","guid":{"rendered":"https:\/\/idealpesca.com\/loja\/produto\/amostra-ariel-killer-afundante-aurora-green\/"},"modified":"2026-03-20T23:38:19","modified_gmt":"2026-03-20T23:38:19","slug":"amostra-ariel-killer-afundante-aurora-green","status":"publish","type":"product","link":"https:\/\/idealpesca.com\/loja\/produto\/amostra-ariel-killer-afundante-aurora-green\/","title":{"rendered":"AMOSTRA ARIEL KILLER AFUNDANTE AURORA GREEN 140"},"content":{"rendered":"<p><span style=\"font-weight: 500\">AMOSTRA ARIEL KILLER AFUNDANTE AURORA GREEN<\/span><\/p>\n<p>\u00a0<\/p>\n<p>A\u00a0<b><strong>Ariel Killer\u00a0<\/strong><\/b>\u00a0<b><strong>AURORA GREEN\u00a0<\/strong><\/b>\u00e9 uma amostra r\u00edgida especialmente para a pesca de Robalo e outros predadores marinhos. Fabricada pela\u00a0<b><strong>Masato<\/strong><\/b><\/p>\n<p><b><strong>Caracter\u00edsticas T\u00e9cnicas<\/strong><\/b><\/p>\n<ul>\n<li><b><strong>Comprimento:<\/strong><\/b>\u00a0<b><strong>140 mm<\/strong><\/b><\/li>\n<li><b><strong>Peso:<\/strong><\/b>\u00a0<b><strong>27<\/strong><\/b><\/li>\n<li><b><strong>Tipo:<\/strong><\/b>\u00a0<b><strong>Sinking\u00a0<\/strong><\/b>\u00a0\u2013 Ideal para pescar em camadas de \u00e1gua mais profundas ou quando o mar est\u00e1 mais mexido e \u00e9 necess\u00e1rio que a amostra &#8220;agarre&#8221; melhor a \u00e1gua.<\/li>\n<li><b><strong>A\u00e7\u00e3o:<\/strong><\/b>\u00a0Apresenta um movimento de\u00a0<em>Woobling<\/em>\u00a0(oscila\u00e7\u00e3o lateral) e\u00a0<em>Rolling<\/em>\u00a0(rota\u00e7\u00e3o sobre o eixo) muito agressivo e realista.<\/li>\n<li>\u00a0Equipada com fateixas\u00a0<b><strong>Ms007x4 ANTIRUST<\/strong><\/b>\u00a0 de alta resist\u00eancia.<\/li>\n<\/ul>\n<p><b><strong>Destaques do Modelo<\/strong><\/b><\/p>\n<ul>\n<li><b><strong>Sistema de Lan\u00e7amento:<\/strong><\/b>\u00a0Possui um sistema de transfer\u00eancia de pesos (p\u00eandulo magn\u00e9tico\/pist\u00e3o) que permite lan\u00e7amentos muito longos e precisos, mesmo com vento contr\u00e1rio.<\/li>\n<\/ul>\n<h3>Cor Aurora Green<\/h3>\n<ul>\n<li><b><strong>Efeito Prism\u00e1tico (Aurora):<\/strong><\/b>\u00a0Esta pintura n\u00e3o \u00e9 apenas verde; ela reflete tons de dourado, azul e prateado. Este efeito &#8220;muda-cores&#8221; \u00e9 extremamente realista e evita que o predador identifique a amostra como algo artificial.<\/li>\n<li><b><strong>Verde Natural:<\/strong><\/b>\u00a0O dorso verde \u00e9 a cor de camuflagem padr\u00e3o para a maioria dos peixes pasto na costa atl\u00e2ntica. Em \u00e1guas com tons esverdeados ou com presen\u00e7a de algas, esta amostra torna-se quase invis\u00edvel at\u00e9 ao momento do ataque.<\/li>\n<li><b><strong>Efeito UV de Alta Intensidade:<\/strong><\/b>\u00a0Como mencionado nas suas especifica\u00e7\u00f5es, o coating UV na cor Aurora Green faz com que a amostra &#8220;ganhe vida&#8221; sob as ondas, destacando-se mesmo quando a luz solar \u00e9 filtrada pela profundidade ou pela agita\u00e7\u00e3o do mar.<\/li>\n<\/ul>\n<ul>\n<li><b><strong>Pala:<\/strong><\/b>\u00a0Desenhada para manter a estabilidade da amostra mesmo em correntes fortes ou recupera\u00e7\u00f5es r\u00e1pidas.<\/li>\n<\/ul>\n<p><b><strong>Dica de Pesca:<\/strong><\/b>\u00a0Sendo uma amostra afundante, \u00e9 muito eficaz em zonas de costa rochosa com alguma profundidade. Experimente recupera\u00e7\u00f5es lineares intercaladas com pequenos toques de ponteira (<em>jerks<\/em>).<\/p>\n<p>\u00a0<\/p>\n<p>\u00a0<\/p>\n<p>\u00a0<\/p>\n<p><strong>\u00a0<\/strong><\/p>\n","protected":false},"excerpt":{"rendered":"<p>Amostra afundante com 140 mm e 27gr.<\/p>\n","protected":false},"featured_media":5659,"comment_status":"open","ping_status":"closed","template":"","meta":[],"product_brand":[],"product_cat":[49,512,517],"product_tag":[],"class_list":{"0":"post-2471","1":"product","2":"type-product","3":"status-publish","4":"has-post-thumbnail","6":"product_cat-030100-jerkbait-spinning","7":"product_cat-030120-masato","8":"product_cat-ideal-pesca","10":"first","11":"instock","12":"taxable","13":"shipping-taxable","14":"purchasable","15":"product-type-variable"},"_links":{"self":[{"href":"https:\/\/idealpesca.com\/loja\/wp-json\/wp\/v2\/product\/2471","targetHints":{"allow":["GET"]}}],"collection":[{"href":"https:\/\/idealpesca.com\/loja\/wp-json\/wp\/v2\/product"}],"about":[{"href":"https:\/\/idealpesca.com\/loja\/wp-json\/wp\/v2\/types\/product"}],"replies":[{"embeddable":true,"href":"https:\/\/idealpesca.com\/loja\/wp-json\/wp\/v2\/comments?post=2471"}],"wp:featuredmedia":[{"embeddable":true,"href":"https:\/\/idealpesca.com\/loja\/wp-json\/wp\/v2\/media\/5659"}],"wp:attachment":[{"href":"https:\/\/idealpesca.com\/loja\/wp-json\/wp\/v2\/media?parent=2471"}],"wp:term":[{"taxonomy":"product_brand","embeddable":true,"href":"https:\/\/idealpesca.com\/loja\/wp-json\/wp\/v2\/product_brand?post=2471"},{"taxonomy":"product_cat","embeddable":true,"href":"https:\/\/idealpesca.com\/loja\/wp-json\/wp\/v2\/product_cat?post=2471"},{"taxonomy":"product_tag","embeddable":true,"href":"https:\/\/idealpesca.com\/loja\/wp-json\/wp\/v2\/product_tag?post=2471"}],"curies":[{"name":"wp","href":"https:\/\/api.w.org\/{rel}","templated":true}]}}