{"id":24633,"date":"2024-11-19T18:55:53","date_gmt":"2024-11-19T18:55:53","guid":{"rendered":"https:\/\/idealpesca.com\/loja\/produto\/cana-yuki-spirit-5mtrs\/"},"modified":"2026-05-14T17:17:25","modified_gmt":"2026-05-14T16:17:25","slug":"cana-yuki-spirit-5mtrs","status":"publish","type":"product","link":"https:\/\/idealpesca.com\/loja\/produto\/cana-yuki-spirit-5mtrs\/","title":{"rendered":"CANA YUKI Spirit 5mtrs"},"content":{"rendered":"<p><strong><span style=\"font-size: 18pt\">Tamanho: 5.00 MT.<\/span><\/strong><\/p>\n<p><strong><span style=\"font-size: 18pt\">Ac\u00e7\u00e3o: 50 GR.\u00a0 power lift 6 kgs<\/span><\/strong><\/p>\n<p><strong><span style=\"font-size: 18pt\">Passadores: FUJI low rider<\/span><\/strong><\/p>\n<p><strong><span style=\"font-size: 18pt\">Elementos: 5<\/span><\/strong><\/p>\n<p><strong><span style=\"font-size: 18pt\">Porta-Carretos: FUJI ns7<\/span><\/strong><\/p>\n<p><strong><span style=\"font-size: 18pt\">Peso: 245 GRAMAS<\/span><\/strong><\/p>\n<p>Fabricada com carbono superligeiro de alto m\u00f3dulo.<\/p>\n<p>\u00a0<\/p>\n<p>\u00a0<\/p>\n<p>\u00a0<\/p>\n","protected":false},"excerpt":{"rendered":"<p>A cana yuki SPIRIT de 5 metros com passadores Fuji e carbono de alto m\u00f3dulo est\u00e1 preparada para a pesca dos sargos \u00e1 boia<\/p>\n","protected":false},"featured_media":29003,"comment_status":"open","ping_status":"closed","template":"","meta":[],"product_brand":[],"product_cat":[556,253],"product_tag":[],"class_list":{"0":"post-24633","1":"product","2":"type-product","3":"status-publish","4":"has-post-thumbnail","6":"product_cat-010400-boia-e-chumbadinha","7":"product_cat-010401-yuki","9":"first","10":"instock","11":"taxable","12":"shipping-taxable","13":"purchasable","14":"product-type-variable"},"_links":{"self":[{"href":"https:\/\/idealpesca.com\/loja\/wp-json\/wp\/v2\/product\/24633","targetHints":{"allow":["GET"]}}],"collection":[{"href":"https:\/\/idealpesca.com\/loja\/wp-json\/wp\/v2\/product"}],"about":[{"href":"https:\/\/idealpesca.com\/loja\/wp-json\/wp\/v2\/types\/product"}],"replies":[{"embeddable":true,"href":"https:\/\/idealpesca.com\/loja\/wp-json\/wp\/v2\/comments?post=24633"}],"wp:featuredmedia":[{"embeddable":true,"href":"https:\/\/idealpesca.com\/loja\/wp-json\/wp\/v2\/media\/29003"}],"wp:attachment":[{"href":"https:\/\/idealpesca.com\/loja\/wp-json\/wp\/v2\/media?parent=24633"}],"wp:term":[{"taxonomy":"product_brand","embeddable":true,"href":"https:\/\/idealpesca.com\/loja\/wp-json\/wp\/v2\/product_brand?post=24633"},{"taxonomy":"product_cat","embeddable":true,"href":"https:\/\/idealpesca.com\/loja\/wp-json\/wp\/v2\/product_cat?post=24633"},{"taxonomy":"product_tag","embeddable":true,"href":"https:\/\/idealpesca.com\/loja\/wp-json\/wp\/v2\/product_tag?post=24633"}],"curies":[{"name":"wp","href":"https:\/\/api.w.org\/{rel}","templated":true}]}}