{"id":2463,"date":"2026-03-20T12:24:47","date_gmt":"2026-03-20T12:24:47","guid":{"rendered":"https:\/\/idealpesca.com\/loja\/produto\/daiwa-shoreline-shiner-z-vertice-r-6370\/"},"modified":"2026-03-20T23:38:20","modified_gmt":"2026-03-20T23:38:20","slug":"daiwa-shoreline-shiner-z-vertice-r-6370","status":"publish","type":"product","link":"https:\/\/idealpesca.com\/loja\/produto\/daiwa-shoreline-shiner-z-vertice-r-6370\/","title":{"rendered":"Amostra DAIWA Shiner Z Vertice R 140 ADEL IWASHI"},"content":{"rendered":"<p>A s\u00e9rie Shoreline Vertice Z retorna com uma revis\u00e3o completa das cores, mas tamb\u00e9m uma nova transfer\u00eancia de massa muito r\u00e1pida e magn\u00e9tica que permite alcan\u00e7ar dist\u00e2ncias muito grandes com grande facilidade.<br \/>O modelo muito vers\u00e1til de 12,5 cm est\u00e1 dispon\u00edvel em vers\u00e3o flutuante e afundante para cobrir todas as situa\u00e7\u00f5es.<br \/>A vers\u00e3o afundante de 14 cm \u00e9 perfeita para pescar em \u00e1guas muito agitadas ou em praias onde a dist\u00e2ncia e a velocidade de instala\u00e7\u00e3o s\u00e3o fundamentais.<br \/>O modelo mais pequeno com 9,8 cm \u00e9 afundante, permite pescar em zonas portu\u00e1rias, em estu\u00e1rios quando<\/p>\n<p>os peixes est\u00e3o em presas pequenas.<\/p>\n<p>\u00a0<\/p>\n<table class=\"table bordered js-pswp-gallery\">\n<tr>\n<th>CORES<\/th>\n<th>Lieu<\/th>\n<th>\n<p>\u00a0<\/p>\n<p>Ghost Lan\u00e7on<\/p>\n<\/th>\n<th>Wakasagi<\/th>\n<th>Glass Equile<\/th>\n<\/tr>\n<\/table>\n<p>\u00a0<\/p>\n<p><strong>Shoreline Shiner Z Vertice R 140 S<\/strong><\/p>\n<p>Esta minnow afundante \u00e9 o modelo de 140mm e 28.5 gr. desta gama Shoreline Vertice. Em recupera\u00e7\u00e3o lenta, evolui no primeiro metro quarenta de profundidade, onde as pequenas presas s\u00e3o ca\u00e7adas habitualmente pelos robalos. Uma amostra ideal para abordar as zonas pouco profundas.<\/p>\n<p>Profundidade de nata\u00e7\u00e3o: 50 a 140 cm. Anz\u00f3is:\u00a0 #4<\/p>\n<p><strong>\u00a0<\/strong><\/p>\n","protected":false},"excerpt":{"rendered":"<p>Shoreline Shiner Z R<br \/>\nAFUNDANTES 140MM 28.5GR<\/p>\n","protected":false},"featured_media":5648,"comment_status":"open","ping_status":"closed","template":"","meta":[],"product_brand":[],"product_cat":[49,122,43,517],"product_tag":[],"class_list":{"0":"post-2463","1":"product","2":"type-product","3":"status-publish","4":"has-post-thumbnail","6":"product_cat-030100-jerkbait-spinning","7":"product_cat-030101-daiwa","8":"product_cat-310000-novidades-gerais","9":"product_cat-ideal-pesca","11":"first","12":"instock","13":"taxable","14":"shipping-taxable","15":"purchasable","16":"product-type-variable"},"_links":{"self":[{"href":"https:\/\/idealpesca.com\/loja\/wp-json\/wp\/v2\/product\/2463","targetHints":{"allow":["GET"]}}],"collection":[{"href":"https:\/\/idealpesca.com\/loja\/wp-json\/wp\/v2\/product"}],"about":[{"href":"https:\/\/idealpesca.com\/loja\/wp-json\/wp\/v2\/types\/product"}],"replies":[{"embeddable":true,"href":"https:\/\/idealpesca.com\/loja\/wp-json\/wp\/v2\/comments?post=2463"}],"wp:featuredmedia":[{"embeddable":true,"href":"https:\/\/idealpesca.com\/loja\/wp-json\/wp\/v2\/media\/5648"}],"wp:attachment":[{"href":"https:\/\/idealpesca.com\/loja\/wp-json\/wp\/v2\/media?parent=2463"}],"wp:term":[{"taxonomy":"product_brand","embeddable":true,"href":"https:\/\/idealpesca.com\/loja\/wp-json\/wp\/v2\/product_brand?post=2463"},{"taxonomy":"product_cat","embeddable":true,"href":"https:\/\/idealpesca.com\/loja\/wp-json\/wp\/v2\/product_cat?post=2463"},{"taxonomy":"product_tag","embeddable":true,"href":"https:\/\/idealpesca.com\/loja\/wp-json\/wp\/v2\/product_tag?post=2463"}],"curies":[{"name":"wp","href":"https:\/\/api.w.org\/{rel}","templated":true}]}}