{"id":2435,"date":"2026-03-20T12:24:36","date_gmt":"2026-03-20T12:24:36","guid":{"rendered":"https:\/\/idealpesca.com\/loja\/produto\/carreto-daiwa-bg-mq-ark-5000d-h\/"},"modified":"2026-03-20T16:02:02","modified_gmt":"2026-03-20T16:02:02","slug":"carreto-daiwa-bg-mq-ark-5000d-h","status":"publish","type":"product","link":"https:\/\/idealpesca.com\/loja\/produto\/carreto-daiwa-bg-mq-ark-5000d-h\/","title":{"rendered":"Carreto DAIWA BG MQ ARK 5000D-H"},"content":{"rendered":"<div class=\"product-desc\">\n<p>O incontorn\u00e1vel carreto BG n\u00e3o p\u00e1ra de evoluir! Depois de ser equipado com a tecnologia Monocoque Body, ganha pot\u00eancia para afrontar com mais autoridade os maiores peixes gra\u00e7as \u00e0 sua nova pega ARK (Aluminium Round Knob). Pega de combate redonda em alum\u00ednio, aproveita as vantagens do drag ATD de \u00faltima gera\u00e7\u00e3o com discos de carbono e conduzir os combates dominados na perfei\u00e7\u00e3o.<\/p>\n<p>Carreto igualmente dispon\u00edvel nos tamanhos 8000, 10000, 14000, 18000 e 20.000.<\/p>\n<\/div>\n<ul>\n<li>Drag com tecnologia ATD com discos de carbono<\/li>\n<li>Rolamentos : 6 + 1<\/li>\n<li>Corpo alum\u00ednio e Air Rotor em policarbonato DS5<\/li>\n<li>Bobina em alum\u00ednio<\/li>\n<li>Enrolamento por espiras cruzadas<\/li>\n<li>Manivela em alum\u00ednio monoblocoo roscada no corpo. Pega de combate redonda em alum\u00ednio<\/li>\n<\/ul>\n<p>\u00a0<\/p>\n<p>\u00a0<\/p>\n<table class=\"table bordered js-pswp-gallery\">\n<tr>\n<th>\u00a0<\/th>\n<th>Refer\u00eancia<\/th>\n<th>Pega<\/th>\n<th>R\u00e1cio (\/1)<\/th>\n<th>VMV<\/th>\n<th>Peso<\/th>\n<th>Capacidade NYLON<\/th>\n<th>CAP. MULTIFILAMENTO<\/th>\n<th>Drag<\/th>\n<\/tr>\n<tr>\n<td><span class=\"new\">N<\/span><\/td>\n<td>BGMQ5000DHARK<\/td>\n<td>O+<\/td>\n<td>5,7<\/td>\n<td>96cm<\/td>\n<td>440g<\/td>\n<td>150m\/0,40mm<\/td>\n<td>300m\/0,22mm<\/td>\n<td>12kg<\/td>\n<\/tr>\n<\/table>\n","protected":false},"excerpt":{"rendered":"<p>BG MQ ARK<br \/>\nPreparado para as pescas ex\u00f3ticas<\/p>\n","protected":false},"featured_media":4447,"comment_status":"open","ping_status":"closed","template":"","meta":[],"product_brand":[],"product_cat":[44,67,517],"product_tag":[],"class_list":{"0":"post-2435","1":"product","2":"type-product","3":"status-publish","4":"has-post-thumbnail","6":"product_cat-020300-barco-buldo-falesia","7":"product_cat-020303-daiwa","8":"product_cat-ideal-pesca","10":"first","11":"instock","12":"taxable","13":"shipping-taxable","14":"purchasable","15":"product-type-simple"},"_links":{"self":[{"href":"https:\/\/idealpesca.com\/loja\/wp-json\/wp\/v2\/product\/2435","targetHints":{"allow":["GET"]}}],"collection":[{"href":"https:\/\/idealpesca.com\/loja\/wp-json\/wp\/v2\/product"}],"about":[{"href":"https:\/\/idealpesca.com\/loja\/wp-json\/wp\/v2\/types\/product"}],"replies":[{"embeddable":true,"href":"https:\/\/idealpesca.com\/loja\/wp-json\/wp\/v2\/comments?post=2435"}],"wp:featuredmedia":[{"embeddable":true,"href":"https:\/\/idealpesca.com\/loja\/wp-json\/wp\/v2\/media\/4447"}],"wp:attachment":[{"href":"https:\/\/idealpesca.com\/loja\/wp-json\/wp\/v2\/media?parent=2435"}],"wp:term":[{"taxonomy":"product_brand","embeddable":true,"href":"https:\/\/idealpesca.com\/loja\/wp-json\/wp\/v2\/product_brand?post=2435"},{"taxonomy":"product_cat","embeddable":true,"href":"https:\/\/idealpesca.com\/loja\/wp-json\/wp\/v2\/product_cat?post=2435"},{"taxonomy":"product_tag","embeddable":true,"href":"https:\/\/idealpesca.com\/loja\/wp-json\/wp\/v2\/product_tag?post=2435"}],"curies":[{"name":"wp","href":"https:\/\/api.w.org\/{rel}","templated":true}]}}