{"id":2426,"date":"2026-03-20T12:24:33","date_gmt":"2026-03-20T12:24:33","guid":{"rendered":"https:\/\/idealpesca.com\/loja\/produto\/cana-shimano-power-aero-surf-425axl\/"},"modified":"2026-03-20T23:48:56","modified_gmt":"2026-03-20T23:48:56","slug":"cana-shimano-power-aero-surf-425axl-2","status":"publish","type":"product","link":"https:\/\/idealpesca.com\/loja\/produto\/cana-shimano-power-aero-surf-425axl-2\/","title":{"rendered":"Cana Shimano POWER AERO SURF 425AXL hibrida"},"content":{"rendered":"<div class=\"accordeon-item targetActive\">\n<div>Blank Material &amp; Constru\u00e7\u00e3o:\u00a0 Spiral X Core, Nanopitch e Hi-Power X<\/div>\n<\/div>\n<div class=\"accordeon-item targetActive\">\n<p>Comprimento da cana &#8211; metros : 4.25 mtr<\/p>\n<p>Peso lan\u00e7amento max EU: 250 gr<\/p>\n<p>Ac\u00e7\u00e3o optima de lan\u00e7amento: 175 gr<\/p>\n<div class=\"row module-product_specifications_list_item\">Passadores: Fuji SIC LOW RIDER<\/p>\n<div class=\"col-xs-12 col-sm-9 col-lg-9\">\n<div class=\"module-product_specifications_list_item_value\">\u00a0<\/div>\n<\/div>\n<\/div>\n<div class=\"row module-product_specifications_list_item\">\n<div class=\"col-xs-12 col-sm-3 col-lg-3\">\n<div class=\"module-product_specifications_list_item_title\">Porta carretos: TUBULAR SHIMANO<\/div>\n<div class=\"module-product_specifications_list_item_title\">\u00a0<\/div>\n<div class=\"module-product_specifications_list_item_title\">\u00a0<\/div>\n<\/div>\n<\/div>\n<table class=\"module-product_table_data_table \">\n<tr>\n<th>Referencia<\/th>\n<th>Comprimento (m)<\/th>\n<th>Comprimento de transporte\u00a0(cm)<\/th>\n<th>Numero de sec\u00e7oes<\/th>\n<th>Numero de passadores<\/th>\n<th>Max.chumbada lan\u00e7amento (g)<\/th>\n<\/tr>\n<tr>\n<td>PASFH425AXL<\/td>\n<td>\n<div class=\"module-product_table_data_table_cell_value\">425<\/div>\n<\/td>\n<td>\n<div class=\"module-product_table_data_table_cell_value\">149.40<\/div>\n<\/td>\n<td>\n<div class=\"module-product_table_data_table_cell_value\">3<\/div>\n<\/td>\n<td>\n<div class=\"module-product_table_data_table_cell_value\">8<\/div>\n<\/td>\n<td>\n<div class=\"module-product_table_data_table_cell_value\">250<\/div>\n<\/td>\n<\/tr>\n<\/table>\n<\/div>\n","protected":false},"excerpt":{"rendered":"<p>Novidade POWER AERO SURF PARA 2025<br \/>\nO mito est\u00e1 novamente dispon\u00edvel em vers\u00e3o hibrida<\/p>\n","protected":false},"featured_media":5612,"comment_status":"open","ping_status":"closed","template":"","meta":[],"product_brand":[],"product_cat":[551,98],"product_tag":[],"class_list":{"0":"post-2426","1":"product","2":"type-product","3":"status-publish","4":"has-post-thumbnail","6":"product_cat-010100-surfcasting-pesca-de-lancamento","7":"product_cat-010109-shimano","9":"first","10":"instock","11":"taxable","12":"shipping-taxable","13":"purchasable","14":"product-type-variable"},"_links":{"self":[{"href":"https:\/\/idealpesca.com\/loja\/wp-json\/wp\/v2\/product\/2426","targetHints":{"allow":["GET"]}}],"collection":[{"href":"https:\/\/idealpesca.com\/loja\/wp-json\/wp\/v2\/product"}],"about":[{"href":"https:\/\/idealpesca.com\/loja\/wp-json\/wp\/v2\/types\/product"}],"replies":[{"embeddable":true,"href":"https:\/\/idealpesca.com\/loja\/wp-json\/wp\/v2\/comments?post=2426"}],"wp:featuredmedia":[{"embeddable":true,"href":"https:\/\/idealpesca.com\/loja\/wp-json\/wp\/v2\/media\/5612"}],"wp:attachment":[{"href":"https:\/\/idealpesca.com\/loja\/wp-json\/wp\/v2\/media?parent=2426"}],"wp:term":[{"taxonomy":"product_brand","embeddable":true,"href":"https:\/\/idealpesca.com\/loja\/wp-json\/wp\/v2\/product_brand?post=2426"},{"taxonomy":"product_cat","embeddable":true,"href":"https:\/\/idealpesca.com\/loja\/wp-json\/wp\/v2\/product_cat?post=2426"},{"taxonomy":"product_tag","embeddable":true,"href":"https:\/\/idealpesca.com\/loja\/wp-json\/wp\/v2\/product_tag?post=2426"}],"curies":[{"name":"wp","href":"https:\/\/api.w.org\/{rel}","templated":true}]}}