{"id":2409,"date":"2026-03-20T12:24:25","date_gmt":"2026-03-20T12:24:25","guid":{"rendered":"https:\/\/idealpesca.com\/loja\/produto\/sweat-shirt-shimano-com-capuz-azul\/"},"modified":"2026-03-20T23:58:04","modified_gmt":"2026-03-20T23:58:04","slug":"sweat-shirt-shimano-com-capuz-azul","status":"publish","type":"product","link":"https:\/\/idealpesca.com\/loja\/produto\/sweat-shirt-shimano-com-capuz-azul\/","title":{"rendered":"Sweat-shirt SHIMANO com capuz AZUL"},"content":{"rendered":"<p>Sweat-shirt com capuz em algod\u00e3o e polyester relativamente macio para uma postura descontra\u00edda permitindo pescar com estilo! Bolso na frente. Capuz com cord\u00e3o largo de ajuste.<\/p>\n<p>Cor: AZUL<\/p>\n<p>O Shimano Hoodie \u00e9 pr\u00e1tico e casula desenhado para a pratica da pesca. Feito em algod\u00e3o e polyester mant\u00e9m a temperatura.<br \/>O Shimano Hoodie em design 3D anumenta a suavidade de movimentos com algod\u00e3o suave e o polyester garante o conforto em quaisquer condi\u00e7\u00f5es. Com bolso frontal para manter as m\u00e3o quentes.<\/p>\n<p>\u00a0<\/p>\n","protected":false},"excerpt":{"rendered":"<p>Sweat-shirt com capuz em algod\u00e3o e polyester relativamente macio para uma postura descontra\u00edda permitindo pescar com estilo! Bolso na frente. Capuz com cord\u00e3o largo de ajuste. Cor: AZUL O Shimano Hoodie \u00e9 pr\u00e1tico e casula desenhado para a pratica da pesca. Feito em algod\u00e3o e polyester mant\u00e9m a temperatura.O Shimano Hoodie em design 3D anumenta [&hellip;]<\/p>\n","protected":false},"featured_media":5602,"comment_status":"open","ping_status":"closed","template":"","meta":[],"product_brand":[],"product_cat":[63,517],"product_tag":[],"class_list":{"0":"post-2409","1":"product","2":"type-product","3":"status-publish","4":"has-post-thumbnail","6":"product_cat-100101-t-shirt-polos-e-sweats","7":"product_cat-ideal-pesca","9":"first","10":"instock","11":"taxable","12":"shipping-taxable","13":"purchasable","14":"product-type-variable"},"_links":{"self":[{"href":"https:\/\/idealpesca.com\/loja\/wp-json\/wp\/v2\/product\/2409","targetHints":{"allow":["GET"]}}],"collection":[{"href":"https:\/\/idealpesca.com\/loja\/wp-json\/wp\/v2\/product"}],"about":[{"href":"https:\/\/idealpesca.com\/loja\/wp-json\/wp\/v2\/types\/product"}],"replies":[{"embeddable":true,"href":"https:\/\/idealpesca.com\/loja\/wp-json\/wp\/v2\/comments?post=2409"}],"wp:featuredmedia":[{"embeddable":true,"href":"https:\/\/idealpesca.com\/loja\/wp-json\/wp\/v2\/media\/5602"}],"wp:attachment":[{"href":"https:\/\/idealpesca.com\/loja\/wp-json\/wp\/v2\/media?parent=2409"}],"wp:term":[{"taxonomy":"product_brand","embeddable":true,"href":"https:\/\/idealpesca.com\/loja\/wp-json\/wp\/v2\/product_brand?post=2409"},{"taxonomy":"product_cat","embeddable":true,"href":"https:\/\/idealpesca.com\/loja\/wp-json\/wp\/v2\/product_cat?post=2409"},{"taxonomy":"product_tag","embeddable":true,"href":"https:\/\/idealpesca.com\/loja\/wp-json\/wp\/v2\/product_tag?post=2409"}],"curies":[{"name":"wp","href":"https:\/\/api.w.org\/{rel}","templated":true}]}}