{"id":240,"date":"2026-03-20T12:13:08","date_gmt":"2026-03-20T12:13:08","guid":{"rendered":"https:\/\/idealpesca.com\/loja\/produto\/cana-vercelli-enygma-speciale-4-20-mt-hybrid-tip\/"},"modified":"2026-03-20T23:49:49","modified_gmt":"2026-03-20T23:49:49","slug":"cana-vercelli-enygma-speciale-4-20-mt-hybrid-tip","status":"publish","type":"product","link":"https:\/\/idealpesca.com\/loja\/produto\/cana-vercelli-enygma-speciale-4-20-mt-hybrid-tip\/","title":{"rendered":"Cana VERCELLI ENYGMA SPECIALE 4.20 MT. HYBRID TIP"},"content":{"rendered":"<p><span style=\"font-size: 14pt\"><strong>-TAMANHO: 4.20 MT.;<\/strong><\/span><\/p>\n<p><span style=\"font-size: large;color: #000000\"><strong>-AC\u00c7\u00c3O: 100-200 GRAMAS;<\/strong><\/span><\/p>\n<p><span style=\"font-size: large;color: #000000\"><strong>-PASSADORES: FUJI LOW RIDER;<\/strong><\/span><\/p>\n<p><span style=\"font-size: large;color: #000000\"><strong>-PORTA-CARRETOS: FUJI DPS;<\/strong><\/span><\/p>\n<p><span style=\"font-size: large;color: #000000\"><strong>-MATERIAL: 100% CARBONO;<\/strong><\/span><\/p>\n<p><span style=\"font-size: large;color: #000000\"><strong>-PESO: 514 GRAMAS;<\/strong><\/span><\/p>\n","protected":false},"excerpt":{"rendered":"<p>Cana de ponteira hibrida, equipada com passadores fuji, com um carbono leve e com bastante elasticidade, sem perder a rigidez necess\u00e1ria para fazer um lan\u00e7amento longo, sem grande esfor\u00e7o.<\/p>\n","protected":false},"featured_media":2906,"comment_status":"open","ping_status":"closed","template":"","meta":[],"product_brand":[],"product_cat":[551,107],"product_tag":[],"class_list":{"0":"post-240","1":"product","2":"type-product","3":"status-publish","4":"has-post-thumbnail","6":"product_cat-010100-surfcasting-pesca-de-lancamento","7":"product_cat-010112-vercelli","9":"first","10":"instock","11":"taxable","12":"shipping-taxable","13":"purchasable","14":"product-type-variable"},"_links":{"self":[{"href":"https:\/\/idealpesca.com\/loja\/wp-json\/wp\/v2\/product\/240","targetHints":{"allow":["GET"]}}],"collection":[{"href":"https:\/\/idealpesca.com\/loja\/wp-json\/wp\/v2\/product"}],"about":[{"href":"https:\/\/idealpesca.com\/loja\/wp-json\/wp\/v2\/types\/product"}],"replies":[{"embeddable":true,"href":"https:\/\/idealpesca.com\/loja\/wp-json\/wp\/v2\/comments?post=240"}],"wp:featuredmedia":[{"embeddable":true,"href":"https:\/\/idealpesca.com\/loja\/wp-json\/wp\/v2\/media\/2906"}],"wp:attachment":[{"href":"https:\/\/idealpesca.com\/loja\/wp-json\/wp\/v2\/media?parent=240"}],"wp:term":[{"taxonomy":"product_brand","embeddable":true,"href":"https:\/\/idealpesca.com\/loja\/wp-json\/wp\/v2\/product_brand?post=240"},{"taxonomy":"product_cat","embeddable":true,"href":"https:\/\/idealpesca.com\/loja\/wp-json\/wp\/v2\/product_cat?post=240"},{"taxonomy":"product_tag","embeddable":true,"href":"https:\/\/idealpesca.com\/loja\/wp-json\/wp\/v2\/product_tag?post=240"}],"curies":[{"name":"wp","href":"https:\/\/api.w.org\/{rel}","templated":true}]}}