{"id":2391,"date":"2026-03-20T12:24:18","date_gmt":"2026-03-20T12:24:18","guid":{"rendered":"https:\/\/idealpesca.com\/loja\/produto\/carreto-daiwa-emblem-45-surf-scw-qdr-type-r\/"},"modified":"2026-03-20T23:50:14","modified_gmt":"2026-03-20T23:50:14","slug":"carreto-daiwa-emblem-45-surf-scw-qdr-type-r","status":"publish","type":"product","link":"https:\/\/idealpesca.com\/loja\/produto\/carreto-daiwa-emblem-45-surf-scw-qdr-type-r\/","title":{"rendered":"Carreto DAIWA Emblem 45 Surf Scw qdr TYPE-R"},"content":{"rendered":"<div class=\"product-content\">\n<div class=\"product-content-inner\">\n<div class=\"polymorphic-table product-table\">\n<div class=\"polymorphic-table-inner\">\n<p>O Emblem 45 tipo R \u00e9 o resultado de uma pesquisa de campo levada a cabo pelas equipas Daiwa no conjunto das costas da Pen\u00ednsula Ib\u00e9rica.<\/p>\n<ul>\n<li>Drag r\u00e1pido Quick Drag<\/li>\n<li>Rolamentos: 6 + 1<\/li>\n<li>Corpo e rotor em Zaion V<\/li>\n<li>3 bobinas em alum\u00ednio<\/li>\n<li>Enrolmento por espiras cruzadas<\/li>\n<li>Manivela alum\u00ednio rebat\u00edvel<\/li>\n<li>Clip linha HIP meta\u0301lico montado sobre amortecedor, muito robusto para marcar a sua dista\u0302ncia de lanc\u0327amento sem riscos de quebra<\/li>\n<\/ul>\n<p>\u00a0<\/p>\n<table>\n<tr>\n<th>refer\u00eancia<\/th>\n<th>pega<\/th>\n<th>vmv<\/th>\n<th>r\u00e1cio\/vmv<\/th>\n<th>num. Rolamentos<\/th>\n<th>peso<\/th>\n<th>nylon<\/th>\n<th>drag<\/th>\n<th>ref. bobina<\/th>\n<th>info<\/th>\n<\/tr>\n<tr>\n<td>EMS2335SCWQDR<\/td>\n<td>T<\/td>\n<td>104cm<\/td>\n<td>4.9\/104cm<\/td>\n<td>6+1<\/td>\n<td>550g<\/td>\n<td>300m\/0,18mm<\/td>\n<td>15kg<\/td>\n<td>Q945301\/Q945201<\/td>\n<td>Bob.2: 300m\/0,18mm Bob.3: 300m\/0,30mm<\/td>\n<\/tr>\n<tr>\n<td>EMS2345SCWQDR<\/td>\n<td>T<\/td>\n<td>104cm<\/td>\n<td>4.9\/104cm<\/td>\n<td>6+1<\/td>\n<td>610g<\/td>\n<td>300m\/0,18mm<\/td>\n<td>15kg<\/td>\n<td>Q857701\/Q855801\/Q856101<\/td>\n<td>Bob.2: 300m\/0,18mm Bob.3: 300m\/0,35mm<\/td>\n<\/tr>\n<\/table>\n<\/div>\n<\/div>\n<\/div>\n<\/div>\n","protected":false},"excerpt":{"rendered":"<p>O Emblem Type R de segunda gerac\u0327a\u0303o permite aos pescadores apaixonados e aos competidores ter um produto capaz de se adaptar a todas as situac\u0327o\u0303es de pesca. Extremamente polivalente, este carreto \u00e9 enriquecido com a tecnologia MagSealed para garantir impermeabilidade e uma durabilidade a toda a prova. O seu line-clip robusto permite marcar a dist\u00e2ncia de lan\u00e7amento sem o risco de quebra.<br \/>\nVERS\u00c3O COM 3 BOBINES ESPECIAL SURFCASTING<\/p>\n","protected":false},"featured_media":3768,"comment_status":"open","ping_status":"closed","template":"","meta":[],"product_brand":[],"product_cat":[46,85,43,517],"product_tag":[],"class_list":{"0":"post-2391","1":"product","2":"type-product","3":"status-publish","4":"has-post-thumbnail","6":"product_cat-020100-surfcasting-pesca-de-lancamento","7":"product_cat-020102-daiwa","8":"product_cat-310000-novidades-gerais","9":"product_cat-ideal-pesca","11":"first","12":"instock","13":"taxable","14":"shipping-taxable","15":"purchasable","16":"product-type-variable"},"_links":{"self":[{"href":"https:\/\/idealpesca.com\/loja\/wp-json\/wp\/v2\/product\/2391","targetHints":{"allow":["GET"]}}],"collection":[{"href":"https:\/\/idealpesca.com\/loja\/wp-json\/wp\/v2\/product"}],"about":[{"href":"https:\/\/idealpesca.com\/loja\/wp-json\/wp\/v2\/types\/product"}],"replies":[{"embeddable":true,"href":"https:\/\/idealpesca.com\/loja\/wp-json\/wp\/v2\/comments?post=2391"}],"wp:featuredmedia":[{"embeddable":true,"href":"https:\/\/idealpesca.com\/loja\/wp-json\/wp\/v2\/media\/3768"}],"wp:attachment":[{"href":"https:\/\/idealpesca.com\/loja\/wp-json\/wp\/v2\/media?parent=2391"}],"wp:term":[{"taxonomy":"product_brand","embeddable":true,"href":"https:\/\/idealpesca.com\/loja\/wp-json\/wp\/v2\/product_brand?post=2391"},{"taxonomy":"product_cat","embeddable":true,"href":"https:\/\/idealpesca.com\/loja\/wp-json\/wp\/v2\/product_cat?post=2391"},{"taxonomy":"product_tag","embeddable":true,"href":"https:\/\/idealpesca.com\/loja\/wp-json\/wp\/v2\/product_tag?post=2391"}],"curies":[{"name":"wp","href":"https:\/\/api.w.org\/{rel}","templated":true}]}}