{"id":23878,"date":"2024-02-07T16:10:22","date_gmt":"2024-02-07T16:10:22","guid":{"rendered":"https:\/\/idealpesca.com\/loja\/produto\/cana-barros-mitica-6-00mts\/"},"modified":"2026-05-14T17:17:22","modified_gmt":"2026-05-14T16:17:22","slug":"cana-barros-mitica-6-00mts","status":"publish","type":"product","link":"https:\/\/idealpesca.com\/loja\/produto\/cana-barros-mitica-6-00mts\/","title":{"rendered":"Cana Barros MITICA 6.00mts."},"content":{"rendered":"<p>Cana para pesca de boia, muito vers\u00e1til, pois permite pescar com pi\u00e3o e com boia de caneta, com a grande vantagem de estar dispon\u00edvel em seis e sete metros. As canas de sete metros s\u00e3o cada vez mais populares, sendo que a M\u00cdTICA n\u00e3o obriga o pescador a desembolsar muito dinheiro. Com um teste de curva de 5kg, esta cana refor\u00e7ada com Carbon 3 Way Wrap, vem montada com passadores Fuji K e porta carretos Pacific Bay.<\/p>\n<p>M\u00cdTICA 600<\/p>\n<ul>\n<li>Comprimento: 6.00m<\/li>\n<li>Comprimento fechada: 1.45m<\/li>\n<li>Sec\u00e7\u00f5es: 6<\/li>\n<li>Peso: 465g<\/li>\n<li>A\u00e7\u00e3o: M\u00e1ximo 80g (melhor desempenho: 15-40g)<\/li>\n<li>Teste de curva: 5kg<\/li>\n<\/ul>\n","protected":false},"excerpt":{"rendered":"<p>Cana telesc\u00f3pica em carbono M\u00cdTICA<\/p>\n","protected":false},"featured_media":28723,"comment_status":"open","ping_status":"closed","template":"","meta":[],"product_brand":[],"product_cat":[556,109],"product_tag":[],"class_list":{"0":"post-23878","1":"product","2":"type-product","3":"status-publish","4":"has-post-thumbnail","6":"product_cat-010400-boia-e-chumbadinha","7":"product_cat-010402-barros","9":"first","10":"instock","11":"taxable","12":"shipping-taxable","13":"purchasable","14":"product-type-variable"},"_links":{"self":[{"href":"https:\/\/idealpesca.com\/loja\/wp-json\/wp\/v2\/product\/23878","targetHints":{"allow":["GET"]}}],"collection":[{"href":"https:\/\/idealpesca.com\/loja\/wp-json\/wp\/v2\/product"}],"about":[{"href":"https:\/\/idealpesca.com\/loja\/wp-json\/wp\/v2\/types\/product"}],"replies":[{"embeddable":true,"href":"https:\/\/idealpesca.com\/loja\/wp-json\/wp\/v2\/comments?post=23878"}],"wp:featuredmedia":[{"embeddable":true,"href":"https:\/\/idealpesca.com\/loja\/wp-json\/wp\/v2\/media\/28723"}],"wp:attachment":[{"href":"https:\/\/idealpesca.com\/loja\/wp-json\/wp\/v2\/media?parent=23878"}],"wp:term":[{"taxonomy":"product_brand","embeddable":true,"href":"https:\/\/idealpesca.com\/loja\/wp-json\/wp\/v2\/product_brand?post=23878"},{"taxonomy":"product_cat","embeddable":true,"href":"https:\/\/idealpesca.com\/loja\/wp-json\/wp\/v2\/product_cat?post=23878"},{"taxonomy":"product_tag","embeddable":true,"href":"https:\/\/idealpesca.com\/loja\/wp-json\/wp\/v2\/product_tag?post=23878"}],"curies":[{"name":"wp","href":"https:\/\/api.w.org\/{rel}","templated":true}]}}