{"id":2384,"date":"2026-03-20T12:24:16","date_gmt":"2026-03-20T12:24:16","guid":{"rendered":"https:\/\/idealpesca.com\/loja\/produto\/shimano-carreto-tiagra-80lb-a-w-mao-direita-6800\/"},"modified":"2026-03-20T23:57:21","modified_gmt":"2026-03-20T23:57:21","slug":"shimano-carreto-tiagra-80lb-a-w-mao-direita-6800","status":"publish","type":"product","link":"https:\/\/idealpesca.com\/loja\/produto\/shimano-carreto-tiagra-80lb-a-w-mao-direita-6800\/","title":{"rendered":"Shimano Carreto Tiagra 80lb A W M\u00e3o Direita"},"content":{"rendered":"<div class=\"accordeon-item targetActive\">\n<p>&#8211; Peso modelo JP\/EU g: 3265 g;<br \/>\n&#8211; Tratamento: SW<br \/>\n&#8211; Rela\u00e7\u00e3o embraiagem: 2.5:1;<br \/>\n&#8211; Recupera\u00e7\u00e3o da linha\/manivela cm: 95;<\/p>\n<p>Poucos carretos acompanham o Tiagra em reputa\u00e7\u00e3o e presta\u00e7\u00f5es. primeira escolha para profissionais em todo o mundo, Tiagra \u00e9 lenda no BIG Game. Quando \u00e9 necess\u00e1rio combater com os maiores, mais agressivos e os mais r\u00e1pido exemplares dos mares o Tiagra \u00e9 a escolha dos especialistas.<\/p>\n<p>Com embraiagem hydrothermal e pr\u00e9-lubricada embraiagem e discos.<\/p>\n<p>Pe\u00e7a unica em aero aluminio, interior em a\u00e7o inox para manter pot\u00eancia m\u00e1xima em quaisquer circunt\u00e2ncias.<\/p>\n<\/div>\n","protected":false},"excerpt":{"rendered":"<p>Vers\u00e3o de manivela no lado DIREITO<\/p>\n","protected":false},"featured_media":5581,"comment_status":"open","ping_status":"closed","template":"","meta":[],"product_brand":[],"product_cat":[285,435,517],"product_tag":[],"class_list":{"0":"post-2384","1":"product","2":"type-product","3":"status-publish","4":"has-post-thumbnail","6":"product_cat-020400-slow-jigging-casting-e-electricos","7":"product_cat-020403-shimano","8":"product_cat-ideal-pesca","10":"first","11":"instock","12":"taxable","13":"shipping-taxable","14":"purchasable","15":"product-type-variable"},"_links":{"self":[{"href":"https:\/\/idealpesca.com\/loja\/wp-json\/wp\/v2\/product\/2384","targetHints":{"allow":["GET"]}}],"collection":[{"href":"https:\/\/idealpesca.com\/loja\/wp-json\/wp\/v2\/product"}],"about":[{"href":"https:\/\/idealpesca.com\/loja\/wp-json\/wp\/v2\/types\/product"}],"replies":[{"embeddable":true,"href":"https:\/\/idealpesca.com\/loja\/wp-json\/wp\/v2\/comments?post=2384"}],"wp:featuredmedia":[{"embeddable":true,"href":"https:\/\/idealpesca.com\/loja\/wp-json\/wp\/v2\/media\/5581"}],"wp:attachment":[{"href":"https:\/\/idealpesca.com\/loja\/wp-json\/wp\/v2\/media?parent=2384"}],"wp:term":[{"taxonomy":"product_brand","embeddable":true,"href":"https:\/\/idealpesca.com\/loja\/wp-json\/wp\/v2\/product_brand?post=2384"},{"taxonomy":"product_cat","embeddable":true,"href":"https:\/\/idealpesca.com\/loja\/wp-json\/wp\/v2\/product_cat?post=2384"},{"taxonomy":"product_tag","embeddable":true,"href":"https:\/\/idealpesca.com\/loja\/wp-json\/wp\/v2\/product_tag?post=2384"}],"curies":[{"name":"wp","href":"https:\/\/api.w.org\/{rel}","templated":true}]}}