{"id":2382,"date":"2026-03-20T12:24:15","date_gmt":"2026-03-20T12:24:15","guid":{"rendered":"https:\/\/idealpesca.com\/loja\/produto\/cana-daiwa-labrax-sb-962-hfs-2-90mts\/"},"modified":"2026-03-20T23:46:47","modified_gmt":"2026-03-20T23:46:47","slug":"cana-daiwa-labrax-sb-962-hfs-2-90mts","status":"publish","type":"product","link":"https:\/\/idealpesca.com\/loja\/produto\/cana-daiwa-labrax-sb-962-hfs-2-90mts\/","title":{"rendered":"Cana DAIWA LABRAX SB 962 HFS 2.90MTS."},"content":{"rendered":"<p>O novo blank desta se\u0301rie Labrax combina rapidez, leveza e incri\u0301vel performance ao lanc\u0327ar. O seu incri\u0301vel conforto de utilizac\u0327a\u0303o e a sua grande polivale\u0302ncia sa\u0303o tambe\u0301m ativos importantes para os entusiastas de equipamentos de excec\u0327a\u0303o.<\/p>\n<div class=\"product-content\">\n<div class=\"product-content-inner\">\n<div class=\"row\">\n<div class=\"col-1_1  product-technologies\">\n<div class=\"row xcondensed\">\n<div class=\"col-1_4 sm-1_5 md-1_4 lg-1_6 xl-1_8\">\n<table>\n<tr>\n<th>novo<\/th>\n<th>refer\u00eancia<\/th>\n<th>peso<\/th>\n<th>comprimento<\/th>\n<th>num.elementos<\/th>\n<th>desmontada<\/th>\n<th>porta-carreto<\/th>\n<th>tipo de passadores<\/th>\n<th>num. de passadores<\/th>\n<th>pot\u00eancia<\/th>\n<\/tr>\n<tr>\n<td>\u00a0<\/td>\n<td>LABSB702HFSAF<\/td>\n<td>122g<\/td>\n<td>2,13m<\/td>\n<td>2<\/td>\n<td>111cm<\/td>\n<td>Exclusif \u00e0 vis<\/td>\n<td>Fuji Sic Titanium<\/td>\n<td>9<\/td>\n<td>14-42g<\/td>\n<\/tr>\n<tr>\n<td>\u00a0<\/td>\n<td>LABSB732MHFSOSAF<\/td>\n<td>114g<\/td>\n<td>2,21m<\/td>\n<td>1+1<\/td>\n<td>181cm<\/td>\n<td>Exclusif Daiwa<\/td>\n<td>Fuji Sic Titanium<\/td>\n<td>9<\/td>\n<td>7-28g<\/td>\n<\/tr>\n<tr>\n<td>\u00a0<\/td>\n<td>LABSB762HMHFSOSAF<\/td>\n<td>119g<\/td>\n<td>2,29m<\/td>\n<td>1+1<\/td>\n<td>187cm<\/td>\n<td>Exclusif \u00e0 vis<\/td>\n<td>Fuji Sic Titanium<\/td>\n<td>9<\/td>\n<td>10-35g<\/td>\n<\/tr>\n<tr>\n<td>NEW<\/td>\n<td>LABSB782HXHFSOSAF<\/td>\n<td>132g<\/td>\n<td>2,34m<\/td>\n<td>1+1<\/td>\n<td>192cm<\/td>\n<td>Exclusif \u00e0 vis<\/td>\n<td>Fuji SicTitanium<\/td>\n<td>9<\/td>\n<td>14-56g<\/td>\n<\/tr>\n<tr>\n<td>\u00a0<\/td>\n<td>LABSB802HFSAF<\/td>\n<td>132g<\/td>\n<td>2,44m<\/td>\n<td>2<\/td>\n<td>127cm<\/td>\n<td>Exclusif Daiwa<\/td>\n<td>Fuji Sic Titanium<\/td>\n<td>9<\/td>\n<td>14-42g<\/td>\n<\/tr>\n<tr>\n<td>NEW<\/td>\n<td>LABSB832MHXSAF<\/td>\n<td>136g<\/td>\n<td>2,51m<\/td>\n<td>2<\/td>\n<td>130cm<\/td>\n<td>Exclusif \u00e0 vis<\/td>\n<td>Fuji SicTitanium<\/td>\n<td>9<\/td>\n<td>7-28g<\/td>\n<\/tr>\n<tr>\n<td>\u00a0<\/td>\n<td>LABSB902HFSAF<\/td>\n<td>152g<\/td>\n<td>2,74m<\/td>\n<td>2<\/td>\n<td>142cm<\/td>\n<td>Exclusif \u00e0 vis<\/td>\n<td>Fuji Sic Titanium<\/td>\n<td>9<\/td>\n<td>14-42g<\/td>\n<\/tr>\n<tr>\n<td>NEW<\/td>\n<td>LABSB962HFSAF<\/td>\n<td>155g<\/td>\n<td>2,90m<\/td>\n<td>2<\/td>\n<td>149cm<\/td>\n<td>Exclusif \u00e0 vis<\/td>\n<td>Fuji SicTitanium<\/td>\n<td>9<\/td>\n<td>14-42g<\/td>\n<\/tr>\n<tr>\n<td>\u00a0<\/td>\n<td>LABSB1002HXHFSAF<\/td>\n<td>174g<\/td>\n<td>3,05m<\/td>\n<td>2<\/td>\n<td>157cm<\/td>\n<td>Exclusif \u00e0 vis<\/td>\n<td>Fuji Sic Titanium<\/td>\n<td>10<\/td>\n<td>14-56g<\/td>\n<\/tr>\n<\/table>\n<\/div>\n<\/div>\n<\/div>\n<\/div>\n<\/div>\n<\/div>\n<div class=\"bandeau\">\nESPECIFICA\u00c7\u00d5ES\n<\/div>\n<div class=\"table-specs\">\u00a0<\/div>\n<h3>AIR SENSOR<\/h3>\n<p>Os porta-carretos Daiwa &#8220;Air Sensor&#8221; s\u00e3o feitos com fibras de carbono. Assim, s\u00e3o mais leves, mais s\u00f3lidos e maximizam a sensibilidade da cana. Esses porta-carretos em puro carbono n\u00e3o podem ser maquinados como os modelos standard. S\u00e3o concebidos com ferramentas espec\u00edficas, prestando a maior aten\u00e7\u00e3o ao design e \u00e0s formas. S\u00e3o componentes de \u00faltima gera\u00e7\u00e3o e de uma precis\u00e3o extrema. Uma tecnologia exclusiva Daiwa.<\/p>\n","protected":false},"excerpt":{"rendered":"<p>Blank carbono SVF (Super High Volume Fiber) montado com a tecnologia X45 Full shield<br \/>\nEncaixe invertido<br \/>\nPassadores Fuji sic Titanium<br \/>\nPorta-carreto ergon\u00f3mico exclusivo Daiwa &#8220;Air Sensor&#8221;<br \/>\nPega EVA acompanhada<br \/>\nA\u00e7\u00e3o de ponta rapida<br \/>\nFixador de amostra met\u00e1lico articulado<\/p>\n","protected":false},"featured_media":5089,"comment_status":"open","ping_status":"closed","template":"","meta":[],"product_brand":[],"product_cat":[545,145,517],"product_tag":[],"class_list":{"0":"post-2382","1":"product","2":"type-product","3":"status-publish","4":"has-post-thumbnail","6":"product_cat-010200-spinning","7":"product_cat-010203-daiwa","8":"product_cat-ideal-pesca","10":"first","11":"instock","12":"taxable","13":"shipping-taxable","14":"purchasable","15":"product-type-variable"},"_links":{"self":[{"href":"https:\/\/idealpesca.com\/loja\/wp-json\/wp\/v2\/product\/2382","targetHints":{"allow":["GET"]}}],"collection":[{"href":"https:\/\/idealpesca.com\/loja\/wp-json\/wp\/v2\/product"}],"about":[{"href":"https:\/\/idealpesca.com\/loja\/wp-json\/wp\/v2\/types\/product"}],"replies":[{"embeddable":true,"href":"https:\/\/idealpesca.com\/loja\/wp-json\/wp\/v2\/comments?post=2382"}],"wp:featuredmedia":[{"embeddable":true,"href":"https:\/\/idealpesca.com\/loja\/wp-json\/wp\/v2\/media\/5089"}],"wp:attachment":[{"href":"https:\/\/idealpesca.com\/loja\/wp-json\/wp\/v2\/media?parent=2382"}],"wp:term":[{"taxonomy":"product_brand","embeddable":true,"href":"https:\/\/idealpesca.com\/loja\/wp-json\/wp\/v2\/product_brand?post=2382"},{"taxonomy":"product_cat","embeddable":true,"href":"https:\/\/idealpesca.com\/loja\/wp-json\/wp\/v2\/product_cat?post=2382"},{"taxonomy":"product_tag","embeddable":true,"href":"https:\/\/idealpesca.com\/loja\/wp-json\/wp\/v2\/product_tag?post=2382"}],"curies":[{"name":"wp","href":"https:\/\/api.w.org\/{rel}","templated":true}]}}