{"id":238,"date":"2026-03-20T12:13:08","date_gmt":"2026-03-20T12:13:08","guid":{"rendered":"https:\/\/idealpesca.com\/loja\/produto\/daiwa-saltiga-12-fibras-300-metros\/"},"modified":"2026-03-20T23:53:41","modified_gmt":"2026-03-20T23:53:41","slug":"daiwa-saltiga-12-fibras-300-metros","status":"publish","type":"product","link":"https:\/\/idealpesca.com\/loja\/produto\/daiwa-saltiga-12-fibras-300-metros\/","title":{"rendered":"Linha Daiwa SALTIGA 12 FIBRAS 600 Mtr."},"content":{"rendered":"<p><span style=\"color: #000000;font-size: large\"><strong>&#8211; MULTIFILAMENTO DE 12 FIBRAS;<\/strong><\/span><\/p>\n<p><span style=\"color: #000000;font-size: large\"><strong>&#8211; BOBINES DE 600 METROS;<\/strong><\/span><\/p>\n<p>\u00a0<\/p>\n<table class=\"table bordered js-pswp-gallery\">\n<tr>\n<th>Di\u00e2metro (mm)<\/th>\n<th>PE<\/th>\n<th>Resist\u00eancia<\/th>\n<th>Resist\u00eancia<\/th>\n<th>300 m<br \/>Multicor<\/th>\n<th>600 m<br \/>Multicor<\/th>\n<\/tr>\n<tr>\n<td>16\/100<\/td>\n<td>#1,5<\/td>\n<td>14,0 kg<\/td>\n<td>31 lb<\/td>\n<td><a href=\"https:\/\/www.daiwa.pt\/uploads\/products\/line_equipment\/2018\/11\/12696316_1200x1200.jpg\"> <span class=\"inner\"> <img decoding=\"async\" src=\"image\/gif;base64,R0lGODlhAQABAIAAAMLCwgAAACH5BAAAAAAALAAAAAABAAEAAAICRAEAOw==\" alt=\"\" width=\"1\" height=\"1\" \/><\/span><\/a><br \/>\n12696316\n<\/td>\n<td>12696616<\/td>\n<\/tr>\n<tr>\n<td>18\/100<\/td>\n<td>#2<\/td>\n<td>16,2 kg<\/td>\n<td>36 lb<\/td>\n<td>12696318<\/td>\n<td><a href=\"https:\/\/www.daiwa.pt\/uploads\/products\/line_equipment\/2019\/10\/12696618_1200x1200.jpg\"> <span class=\"inner\"> <img decoding=\"async\" src=\"image\/gif;base64,R0lGODlhAQABAIAAAMLCwgAAACH5BAAAAAAALAAAAAABAAEAAAICRAEAOw==\" alt=\"\" width=\"1\" height=\"1\" \/><\/span><\/a><br \/>\n12696618\n<\/td>\n<\/tr>\n<tr>\n<td>26\/100<\/td>\n<td>#3<\/td>\n<td>24,8 kg<\/td>\n<td>55 lb<\/td>\n<td>12696326<\/td>\n<td>12696626<\/td>\n<\/tr>\n<tr>\n<td>30\/100<\/td>\n<td>#4<\/td>\n<td>30,7 kg<\/td>\n<td>68 lb<\/td>\n<td>12696330<\/td>\n<td><a href=\"https:\/\/www.daiwa.pt\/uploads\/products\/line_equipment\/2019\/10\/12696630_1200x1200.jpg\"> <span class=\"inner\"> <img decoding=\"async\" src=\"image\/gif;base64,R0lGODlhAQABAIAAAMLCwgAAACH5BAAAAAAALAAAAAABAAEAAAICRAEAOw==\" alt=\"\" width=\"1\" height=\"1\" \/><\/span><\/a><br \/>\n12696630\n<\/td>\n<\/tr>\n<tr>\n<td>33\/100<\/td>\n<td>#5<\/td>\n<td>39,7 kg<\/td>\n<td>88 lb<\/td>\n<td>12696333<\/td>\n<td>12696633<\/td>\n<\/tr>\n<tr>\n<td>35\/100<\/td>\n<td>#6<\/td>\n<td>45,3 kg<\/td>\n<td>100 lb<\/td>\n<td><a href=\"https:\/\/www.daiwa.pt\/uploads\/products\/line_equipment\/2018\/10\/12696335_1200x1200.jpg\"> <span class=\"inner\"> <img decoding=\"async\" src=\"image\/gif;base64,R0lGODlhAQABAIAAAMLCwgAAACH5BAAAAAAALAAAAAABAAEAAAICRAEAOw==\" alt=\"\" width=\"1\" height=\"1\" \/><\/span><\/a><br \/>\n12696335\n<\/td>\n<td>12696635<\/td>\n<\/tr>\n<tr>\n<td>45\/100<\/td>\n<td>#8<\/td>\n<td>53,4 kg<\/td>\n<td>118 lb<\/td>\n<td>12696345<\/td>\n<td><a href=\"https:\/\/www.daiwa.pt\/uploads\/products\/line_equipment\/2019\/10\/12696645_1200x1200.jpg\"> <span class=\"inner\"> <img decoding=\"async\" src=\"image\/gif;base64,R0lGODlhAQABAIAAAMLCwgAAACH5BAAAAAAALAAAAAABAAEAAAICRAEAOw==\" alt=\"\" width=\"1\" height=\"1\" \/><\/span><\/a><br \/>\n12696645\n<\/td>\n<\/tr>\n<\/table>\n","protected":false},"excerpt":{"rendered":"<p>&#8211; MULTIFILAMENTO DE 12 FIBRAS; &#8211; BOBINES DE 600 METROS; \u00a0 Di\u00e2metro (mm) PE Resist\u00eancia Resist\u00eancia 300 mMulticor 600 mMulticor 16\/100 #1,5 14,0 kg 31 lb 12696316 12696616 18\/100 #2 16,2 kg 36 lb 12696318 12696618 26\/100 #3 24,8 kg 55 lb 12696326 12696626 30\/100 #4 30,7 kg 68 lb 12696330 12696630 33\/100 #5 39,7 [&hellip;]<\/p>\n","protected":false},"featured_media":2904,"comment_status":"open","ping_status":"closed","template":"","meta":[],"product_brand":[],"product_cat":[302,354],"product_tag":[],"class_list":{"0":"post-238","1":"product","2":"type-product","3":"status-publish","4":"has-post-thumbnail","6":"product_cat-060800-multifilamento-500-metros","7":"product_cat-060802-daiwa","9":"first","10":"instock","11":"taxable","12":"shipping-taxable","13":"purchasable","14":"product-type-variable"},"_links":{"self":[{"href":"https:\/\/idealpesca.com\/loja\/wp-json\/wp\/v2\/product\/238","targetHints":{"allow":["GET"]}}],"collection":[{"href":"https:\/\/idealpesca.com\/loja\/wp-json\/wp\/v2\/product"}],"about":[{"href":"https:\/\/idealpesca.com\/loja\/wp-json\/wp\/v2\/types\/product"}],"replies":[{"embeddable":true,"href":"https:\/\/idealpesca.com\/loja\/wp-json\/wp\/v2\/comments?post=238"}],"wp:featuredmedia":[{"embeddable":true,"href":"https:\/\/idealpesca.com\/loja\/wp-json\/wp\/v2\/media\/2904"}],"wp:attachment":[{"href":"https:\/\/idealpesca.com\/loja\/wp-json\/wp\/v2\/media?parent=238"}],"wp:term":[{"taxonomy":"product_brand","embeddable":true,"href":"https:\/\/idealpesca.com\/loja\/wp-json\/wp\/v2\/product_brand?post=238"},{"taxonomy":"product_cat","embeddable":true,"href":"https:\/\/idealpesca.com\/loja\/wp-json\/wp\/v2\/product_cat?post=238"},{"taxonomy":"product_tag","embeddable":true,"href":"https:\/\/idealpesca.com\/loja\/wp-json\/wp\/v2\/product_tag?post=238"}],"curies":[{"name":"wp","href":"https:\/\/api.w.org\/{rel}","templated":true}]}}