{"id":23706,"date":"2023-10-28T11:38:26","date_gmt":"2023-10-28T10:38:26","guid":{"rendered":"https:\/\/idealpesca.com\/loja\/produto\/cana-daiwa-bg-tenya-242-h-af\/"},"modified":"2026-05-15T19:43:18","modified_gmt":"2026-05-15T18:43:18","slug":"cana-daiwa-bg-tenya-242-h-af","status":"publish","type":"product","link":"https:\/\/idealpesca.com\/loja\/produto\/cana-daiwa-bg-tenya-242-h-af\/","title":{"rendered":"Cana DAIWA BG TENYA 242 H AF"},"content":{"rendered":"<div class=\"product-desc\" style=\"background-color: transparent;color: #292f38;font-family: OpenSansRegular,Arial,sans-serif;font-size: 15px;font-style: normal;font-variant: normal;font-weight: 400;letter-spacing: normal;text-align: left;text-decoration: none;text-indent: 0px;text-transform: none;white-space: normal\">\u00a0<\/p>\n<table class=\"table bordered js-pswp-gallery\">\n<thead>\n<tr>\n<th>Refer\u00eancia<\/th>\n<th>Comprimento<\/th>\n<th>Elementos<\/th>\n<th>Desmontada<\/th>\n<th>Peso<\/th>\n<th>Passadores<\/th>\n<th>Pot\u00eancia<\/th>\n<\/tr>\n<\/thead>\n<tbody>\n<tr>\n<td>BG242H AF<\/td>\n<td>2,40m<\/td>\n<td>2<\/td>\n<td>124cm<\/td>\n<td>146g<\/td>\n<td>11<\/td>\n<td>15-80g<\/td>\n<\/tr>\n<\/tbody>\n<\/table>\n<\/div>\n<ul class=\"product-specifications\" style=\"background-color: transparent;color: #292f38;font-family: OpenSansRegular,Arial,sans-serif;font-size: 15px;font-style: normal;font-variant: normal;font-weight: 400;letter-spacing: normal;list-style-type: none;text-align: left;text-decoration: none;text-indent: 0px;text-transform: none;white-space: normal;padding: 0px;margin: 0px 0px 20px 0px\">\n<li style=\"font-family: OpenSansRegular,Arial,sans-serif;font-size: 15px;font-style: normal;font-weight: 400;left: auto;line-height: 18px;padding-bottom: 5px;padding-left: 30px;position: relative;top: auto\">\n<div class=\"product-desc\">\n<p>\u00a0<\/p>\n<p>Uma vers\u00e3o de gama m\u00e9dia da Daiwa j\u00e1 com um carbono de alto n\u00edvel.<\/p><\/div>\n<\/li>\n<li style=\"font-family: OpenSansRegular,Arial,sans-serif;font-size: 15px;font-style: normal;font-weight: 400;left: auto;line-height: 18px;padding-bottom: 5px;padding-left: 30px;position: relative;top: auto\">\n<div class=\"product-desc\">Destinada a pesca de espar\u00eddeos na vertical (Tenya, Kabura), estas duas BG com ponteiras maci\u00e7as oferecem diferentes op\u00e7\u00f5es aos exigentes pescadores. O modelo bait casting \u00e9 recomendado para as pescas profundas com fortes correntes que requerem montagens pesadas. O modelo spinning \u00e9 ideal para as profundidades moderadas ou zonas sem corrente, onde \u00e9 conveniente privilegiar a apresenta\u00e7\u00e3o. Recomendamos para estas canas a utiliza\u00e7\u00e3o de multifilamentos (8\/100 a 12\/100). O modelo spinning \u00e9 adequado a pesca com pedra no Mediterr\u00e2neo e Costa Vicentina.<\/div>\n<ul class=\"product-specifications\">\n<li>Blank carbono com a tecnologia x45<\/li>\n<li>Encaixe V-Joint<\/li>\n<li>Passadores Fuji<\/li>\n<li>Porta-carreto\u00a0 Daiwa air sensor<\/li>\n<li>Pega EVA alta densidade<\/li>\n<li>A\u00e7\u00e3o de ponta<\/li>\n<\/ul>\n<\/li>\n<\/ul>\n","protected":false},"excerpt":{"rendered":"<p>Uma cana de qualidade para a pesca com tenya<\/p>\n","protected":false},"featured_media":28374,"comment_status":"open","ping_status":"closed","template":"","meta":[],"product_brand":[],"product_cat":[545,145,418,552],"product_tag":[],"class_list":{"0":"post-23706","1":"product","2":"type-product","3":"status-publish","4":"has-post-thumbnail","6":"product_cat-010200-spinning","7":"product_cat-010203-daiwa","8":"product_cat-010304-daiwa","9":"product_cat-010603-daiwa","11":"first","12":"instock","13":"taxable","14":"shipping-taxable","15":"purchasable","16":"product-type-simple"},"_links":{"self":[{"href":"https:\/\/idealpesca.com\/loja\/wp-json\/wp\/v2\/product\/23706","targetHints":{"allow":["GET"]}}],"collection":[{"href":"https:\/\/idealpesca.com\/loja\/wp-json\/wp\/v2\/product"}],"about":[{"href":"https:\/\/idealpesca.com\/loja\/wp-json\/wp\/v2\/types\/product"}],"replies":[{"embeddable":true,"href":"https:\/\/idealpesca.com\/loja\/wp-json\/wp\/v2\/comments?post=23706"}],"wp:featuredmedia":[{"embeddable":true,"href":"https:\/\/idealpesca.com\/loja\/wp-json\/wp\/v2\/media\/28374"}],"wp:attachment":[{"href":"https:\/\/idealpesca.com\/loja\/wp-json\/wp\/v2\/media?parent=23706"}],"wp:term":[{"taxonomy":"product_brand","embeddable":true,"href":"https:\/\/idealpesca.com\/loja\/wp-json\/wp\/v2\/product_brand?post=23706"},{"taxonomy":"product_cat","embeddable":true,"href":"https:\/\/idealpesca.com\/loja\/wp-json\/wp\/v2\/product_cat?post=23706"},{"taxonomy":"product_tag","embeddable":true,"href":"https:\/\/idealpesca.com\/loja\/wp-json\/wp\/v2\/product_tag?post=23706"}],"curies":[{"name":"wp","href":"https:\/\/api.w.org\/{rel}","templated":true}]}}