{"id":2368,"date":"2026-03-20T12:24:11","date_gmt":"2026-03-20T12:24:11","guid":{"rendered":"https:\/\/idealpesca.com\/loja\/produto\/ceana-eely-shad-95mm\/"},"modified":"2026-03-20T23:51:44","modified_gmt":"2026-03-20T23:51:44","slug":"ceana-eely-shad-95mm","status":"publish","type":"product","link":"https:\/\/idealpesca.com\/loja\/produto\/ceana-eely-shad-95mm\/","title":{"rendered":"CEANA EELY SHAD 95MM"},"content":{"rendered":"<p>COMPRIMENTO: 9.5CM.;<\/p>\n<p>QUANTIDADE POR EMBALAGEM: 2 UNIDADES COM CABE\u00c7OTE<\/p>\n<p>PESO : 8.5GRS<\/p>\n","protected":false},"excerpt":{"rendered":"<p>VINIL DE ALTA QUALIDADE JAPONESA<\/p>\n<p>PRE\u00c7O S\u00d3 DA EMBALAGEM DOS VINIS<br \/>\nCOMBINA COM CABE\u00c7OTES DAIWA JIG HEAD VENDIDOS \u00c0 PARTE NA CATEGORIA DE CABE\u00c7OTES<\/p>\n","protected":false},"featured_media":5484,"comment_status":"open","ping_status":"closed","template":"","meta":[],"product_brand":[],"product_cat":[53,539],"product_tag":[],"class_list":{"0":"post-2368","1":"product","2":"type-product","3":"status-publish","4":"has-post-thumbnail","6":"product_cat-030400-amostras-vinil","7":"product_cat-030421-major-craft","9":"first","10":"instock","11":"taxable","12":"shipping-taxable","13":"purchasable","14":"product-type-variable"},"_links":{"self":[{"href":"https:\/\/idealpesca.com\/loja\/wp-json\/wp\/v2\/product\/2368","targetHints":{"allow":["GET"]}}],"collection":[{"href":"https:\/\/idealpesca.com\/loja\/wp-json\/wp\/v2\/product"}],"about":[{"href":"https:\/\/idealpesca.com\/loja\/wp-json\/wp\/v2\/types\/product"}],"replies":[{"embeddable":true,"href":"https:\/\/idealpesca.com\/loja\/wp-json\/wp\/v2\/comments?post=2368"}],"wp:featuredmedia":[{"embeddable":true,"href":"https:\/\/idealpesca.com\/loja\/wp-json\/wp\/v2\/media\/5484"}],"wp:attachment":[{"href":"https:\/\/idealpesca.com\/loja\/wp-json\/wp\/v2\/media?parent=2368"}],"wp:term":[{"taxonomy":"product_brand","embeddable":true,"href":"https:\/\/idealpesca.com\/loja\/wp-json\/wp\/v2\/product_brand?post=2368"},{"taxonomy":"product_cat","embeddable":true,"href":"https:\/\/idealpesca.com\/loja\/wp-json\/wp\/v2\/product_cat?post=2368"},{"taxonomy":"product_tag","embeddable":true,"href":"https:\/\/idealpesca.com\/loja\/wp-json\/wp\/v2\/product_tag?post=2368"}],"curies":[{"name":"wp","href":"https:\/\/api.w.org\/{rel}","templated":true}]}}