{"id":2367,"date":"2026-03-20T12:24:10","date_gmt":"2026-03-20T12:24:10","guid":{"rendered":"https:\/\/idealpesca.com\/loja\/produto\/carreto-daiwa-fuego-lt-23-2500cxh-6733\/"},"modified":"2026-03-20T23:50:15","modified_gmt":"2026-03-20T23:50:15","slug":"carreto-daiwa-fuego-lt-23-2500cxh-6733","status":"publish","type":"product","link":"https:\/\/idealpesca.com\/loja\/produto\/carreto-daiwa-fuego-lt-23-2500cxh-6733\/","title":{"rendered":"CARRETO Daiwa FUEGO LT 23 2000S-XH"},"content":{"rendered":"<table class=\"table bordered js-pswp-gallery\">\n<tr>\n<th>Refer\u00eancia<\/th>\n<th>Pega<\/th>\n<th>R\u00e1cio (\/1)<\/th>\n<th>VMV<\/th>\n<th>Peso<\/th>\n<th>Nylon<\/th>\n<th>Multifilamento<\/th>\n<th>Drag<\/th>\n<\/tr>\n<tr>\n<td><span class=\"new\">FUEGO23LT2500CXH<\/span><\/td>\n<td><a href=\"https:\/\/www.daiwa.pt\/uploads\/products\/reels\/2020\/10\/fuego20lt3000cxh_1200x1200.jpg\"><span class=\"inner\"><img decoding=\"async\" src=\"image\/gif;base64,R0lGODlhAQABAIAAAMLCwgAAACH5BAAAAAAALAAAAAABAAEAAAICRAEAOw==\" alt=\"\" width=\"1\" height=\"1\" \/><\/span><\/a><br \/>\nT\u00a0\n<\/td>\n<td>6,2<\/td>\n<td>87cm<\/td>\n<td>1955G<\/td>\n<td>0.20mm-150m<\/td>\n<td>0.10mm-200m<\/td>\n<td>10KG<\/td>\n<td>\u00a0<\/td>\n<\/tr>\n<tr>\n<td><span class=\"new\">FUEGO23LT4000C<\/span><\/td>\n<td>\u00a0 \u00a0 \u00a0 \u00a0 T<\/td>\n<td>5,2<\/td>\n<td>82cm<\/td>\n<td>230G<\/td>\n<td>0.28mm-150m<\/td>\n<td>0.18mm-200m<\/td>\n<td>12KG<\/td>\n<td>\u00a0<\/td>\n<\/tr>\n<tr>\n<td><span class=\"new\">FUEGO23LT4000CXH<\/span><\/td>\n<td><a href=\"https:\/\/www.daiwa.pt\/uploads\/products\/reels\/2020\/10\/fuego20lt4000cxh_1200x1200.jpg\"><span class=\"inner\"><img decoding=\"async\" src=\"image\/gif;base64,R0lGODlhAQABAIAAAMLCwgAAACH5BAAAAAAALAAAAAABAAEAAAICRAEAOw==\" alt=\"\" width=\"1\" height=\"1\" \/><\/span><\/a><br \/>\nT\n<\/td>\n<td>6,2<\/td>\n<td>99cm<\/td>\n<td>230G<\/td>\n<td>0.28mm-150m<\/td>\n<td>0.18mm-200<\/td>\n<td>12KG<\/td>\n<td>\u00a0<\/td>\n<\/tr>\n<tr>\n<td><span class=\"new\">FUEGO23LT5000C<\/span><\/td>\n<td>\u00a0 \u00a0 \u00a0 \u00a0 T<\/td>\n<td>5,2<\/td>\n<td>87cm<\/td>\n<td>235G<\/td>\n<td>0.37mm-150m<\/td>\n<td>0.20mm-300m<\/td>\n<td>12KG<\/td>\n<td>\u00a0<\/td>\n<\/tr>\n<tr>\n<td><span class=\"new\">FUEGO23LT5000CXH<\/span><\/td>\n<td><a href=\"https:\/\/www.daiwa.pt\/uploads\/products\/reels\/2020\/10\/fuego20lt5000cxh_1200x1200.jpg\"><span class=\"inner\"><img decoding=\"async\" src=\"image\/gif;base64,R0lGODlhAQABAIAAAMLCwgAAACH5BAAAAAAALAAAAAABAAEAAAICRAEAOw==\" alt=\"\" width=\"1\" height=\"1\" \/><\/span><\/a><br \/>\nT\n<\/td>\n<td>6,2<\/td>\n<td>105cm<\/td>\n<td>235G<\/td>\n<td>0.37mm-150m<\/td>\n<td>0.20mm-300m<\/td>\n<td>12KG<\/td>\n<td>\u00a0<\/td>\n<\/tr>\n<\/table>\n<p>\u00a0<\/p>\n","protected":false},"excerpt":{"rendered":"<p>Uma gama altamente cobi\u00e7ada na categoria peso pluma! O Fuego LT 2023 herda todas as vantagens do conceito Light &amp; Tough. O corpo e o rotor do Fuego 2023 s\u00e3o feitos de carbono Zaion V, um novo composto derivado de um carbono ainda mais resistente. O \u00f3leo MagSealed constantemente estabilizado num campo magn\u00e9tico garante rota\u00e7\u00e3o suave e estanqueidade do corpo. Finalmente, o drag com uma massa ATD \u00e9 refor\u00e7ado com um bot\u00e3o de aperto de tamanho grandel. A melhor rela\u00e7\u00e3o entre leveza, robustez e durabilidade.<\/p>\n","protected":false},"featured_media":4990,"comment_status":"open","ping_status":"closed","template":"","meta":[],"product_brand":[],"product_cat":[45,74,43,517],"product_tag":[],"class_list":{"0":"post-2367","1":"product","2":"type-product","3":"status-publish","4":"has-post-thumbnail","6":"product_cat-020200-boia-spinning-eging","7":"product_cat-020203-daiwa","8":"product_cat-310000-novidades-gerais","9":"product_cat-ideal-pesca","11":"first","12":"instock","13":"taxable","14":"shipping-taxable","15":"purchasable","16":"product-type-variable"},"_links":{"self":[{"href":"https:\/\/idealpesca.com\/loja\/wp-json\/wp\/v2\/product\/2367","targetHints":{"allow":["GET"]}}],"collection":[{"href":"https:\/\/idealpesca.com\/loja\/wp-json\/wp\/v2\/product"}],"about":[{"href":"https:\/\/idealpesca.com\/loja\/wp-json\/wp\/v2\/types\/product"}],"replies":[{"embeddable":true,"href":"https:\/\/idealpesca.com\/loja\/wp-json\/wp\/v2\/comments?post=2367"}],"wp:featuredmedia":[{"embeddable":true,"href":"https:\/\/idealpesca.com\/loja\/wp-json\/wp\/v2\/media\/4990"}],"wp:attachment":[{"href":"https:\/\/idealpesca.com\/loja\/wp-json\/wp\/v2\/media?parent=2367"}],"wp:term":[{"taxonomy":"product_brand","embeddable":true,"href":"https:\/\/idealpesca.com\/loja\/wp-json\/wp\/v2\/product_brand?post=2367"},{"taxonomy":"product_cat","embeddable":true,"href":"https:\/\/idealpesca.com\/loja\/wp-json\/wp\/v2\/product_cat?post=2367"},{"taxonomy":"product_tag","embeddable":true,"href":"https:\/\/idealpesca.com\/loja\/wp-json\/wp\/v2\/product_tag?post=2367"}],"curies":[{"name":"wp","href":"https:\/\/api.w.org\/{rel}","templated":true}]}}