{"id":2365,"date":"2026-03-20T12:24:09","date_gmt":"2026-03-20T12:24:09","guid":{"rendered":"https:\/\/idealpesca.com\/loja\/produto\/linha-daiwa-morethan-12-ex-200-mts\/"},"modified":"2026-03-20T23:53:41","modified_gmt":"2026-03-20T23:53:41","slug":"linha-daiwa-morethan-12-ex-200-mts","status":"publish","type":"product","link":"https:\/\/idealpesca.com\/loja\/produto\/linha-daiwa-morethan-12-ex-200-mts\/","title":{"rendered":"Linha Daiwa MORETHAN 12 EX 200 MTS."},"content":{"rendered":"<div class=\"product-desc\">\n<div class=\"product-desc\">\n<p>Novo multifilamento de 12 fios com uma densidade de entran\u00e7ado que oferece uma excelente resist\u00eancia \u00e0 abras\u00e3o e uma surpreendente durabilidade.<\/p>\n<p>O novo tratamento de superf\u00edcie favorece a discri\u00e7\u00e3o, o deslizamento e limita a intrus\u00e3o de elementos abrasivos nas fibras da linha.<\/p>\n<p>Cor verde fluo.<\/p>\n<p>Fabricado no Jap\u00e3o.<\/p>\n<\/div>\n<\/div>\n<div class=\"embed-video product-video\">\n<table>\n<tr>\n<th>novo<\/th>\n<th>tamanho<\/th>\n<th>di\u00e2metro<\/th>\n<th>pe<\/th>\n<th>resist\u00eancia<\/th>\n<th>LIME GREEN<\/th>\n<\/tr>\n<tr>\n<td>NEW<\/td>\n<td>150m<\/td>\n<td>0,06mm<\/td>\n<td>PE #0.6<\/td>\n<td>4,5 kg<\/td>\n<td>12248106<\/td>\n<\/tr>\n<tr>\n<td>NEW<\/td>\n<td>150m<\/td>\n<td>0,10mm<\/td>\n<td>PE #0.8<\/td>\n<td>5,8 kg<\/td>\n<td>12248110<\/td>\n<\/tr>\n<tr>\n<td>NEW<\/td>\n<td>150m<\/td>\n<td>0,12mm<\/td>\n<td>PE #1<\/td>\n<td>7,3 kg<\/td>\n<td>12248112<\/td>\n<\/tr>\n<tr>\n<td>NEW<\/td>\n<td>150m<\/td>\n<td>0,14mm<\/td>\n<td>PE #1.2<\/td>\n<td>10 kg<\/td>\n<td>12248114<\/td>\n<\/tr>\n<tr>\n<td>NEW<\/td>\n<td>200m<\/td>\n<td>0,12mm<\/td>\n<td>PE #1<\/td>\n<td>10 kg<\/td>\n<td>12248212<\/td>\n<\/tr>\n<tr>\n<td>NEW<\/td>\n<td>200m<\/td>\n<td>0,14mm<\/td>\n<td>PE #1.2<\/td>\n<td>12 kg<\/td>\n<td>12248214<\/td>\n<\/tr>\n<tr>\n<td>NEW<\/td>\n<td>200m<\/td>\n<td>0,16mm<\/td>\n<td>PE #1.5<\/td>\n<td>14 kg<\/td>\n<td>12248216<\/td>\n<\/tr>\n<tr>\n<td>NEW<\/td>\n<td>200m<\/td>\n<td>0,18mm<\/td>\n<td>PE #2<\/td>\n<td>16 kg<\/td>\n<td>12248218<\/td>\n<\/tr>\n<\/table>\n<\/div>\n","protected":false},"excerpt":{"rendered":"<p>NOVIDADE 2025 MORETHAN 12 EX<br \/>\nA linha definitiva!<\/p>\n","protected":false},"featured_media":5568,"comment_status":"open","ping_status":"closed","template":"","meta":[],"product_brand":[],"product_cat":[301,348,517],"product_tag":[],"class_list":{"0":"post-2365","1":"product","2":"type-product","3":"status-publish","4":"has-post-thumbnail","6":"product_cat-060900-multifilamento-200-a-300-metros","7":"product_cat-060903-daiwa","8":"product_cat-ideal-pesca","10":"first","11":"instock","12":"taxable","13":"shipping-taxable","14":"purchasable","15":"product-type-variable"},"_links":{"self":[{"href":"https:\/\/idealpesca.com\/loja\/wp-json\/wp\/v2\/product\/2365","targetHints":{"allow":["GET"]}}],"collection":[{"href":"https:\/\/idealpesca.com\/loja\/wp-json\/wp\/v2\/product"}],"about":[{"href":"https:\/\/idealpesca.com\/loja\/wp-json\/wp\/v2\/types\/product"}],"replies":[{"embeddable":true,"href":"https:\/\/idealpesca.com\/loja\/wp-json\/wp\/v2\/comments?post=2365"}],"wp:featuredmedia":[{"embeddable":true,"href":"https:\/\/idealpesca.com\/loja\/wp-json\/wp\/v2\/media\/5568"}],"wp:attachment":[{"href":"https:\/\/idealpesca.com\/loja\/wp-json\/wp\/v2\/media?parent=2365"}],"wp:term":[{"taxonomy":"product_brand","embeddable":true,"href":"https:\/\/idealpesca.com\/loja\/wp-json\/wp\/v2\/product_brand?post=2365"},{"taxonomy":"product_cat","embeddable":true,"href":"https:\/\/idealpesca.com\/loja\/wp-json\/wp\/v2\/product_cat?post=2365"},{"taxonomy":"product_tag","embeddable":true,"href":"https:\/\/idealpesca.com\/loja\/wp-json\/wp\/v2\/product_tag?post=2365"}],"curies":[{"name":"wp","href":"https:\/\/api.w.org\/{rel}","templated":true}]}}