{"id":2359,"date":"2026-03-20T12:24:08","date_gmt":"2026-03-20T12:24:08","guid":{"rendered":"https:\/\/idealpesca.com\/loja\/produto\/carreto-daiwa-emeraldas-air-pc-lt2500-h\/"},"modified":"2026-03-20T23:50:14","modified_gmt":"2026-03-20T23:50:14","slug":"carreto-daiwa-emeraldas-air-pc-lt2500-h-2","status":"publish","type":"product","link":"https:\/\/idealpesca.com\/loja\/produto\/carreto-daiwa-emeraldas-air-pc-lt2500-h-2\/","title":{"rendered":"Carreto DAIWA EMERALDAS AIR PC LT2500-H"},"content":{"rendered":"<table>\n<tr>\n<th>novo<\/th>\n<th>refer\u00eancia<\/th>\n<th>tamanho<\/th>\n<th>pega<\/th>\n<th>r\u00e1cio<\/th>\n<th>vmv<\/th>\n<th>r\u00e1cio\/vmv<\/th>\n<th>num. Rolamentos<\/th>\n<th>peso<\/th>\n<th>nylon<\/th>\n<th>multifilamento<\/th>\n<th>drag<\/th>\n<th>ref. bobina<\/th>\n<\/tr>\n<tr>\n<td>NEW<\/td>\n<td>EMEAIR25PCLT2500H<\/td>\n<td>2500<\/td>\n<td>O EVA<\/td>\n<td>5.7<\/td>\n<td>80cm<\/td>\n<td>5.7\/80cm<\/td>\n<td>12+1<\/td>\n<td>175g<\/td>\n<td>150m\/0,20mm<\/td>\n<td>200m\/0,10mm<\/td>\n<td>10kg<\/td>\n<td>M817701<\/td>\n<\/tr>\n<\/table>\n<div class=\"product-desc\">\n<p>Um carreto espec\u00edfico para a pesca dos cefal\u00f3podes que combina as mais recentes tecnologias AIRDRIVE DESIGN com a fiabilidade proporcionada pelo conceito Monocoque (MQ).<\/p>\n<p>Neste modelo extremamente leve, o AIRDRIVE DESIGN interv\u00e9m em 4 zonas-chave para uma fluidez \u00f3tima: o rotor, a asa-de-cesto, a bobina e o eixo.<\/p>\n<p>O drag ATD-L oferece um controlo preciso do combate e uma grande progressividade.<\/p>\n<p>Este modelo &#8220;PC&#8221;: Power Custom, possui um corpo Monocoque e um formato que proporciona uma grande robustez.<\/p>\n<ul>\n<li>Tecnologia AIRDRIVE DESIGN<\/li>\n<li>Drag com tecnologia ATD-L<\/li>\n<li>Rolamentos: 12 + 1, sendo 6 CRBB<\/li>\n<li>Corpo Monocoque e Air Rotor em carbono Za\u00efon<\/li>\n<li>Bobina Long Cast ABS<\/li>\n<li>Enrolamento por espiras cruzadas<\/li>\n<li>Manivela monobloco de alum\u00ednio desenrosc\u00e1vel<\/li>\n<li>Pega redonda em EVA de alta densidade<\/li>\n<\/ul>\n<\/div>\n<p>\u00a0<\/p>\n","protected":false},"excerpt":{"rendered":"<p>EMERALDAS AIR PC LT 2025<br \/>\nA combina\u00e7\u00e3o das tecnologias MQ e AIRDRIVE DESIGN ao servi\u00e7o do Eging.<\/p>\n","protected":false},"featured_media":5565,"comment_status":"open","ping_status":"closed","template":"","meta":[],"product_brand":[],"product_cat":[45,74,503,517],"product_tag":[],"class_list":{"0":"post-2359","1":"product","2":"type-product","3":"status-publish","4":"has-post-thumbnail","6":"product_cat-020200-boia-spinning-eging","7":"product_cat-020203-daiwa","8":"product_cat-020600-eging-choco-e-lula","9":"product_cat-ideal-pesca","11":"first","12":"instock","13":"taxable","14":"shipping-taxable","15":"purchasable","16":"product-type-variable"},"_links":{"self":[{"href":"https:\/\/idealpesca.com\/loja\/wp-json\/wp\/v2\/product\/2359","targetHints":{"allow":["GET"]}}],"collection":[{"href":"https:\/\/idealpesca.com\/loja\/wp-json\/wp\/v2\/product"}],"about":[{"href":"https:\/\/idealpesca.com\/loja\/wp-json\/wp\/v2\/types\/product"}],"replies":[{"embeddable":true,"href":"https:\/\/idealpesca.com\/loja\/wp-json\/wp\/v2\/comments?post=2359"}],"wp:featuredmedia":[{"embeddable":true,"href":"https:\/\/idealpesca.com\/loja\/wp-json\/wp\/v2\/media\/5565"}],"wp:attachment":[{"href":"https:\/\/idealpesca.com\/loja\/wp-json\/wp\/v2\/media?parent=2359"}],"wp:term":[{"taxonomy":"product_brand","embeddable":true,"href":"https:\/\/idealpesca.com\/loja\/wp-json\/wp\/v2\/product_brand?post=2359"},{"taxonomy":"product_cat","embeddable":true,"href":"https:\/\/idealpesca.com\/loja\/wp-json\/wp\/v2\/product_cat?post=2359"},{"taxonomy":"product_tag","embeddable":true,"href":"https:\/\/idealpesca.com\/loja\/wp-json\/wp\/v2\/product_tag?post=2359"}],"curies":[{"name":"wp","href":"https:\/\/api.w.org\/{rel}","templated":true}]}}