{"id":2350,"date":"2026-03-20T12:24:06","date_gmt":"2026-03-20T12:24:06","guid":{"rendered":"https:\/\/idealpesca.com\/loja\/produto\/carreto-ryobi-tanker\/"},"modified":"2026-03-20T16:01:54","modified_gmt":"2026-03-20T16:01:54","slug":"carreto-ryobi-tanker-2","status":"publish","type":"product","link":"https:\/\/idealpesca.com\/loja\/produto\/carreto-ryobi-tanker-2\/","title":{"rendered":"Carreto RYOBI Tanker"},"content":{"rendered":"<div class=\"accordeon-item targetActive\">\n<p>&#8211; For\u00e7a de drag m\u00e1xima (kg): 30;<br \/>\n&#8211; Corpo mewtal<br \/>\n&#8211; Peso modelo JP\/EU g: 580 g;<br \/>\n&#8211; Pe 5 : 460 metros<br \/>\n&#8211; Rela\u00e7\u00e3o embraiagem: 5.3:1;<br \/>\n&#8211; Recupera\u00e7\u00e3o da linha\/manivela cm: 97;<br \/>\n&#8211; Material da bobine: metal<\/p>\n<p>Carreto de trolling, construido em metal s\u00f3lido somente com 580 gr de peso. Equipado com 9+2\u00a0 rolamentos resistente \u00e1 agua salgada, garante extrema suavidade ao puxar apesar de compacto e embraiagem de 30 kg.<\/p>\n<p>\u00a0Pega de manivela ergonomica, pode ser montada em 2 posic\u00f5es ficando com 110 ou 96 mm, adapt\u00e1vel \u00e1 qualquer exig\u00eancia. Totalmente cheio permite recuperar 97 cm por volta de manivela<\/p>\n<\/div>\n","protected":false},"excerpt":{"rendered":"<p>Vers\u00e3o de manivela no lado esquerdo<\/p>\n","protected":false},"featured_media":5558,"comment_status":"open","ping_status":"closed","template":"","meta":[],"product_brand":[],"product_cat":[285],"product_tag":[],"class_list":{"0":"post-2350","1":"product","2":"type-product","3":"status-publish","4":"has-post-thumbnail","6":"product_cat-020400-slow-jigging-casting-e-electricos","8":"first","9":"instock","10":"taxable","11":"shipping-taxable","12":"purchasable","13":"product-type-simple"},"_links":{"self":[{"href":"https:\/\/idealpesca.com\/loja\/wp-json\/wp\/v2\/product\/2350","targetHints":{"allow":["GET"]}}],"collection":[{"href":"https:\/\/idealpesca.com\/loja\/wp-json\/wp\/v2\/product"}],"about":[{"href":"https:\/\/idealpesca.com\/loja\/wp-json\/wp\/v2\/types\/product"}],"replies":[{"embeddable":true,"href":"https:\/\/idealpesca.com\/loja\/wp-json\/wp\/v2\/comments?post=2350"}],"wp:featuredmedia":[{"embeddable":true,"href":"https:\/\/idealpesca.com\/loja\/wp-json\/wp\/v2\/media\/5558"}],"wp:attachment":[{"href":"https:\/\/idealpesca.com\/loja\/wp-json\/wp\/v2\/media?parent=2350"}],"wp:term":[{"taxonomy":"product_brand","embeddable":true,"href":"https:\/\/idealpesca.com\/loja\/wp-json\/wp\/v2\/product_brand?post=2350"},{"taxonomy":"product_cat","embeddable":true,"href":"https:\/\/idealpesca.com\/loja\/wp-json\/wp\/v2\/product_cat?post=2350"},{"taxonomy":"product_tag","embeddable":true,"href":"https:\/\/idealpesca.com\/loja\/wp-json\/wp\/v2\/product_tag?post=2350"}],"curies":[{"name":"wp","href":"https:\/\/api.w.org\/{rel}","templated":true}]}}