{"id":23497,"date":"2023-05-12T09:49:13","date_gmt":"2023-05-12T08:49:13","guid":{"rendered":"https:\/\/idealpesca.com\/loja\/produto\/cana-okuma-competition-bolognese-5-00mtrs\/"},"modified":"2026-05-14T17:17:21","modified_gmt":"2026-05-14T16:17:21","slug":"cana-okuma-competition-bolognese-5-00mtrs","status":"publish","type":"product","link":"https:\/\/idealpesca.com\/loja\/produto\/cana-okuma-competition-bolognese-5-00mtrs\/","title":{"rendered":"Cana Okuma COMPETITION bolognese 5.00mtrs"},"content":{"rendered":"<p>As canas Competition bolognese telescopicas s\u00e3o construidas para a pesca \u00e1 boia. A constru\u00e7\u00e3o ligeira mas potente do blank de alto m\u00f3dulo oferece sensibilidade e for\u00e7a necess\u00e1ria para a pesca em zonas de rocha .\u00a0<\/p>\n<ul>\n<li>Blanks em carbono 24 Tn .<\/li>\n<li>Passadores monop\u00e9<\/li>\n<li>Porta-carretos patilha.<\/li>\n<li>capacete para passadores e saco de tecido.<\/li>\n<\/ul>\n<p>\u00a0<\/p>\n<div class=\"additional-attributes-wrapper table-wrapper\">\u00a0<\/div>\n","protected":false},"excerpt":{"rendered":"<p>Carbono resitente e leve<\/p>\n","protected":false},"featured_media":28551,"comment_status":"open","ping_status":"closed","template":"","meta":[],"product_brand":[],"product_cat":[556,140],"product_tag":[],"class_list":{"0":"post-23497","1":"product","2":"type-product","3":"status-publish","4":"has-post-thumbnail","6":"product_cat-010400-boia-e-chumbadinha","7":"product_cat-010408-okuma","9":"first","10":"instock","11":"taxable","12":"shipping-taxable","13":"purchasable","14":"product-type-variable"},"_links":{"self":[{"href":"https:\/\/idealpesca.com\/loja\/wp-json\/wp\/v2\/product\/23497","targetHints":{"allow":["GET"]}}],"collection":[{"href":"https:\/\/idealpesca.com\/loja\/wp-json\/wp\/v2\/product"}],"about":[{"href":"https:\/\/idealpesca.com\/loja\/wp-json\/wp\/v2\/types\/product"}],"replies":[{"embeddable":true,"href":"https:\/\/idealpesca.com\/loja\/wp-json\/wp\/v2\/comments?post=23497"}],"wp:featuredmedia":[{"embeddable":true,"href":"https:\/\/idealpesca.com\/loja\/wp-json\/wp\/v2\/media\/28551"}],"wp:attachment":[{"href":"https:\/\/idealpesca.com\/loja\/wp-json\/wp\/v2\/media?parent=23497"}],"wp:term":[{"taxonomy":"product_brand","embeddable":true,"href":"https:\/\/idealpesca.com\/loja\/wp-json\/wp\/v2\/product_brand?post=23497"},{"taxonomy":"product_cat","embeddable":true,"href":"https:\/\/idealpesca.com\/loja\/wp-json\/wp\/v2\/product_cat?post=23497"},{"taxonomy":"product_tag","embeddable":true,"href":"https:\/\/idealpesca.com\/loja\/wp-json\/wp\/v2\/product_tag?post=23497"}],"curies":[{"name":"wp","href":"https:\/\/api.w.org\/{rel}","templated":true}]}}