{"id":2344,"date":"2026-03-20T12:24:02","date_gmt":"2026-03-20T12:24:02","guid":{"rendered":"https:\/\/idealpesca.com\/loja\/produto\/cana-tubertini-genetic-duo-3-00mtr-2\/"},"modified":"2026-03-20T12:24:02","modified_gmt":"2026-03-20T12:24:02","slug":"cana-tubertini-genetic-duo-3-00mtr-2","status":"publish","type":"product","link":"https:\/\/idealpesca.com\/loja\/produto\/cana-tubertini-genetic-duo-3-00mtr-2\/","title":{"rendered":"Cana TUBERTINI Genetic Duo 3.00mtr."},"content":{"rendered":"<p><span style=\"color: #000000;font-size: large\"><strong>-Tamanho: 3.00 mt.; <\/strong><\/span><\/p>\n<p><span style=\"color: #000000;font-size: large\"><strong>-Ac\u00e7\u00e3o: 200<\/strong><\/span><span style=\"color: #000000;font-size: large\"><strong> a 400 gr. de chumbada para pescar fundeado; <\/strong><\/span><\/p>\n<p><span style=\"color: #000000;font-size: large\"><strong>-Elementos: 2 elementos com 2 ponteiras com ac\u00e7\u00f5es diferentes ap flex ; <\/strong><\/span><\/p>\n<p><span style=\"color: #000000;font-size: large\"><strong>-Carbono: Carbono de alto m\u00f3dulo; <\/strong><\/span><\/p>\n<p><span style=\"color: #000000;font-size: large\"><strong>-Passadores: Sea-guide; <\/strong><\/span><\/p>\n<p><span style=\"color: #000000;font-size: large\"><strong>-Porta-carretos: Fuji tubular ;<\/strong><\/span><\/p>\n<p><span style=\"color: #000000;font-size: large\"><strong>Ponteiras:<br \/>x9245xx Cima\/ponteira A.P. Flex Genetic Duo Media &#8211; 760 mm &#8211; \u00d8 4,60 mm<br \/>x9246xx Cima\/ponteira A.P. Flex Genetic Duo forte &#8211; 600 mm &#8211; \u00d8 4,60 mm<\/strong><\/span><\/p>\n<p>\u00a0<\/p>\n<table class=\"tabella-prodotto\">\n<tr>\n<th>c\u00f3digp<\/th>\n<th>tamanho<\/th>\n<th>diametro<\/th>\n<th>peso<\/th>\n<th>elementos<\/th>\n<th>comprimento fechada<\/th>\n<th>ac\u00e7\u00e3o m\u00e1x\u00a0<\/th>\n<\/tr>\n<tr>\n<td>07118xx<\/td>\n<td>3,00 m<\/td>\n<td>15,80 mm<\/td>\n<td>219 g<\/td>\n<td>2+2<\/td>\n<td>153 cm<\/td>\n<td>Max 400 g<\/td>\n<\/tr>\n<tr>\n<td>07119xx<\/td>\n<td>3,30 m<\/td>\n<td>16,50 mm<\/td>\n<td>253 g<\/td>\n<td>2+2<\/td>\n<td>168 cm<\/td>\n<td>Max 400 g<\/td>\n<\/tr>\n<\/table>\n","protected":false},"excerpt":{"rendered":"<p>Uma cana de alt\u00edssima qualidade&#8230;<br \/>\nModelo desenhado para a pesca embarcada<\/p>\n","protected":false},"featured_media":0,"comment_status":"open","ping_status":"closed","template":"","meta":[],"product_brand":[],"product_cat":[518,90,43,517],"product_tag":[],"class_list":{"0":"post-2344","1":"product","2":"type-product","3":"status-publish","5":"product_cat-010300-pesca-embarcada","6":"product_cat-010309-tubertini","7":"product_cat-310000-novidades-gerais","8":"product_cat-ideal-pesca","10":"first","11":"instock","12":"taxable","13":"shipping-taxable","14":"purchasable","15":"product-type-simple"},"_links":{"self":[{"href":"https:\/\/idealpesca.com\/loja\/wp-json\/wp\/v2\/product\/2344","targetHints":{"allow":["GET"]}}],"collection":[{"href":"https:\/\/idealpesca.com\/loja\/wp-json\/wp\/v2\/product"}],"about":[{"href":"https:\/\/idealpesca.com\/loja\/wp-json\/wp\/v2\/types\/product"}],"replies":[{"embeddable":true,"href":"https:\/\/idealpesca.com\/loja\/wp-json\/wp\/v2\/comments?post=2344"}],"wp:attachment":[{"href":"https:\/\/idealpesca.com\/loja\/wp-json\/wp\/v2\/media?parent=2344"}],"wp:term":[{"taxonomy":"product_brand","embeddable":true,"href":"https:\/\/idealpesca.com\/loja\/wp-json\/wp\/v2\/product_brand?post=2344"},{"taxonomy":"product_cat","embeddable":true,"href":"https:\/\/idealpesca.com\/loja\/wp-json\/wp\/v2\/product_cat?post=2344"},{"taxonomy":"product_tag","embeddable":true,"href":"https:\/\/idealpesca.com\/loja\/wp-json\/wp\/v2\/product_tag?post=2344"}],"curies":[{"name":"wp","href":"https:\/\/api.w.org\/{rel}","templated":true}]}}