{"id":2332,"date":"2026-03-20T12:23:58","date_gmt":"2026-03-20T12:23:58","guid":{"rendered":"https:\/\/idealpesca.com\/loja\/produto\/carreto-daiwa-bg-3500\/"},"modified":"2026-03-20T23:49:57","modified_gmt":"2026-03-20T23:49:57","slug":"carreto-daiwa-bg-3500","status":"publish","type":"product","link":"https:\/\/idealpesca.com\/loja\/produto\/carreto-daiwa-bg-3500\/","title":{"rendered":"Carreto DAIWA BG 3500"},"content":{"rendered":"<p><strong><span style=\"font-size: 18pt\">&#8211; ROLAMENTOS: 6+1<\/span><\/strong><\/p>\n<p><strong><span style=\"font-size: 18pt\">&#8211; RATIO: 5.7:1<\/span><\/strong><\/p>\n<p><strong><span style=\"font-size: 18pt\">&#8211; ENROLAMENTO: 97 CM.\/VOLTA<\/span><\/strong><\/p>\n<p><strong><span style=\"font-size: 18pt\">&#8211; CAPACIDADE DE LINHA: 220 MT. DE 0.30 MM.<\/span><\/strong><\/p>\n<p><strong><span style=\"font-size: 18pt\">&#8211; DRAG: FRONTAL DE 8 KG.<\/span><\/strong><\/p>\n<p><strong><span style=\"font-size: 18pt\">&#8211; PESO: 400 GRAMAS<\/span><\/strong><\/p>\n<p><strong><span style=\"font-size: 18pt\">\u00a0\u00c9 dotado de um drag ATD de \u00faltima gera\u00e7\u00e3o com anilhas de carbono para dominar os combates com serenidade. O seu rotor em forma de arco (tecnologia Air Rotor) \u00e9 mais aerodin\u00e2mico para uma fluidez de rota\u00e7\u00e3o acrescida. A bobina \u00e9 suportada por um rolamento de esferas favorecendo o controlo da rota\u00e7\u00e3o durante o combate.<\/span><\/strong><\/p>\n<ul>\n<li>Drag com tecnologia ATD com discos de carbono<\/li>\n<li>Corpo aluminium e Air Rotor em policarbonato<\/li>\n<li>Bobina em alum\u00ednio<\/li>\n<li>Enrolamento por espiras cruzadas<\/li>\n<li>Manivela monobloco alum\u00ednio roscada no corpo<\/li>\n<li>Pick-up de desarme manual<\/li>\n<\/ul>\n","protected":false},"excerpt":{"rendered":"<p>Equipado com uma enorme roda de coroa Digigear e de um corpo em alum\u00ednio, o BG (BLACK GOLD) \u00e9 um carreto robusto talhado para o combate.<\/p>\n","protected":false},"featured_media":4659,"comment_status":"open","ping_status":"closed","template":"","meta":[],"product_brand":[],"product_cat":[45,74,517],"product_tag":[],"class_list":{"0":"post-2332","1":"product","2":"type-product","3":"status-publish","4":"has-post-thumbnail","6":"product_cat-020200-boia-spinning-eging","7":"product_cat-020203-daiwa","8":"product_cat-ideal-pesca","10":"first","11":"instock","12":"taxable","13":"shipping-taxable","14":"purchasable","15":"product-type-variable"},"_links":{"self":[{"href":"https:\/\/idealpesca.com\/loja\/wp-json\/wp\/v2\/product\/2332","targetHints":{"allow":["GET"]}}],"collection":[{"href":"https:\/\/idealpesca.com\/loja\/wp-json\/wp\/v2\/product"}],"about":[{"href":"https:\/\/idealpesca.com\/loja\/wp-json\/wp\/v2\/types\/product"}],"replies":[{"embeddable":true,"href":"https:\/\/idealpesca.com\/loja\/wp-json\/wp\/v2\/comments?post=2332"}],"wp:featuredmedia":[{"embeddable":true,"href":"https:\/\/idealpesca.com\/loja\/wp-json\/wp\/v2\/media\/4659"}],"wp:attachment":[{"href":"https:\/\/idealpesca.com\/loja\/wp-json\/wp\/v2\/media?parent=2332"}],"wp:term":[{"taxonomy":"product_brand","embeddable":true,"href":"https:\/\/idealpesca.com\/loja\/wp-json\/wp\/v2\/product_brand?post=2332"},{"taxonomy":"product_cat","embeddable":true,"href":"https:\/\/idealpesca.com\/loja\/wp-json\/wp\/v2\/product_cat?post=2332"},{"taxonomy":"product_tag","embeddable":true,"href":"https:\/\/idealpesca.com\/loja\/wp-json\/wp\/v2\/product_tag?post=2332"}],"curies":[{"name":"wp","href":"https:\/\/api.w.org\/{rel}","templated":true}]}}