{"id":2306,"date":"2026-03-20T12:23:50","date_gmt":"2026-03-20T12:23:50","guid":{"rendered":"https:\/\/idealpesca.com\/loja\/produto\/linha-seaguar-leader-line-big-game-1-66mm-30mtr\/"},"modified":"2026-03-20T23:54:13","modified_gmt":"2026-03-20T23:54:13","slug":"linha-seaguar-leader-line-big-game-1-66mm-30mtr-2","status":"publish","type":"product","link":"https:\/\/idealpesca.com\/loja\/produto\/linha-seaguar-leader-line-big-game-1-66mm-30mtr-2\/","title":{"rendered":"Linha SEAGUAR LEADER LINE BIG GAME 1.66MM 30MTR"},"content":{"rendered":"<p><span style=\"font-size: large;color: #000000\"><strong>&#8211; Meada de 30 metros\u00a0<\/strong><\/span><\/p>\n<p><span style=\"font-size: large;color: #000000\"><strong>&#8211; Fio 100% FLUOROCARBONO da SEAGUAR;<br \/><\/strong><\/span><\/p>\n<p><span style=\"font-size: large;color: #000000\"><strong>&#8211; V\u00e1rias espessuras dispon\u00edveis;<\/strong><\/span><\/p>\n<p><span style=\"font-size: large;color: #000000\"><strong>\u00a0<\/strong><\/span><\/p>\n","protected":false},"excerpt":{"rendered":"<p>Fluorocarbono praticamente invisivel na agua e tem zero elasticidade. Constru\u00e7\u00e3o especial refor\u00e7ada para grandes predadores.<\/p>\n","protected":false},"featured_media":5530,"comment_status":"open","ping_status":"closed","template":"","meta":[],"product_brand":[],"product_cat":[304,327,517],"product_tag":[],"class_list":{"0":"post-2306","1":"product","2":"type-product","3":"status-publish","4":"has-post-thumbnail","6":"product_cat-060500-fluorocarbono-50-metros","7":"product_cat-060507-seaguar","8":"product_cat-ideal-pesca","10":"first","11":"instock","12":"taxable","13":"shipping-taxable","14":"purchasable","15":"product-type-variable"},"_links":{"self":[{"href":"https:\/\/idealpesca.com\/loja\/wp-json\/wp\/v2\/product\/2306","targetHints":{"allow":["GET"]}}],"collection":[{"href":"https:\/\/idealpesca.com\/loja\/wp-json\/wp\/v2\/product"}],"about":[{"href":"https:\/\/idealpesca.com\/loja\/wp-json\/wp\/v2\/types\/product"}],"replies":[{"embeddable":true,"href":"https:\/\/idealpesca.com\/loja\/wp-json\/wp\/v2\/comments?post=2306"}],"wp:featuredmedia":[{"embeddable":true,"href":"https:\/\/idealpesca.com\/loja\/wp-json\/wp\/v2\/media\/5530"}],"wp:attachment":[{"href":"https:\/\/idealpesca.com\/loja\/wp-json\/wp\/v2\/media?parent=2306"}],"wp:term":[{"taxonomy":"product_brand","embeddable":true,"href":"https:\/\/idealpesca.com\/loja\/wp-json\/wp\/v2\/product_brand?post=2306"},{"taxonomy":"product_cat","embeddable":true,"href":"https:\/\/idealpesca.com\/loja\/wp-json\/wp\/v2\/product_cat?post=2306"},{"taxonomy":"product_tag","embeddable":true,"href":"https:\/\/idealpesca.com\/loja\/wp-json\/wp\/v2\/product_tag?post=2306"}],"curies":[{"name":"wp","href":"https:\/\/api.w.org\/{rel}","templated":true}]}}