{"id":2297,"date":"2026-03-20T12:23:47","date_gmt":"2026-03-20T12:23:47","guid":{"rendered":"https:\/\/idealpesca.com\/loja\/produto\/carreto-daiwa-certate-sw-8000-p\/"},"modified":"2026-03-20T23:50:05","modified_gmt":"2026-03-20T23:50:05","slug":"carreto-daiwa-certate-sw-8000-p","status":"publish","type":"product","link":"https:\/\/idealpesca.com\/loja\/produto\/carreto-daiwa-certate-sw-8000-p\/","title":{"rendered":"Carreto DAIWA CERTATE 21 SW 8000 P"},"content":{"rendered":"<p>Ap\u00f3s as vers\u00f5es LT e LT ARK, o Certate est\u00e1 dispon\u00edvel na vers\u00e3o SW (Salt Water: \u00e1gua salgada). O Certate \u00e9 um carreto muito apreciado pelos pescadores de mar e \u00e9 uma refer\u00eancia em termos de carreto spinning compacto, potente e robusto. Com a chegada do Certate SW dispon\u00edvel nos tamanhos 8000 a 18000, a fam\u00edlia Certate \u00e9 agora uma gama completa que oferecemos aos entusiastas da pesca de mar, do robalo ao atum.<\/p>\n<table class=\"table bordered js-pswp-gallery\">\n<tr>\n<th>\u00a0<\/th>\n<th>Refer\u00eancia<\/th>\n<th>Pega<\/th>\n<th>R\u00e1cio (\/1)<\/th>\n<th>VMV<\/th>\n<th>Peso<\/th>\n<th>Mutifilamento<\/th>\n<th>Drag<\/th>\n<\/tr>\n<tr>\n<td><span class=\"new\">N<\/span><\/td>\n<td>CERG21SW8000P<\/td>\n<td>Redonda EVA<\/td>\n<td>4,8<\/td>\n<td>92 cm<\/td>\n<td>615 g<\/td>\n<td>300m\/0.28mm<\/td>\n<td>25 kg<\/td>\n<\/tr>\n<tr>\n<td><span class=\"new\">N<\/span><\/td>\n<td>CERG21SW8000H<\/td>\n<td>Oval<\/td>\n<td>5,8<\/td>\n<td>111 cm<\/td>\n<td>625 g<\/td>\n<td>300m\/0.28mm<\/td>\n<td>25 kg<\/td>\n<\/tr>\n<tr>\n<td><span class=\"new\">N<\/span><\/td>\n<td>CERG21SW10000P<\/td>\n<td>Redonda EVA<\/td>\n<td>4,8<\/td>\n<td>98 cm<\/td>\n<td>620 g<\/td>\n<td>300m\/0.33mm<\/td>\n<td>25 kg<\/td>\n<\/tr>\n<tr>\n<td><span class=\"new\">N<\/span><\/td>\n<td>CERG21SW10000H<\/td>\n<td>Oval<\/td>\n<td>5,8<\/td>\n<td>118 cm<\/td>\n<td>630 g<\/td>\n<td>300m\/0.33mm<\/td>\n<td>25 kg<\/td>\n<\/tr>\n<tr>\n<td><span class=\"new\">N<\/span><\/td>\n<td>CERG21SW14000XH<\/td>\n<td>Oval<\/td>\n<td>6,2<\/td>\n<td>134 cm<\/td>\n<td>635 g<\/td>\n<td>300m\/0.35mm<\/td>\n<td>25 kg<\/td>\n<\/tr>\n<tr>\n<td><span class=\"new\">N<\/span><\/td>\n<td>CERG21SW18000H<\/td>\n<td>Oval<\/td>\n<td>5,8<\/td>\n<td>131 cm<\/td>\n<td>850 g<\/td>\n<td>300m\/0.42mm<\/td>\n<td>30 kg<\/td>\n<\/tr>\n<\/table>\n","protected":false},"excerpt":{"rendered":"<p>CERTATE SW<br \/>\nCertate para as pescas fortes no mar<\/p>\n","protected":false},"featured_media":4266,"comment_status":"open","ping_status":"closed","template":"","meta":[],"product_brand":[],"product_cat":[44,67,517],"product_tag":[],"class_list":{"0":"post-2297","1":"product","2":"type-product","3":"status-publish","4":"has-post-thumbnail","6":"product_cat-020300-barco-buldo-falesia","7":"product_cat-020303-daiwa","8":"product_cat-ideal-pesca","10":"first","11":"instock","12":"taxable","13":"shipping-taxable","14":"purchasable","15":"product-type-variable"},"_links":{"self":[{"href":"https:\/\/idealpesca.com\/loja\/wp-json\/wp\/v2\/product\/2297","targetHints":{"allow":["GET"]}}],"collection":[{"href":"https:\/\/idealpesca.com\/loja\/wp-json\/wp\/v2\/product"}],"about":[{"href":"https:\/\/idealpesca.com\/loja\/wp-json\/wp\/v2\/types\/product"}],"replies":[{"embeddable":true,"href":"https:\/\/idealpesca.com\/loja\/wp-json\/wp\/v2\/comments?post=2297"}],"wp:featuredmedia":[{"embeddable":true,"href":"https:\/\/idealpesca.com\/loja\/wp-json\/wp\/v2\/media\/4266"}],"wp:attachment":[{"href":"https:\/\/idealpesca.com\/loja\/wp-json\/wp\/v2\/media?parent=2297"}],"wp:term":[{"taxonomy":"product_brand","embeddable":true,"href":"https:\/\/idealpesca.com\/loja\/wp-json\/wp\/v2\/product_brand?post=2297"},{"taxonomy":"product_cat","embeddable":true,"href":"https:\/\/idealpesca.com\/loja\/wp-json\/wp\/v2\/product_cat?post=2297"},{"taxonomy":"product_tag","embeddable":true,"href":"https:\/\/idealpesca.com\/loja\/wp-json\/wp\/v2\/product_tag?post=2297"}],"curies":[{"name":"wp","href":"https:\/\/api.w.org\/{rel}","templated":true}]}}