{"id":22903,"date":"2022-10-22T10:45:19","date_gmt":"2022-10-22T09:45:19","guid":{"rendered":"https:\/\/idealpesca.com\/loja\/produto\/cana-daiwa-powermesh-pmj642mhb-os\/"},"modified":"2026-05-15T19:43:15","modified_gmt":"2026-05-15T18:43:15","slug":"cana-daiwa-powermesh-pmj642mhb-os","status":"publish","type":"product","link":"https:\/\/idealpesca.com\/loja\/produto\/cana-daiwa-powermesh-pmj642mhb-os\/","title":{"rendered":"CANA DAIWA POWERMESH PMJ642mhb os"},"content":{"rendered":"<div class=\"layout-content layout-strip\" style=\"margin-bottom: -369px\">\n<section class=\"product-single rod\">\n<div class=\"layout-wrapper page-content\">\n<div class=\"product-content\">\n<div class=\"product-content-inner\">\n<div class=\"product-desc\">\n<p>As canas Powermesh Jigging s\u00e3o concebidas para as pescas com jig leve a m\u00e9dio. A oferta \u00e9 muito polivalente e inclui um modelo especial &#8220;OS&#8221; ideal para a pesca ao Tai-Rubber ou madai deslizante.<\/p>\n<\/div>\n<ul class=\"product-specifications\">\n<li>Blank carbono HVF<\/li>\n<li>Monoelementos (exceto PMJ642MHBOSBF encaixa no elemento base)<\/li>\n<li>Passadores Fuji O<\/li>\n<li>Porta-carreto exclusivo Daiwa ergon\u00f3mico<\/li>\n<li>Pega mousse EVA<\/li>\n<li>A\u00e7\u00e3o de ponta<\/li>\n<li>Refer\u00eancia PMJ642MHBOSBF com ponteira com catrafilamentos coloridos : recomendada para a pesca com mada\u00ef<\/li>\n<\/ul>\n<table class=\"table bordered js-pswp-gallery\">\n<thead>\n<tr>\n<th>Refer\u00eancia<\/th>\n<th>\u00a0<\/th>\n<th>Comprimento<\/th>\n<th>Elementos<\/th>\n<th>Desmontada<\/th>\n<th>Peso<\/th>\n<th>Passadores<\/th>\n<th>Pot\u00eancia<\/th>\n<th>Pre\u00e7o p\u00fablico recomendado<\/th>\n<\/tr>\n<\/thead>\n<tbody>\n<tr>\n<td>PMJ621MFSBF<\/td>\n<td>Jigging<\/td>\n<td>1,88m<\/td>\n<td>1<\/td>\n<td>188cm<\/td>\n<td>121g<\/td>\n<td>8<\/td>\n<td>40-80g<\/td>\n<td>94\u20ac<\/td>\n<\/tr>\n<tr>\n<td><a class=\"picture js-pswp-item\" href=\"https:\/\/www.daiwa.pt\/uploads\/products\/rods\/2020\/10\/pmj621mhfsbf_1200x2400.jpg\" data-size=\"1200x2400\" data-med=\"\/uploads\/products\/rods\/2020\/10\/pmj621mhfsbf_1200x2400.jpg\" data-med-size=\"1200x2400\"> <span class=\"inner\"> <img decoding=\"async\" src=\"image\/gif;base64,R0lGODlhAQACAIAAAMLCwgAAACH5BAAAAAAALAAAAAABAAIAAAICBAoAOw==\" alt=\"\" width=\"1\" height=\"2\" \/><\/span><\/a><\/p>\n<figure>PMJ621MHFSBF<\/figure>\n<\/td>\n<td>Jigging<\/td>\n<td>1,88m<\/td>\n<td>1<\/td>\n<td>188cm<\/td>\n<td>130g<\/td>\n<td>8<\/td>\n<td>60-120g<\/td>\n<td>99\u20ac<\/td>\n<\/tr>\n<tr>\n<td><a class=\"picture js-pswp-item\" href=\"https:\/\/www.daiwa.pt\/uploads\/products\/rods\/2020\/10\/pmj642mhbosbf_1200x2400.jpg\" data-size=\"1200x2400\" data-med=\"\/uploads\/products\/rods\/2020\/10\/pmj642mhbosbf_1200x2400.jpg\" data-med-size=\"1200x2400\"> <span class=\"inner\"> <img decoding=\"async\" src=\"image\/gif;base64,R0lGODlhAQACAIAAAMLCwgAAACH5BAAAAAAALAAAAAABAAIAAAICBAoAOw==\" alt=\"\" width=\"1\" height=\"2\" \/><\/span><\/a><\/p>\n<figure>PMJ642MHBOSBF<\/figure>\n<\/td>\n<td>Tai-Rubber<\/td>\n<td>1,93m<\/td>\n<td>1+1<\/td>\n<td>149cm<\/td>\n<td>129g<\/td>\n<td>12<\/td>\n<td>40-160g<\/td>\n<td>94\u20ac<\/td>\n<\/tr>\n<tr>\n<td><a class=\"picture js-pswp-item\" href=\"https:\/\/www.daiwa.pt\/uploads\/products\/rods\/2020\/10\/pmj631hfsbf_1200x2400.jpg\" data-size=\"1200x2400\" data-med=\"\/uploads\/products\/rods\/2020\/10\/pmj631hfsbf_1200x2400.jpg\" data-med-size=\"1200x2400\"> <span class=\"inner\"> <img decoding=\"async\" src=\"image\/gif;base64,R0lGODlhAQACAIAAAMLCwgAAACH5BAAAAAAALAAAAAABAAIAAAICBAoAOw==\" alt=\"\" width=\"1\" height=\"2\" \/><\/span><\/a><\/p>\n<figure>PMJ631HFSBF<\/figure>\n<\/td>\n<td>Jigging<\/td>\n<td>1,91m<\/td>\n<td>1<\/td>\n<td>191cm<\/td>\n<td>140g<\/td>\n<td>8<\/td>\n<td>90-210g<\/td>\n<td>99\u20ac<\/td>\n<\/tr>\n<tr>\n<td>PMJ631HFBBF<\/td>\n<td>Jigging<\/td>\n<td>1,91m<\/td>\n<td>1<\/td>\n<td>191cm<\/td>\n<td>153g<\/td>\n<td>12<\/td>\n<td>90-210g<\/td>\n<td>104\u20ac<\/td>\n<\/tr>\n<\/tbody>\n<\/table>\n<p><\/p>\n<table class=\"table bordered js-pswp-gallery\" style=\"width: 58px;height: 5px\">\n<thead>\n<tr>\n<th style=\"width: 22px\">\u00a0<\/th>\n<th style=\"width: 10px\">\u00a0<\/th>\n<th style=\"width: 10px\">\u00a0<\/th>\n<th style=\"width: 10px\">\u00a0<\/th>\n<th style=\"width: 10px\">\u00a0<\/th>\n<th style=\"width: 10px\">\u00a0<\/th>\n<th style=\"width: 10px\">\u00a0<\/th>\n<th style=\"width: 10px\">\u00a0<\/th>\n<\/tr>\n<\/thead>\n<tbody>\n<tr>\n<td style=\"width: 22px\">\u00a0<\/td>\n<td style=\"width: 10px\">\u00a0<\/td>\n<td style=\"width: 10px\">\u00a0<\/td>\n<td style=\"width: 10px\">\u00a0<\/td>\n<td style=\"width: 10px\">\u00a0<\/td>\n<td style=\"width: 10px\">\u00a0<\/td>\n<td style=\"width: 10px\">\u00a0<\/td>\n<td style=\"width: 10px\">\u00a0<\/td>\n<td style=\"width: 10px\">\u00a0<\/td>\n<\/tr>\n<\/tbody>\n<\/table>\n<p>\u00a0<\/p>\n<p>\u00a0<\/p>\n<p>\u00a0<\/p>\n<p>\u00a0<\/p>\n<p>\u00a0<\/p>\n<p>\u00a0<\/p>\n<p>\u00a0<\/p>\n<p>\u00a0<\/p>\n<p>\u00a0<\/p>\n<p>\u00a0<\/p>\n<div class=\"polymorphic-table product-table overflow-right\">\u00a0<\/div>\n<\/div>\n<\/div>\n<\/div>\n<\/section>\n<\/div>\n","protected":false},"excerpt":{"rendered":"<p>Cana de 1,93 mtrs com gatilho para carretos de tambor<\/p>\n","protected":false},"featured_media":28310,"comment_status":"open","ping_status":"closed","template":"","meta":[],"product_brand":[],"product_cat":[561,552],"product_tag":[],"class_list":{"0":"post-22903","1":"product","2":"type-product","3":"status-publish","4":"has-post-thumbnail","6":"product_cat-010600-jigging-e-trolling","7":"product_cat-010603-daiwa","9":"first","10":"instock","11":"taxable","12":"shipping-taxable","13":"purchasable","14":"product-type-simple"},"_links":{"self":[{"href":"https:\/\/idealpesca.com\/loja\/wp-json\/wp\/v2\/product\/22903","targetHints":{"allow":["GET"]}}],"collection":[{"href":"https:\/\/idealpesca.com\/loja\/wp-json\/wp\/v2\/product"}],"about":[{"href":"https:\/\/idealpesca.com\/loja\/wp-json\/wp\/v2\/types\/product"}],"replies":[{"embeddable":true,"href":"https:\/\/idealpesca.com\/loja\/wp-json\/wp\/v2\/comments?post=22903"}],"wp:featuredmedia":[{"embeddable":true,"href":"https:\/\/idealpesca.com\/loja\/wp-json\/wp\/v2\/media\/28310"}],"wp:attachment":[{"href":"https:\/\/idealpesca.com\/loja\/wp-json\/wp\/v2\/media?parent=22903"}],"wp:term":[{"taxonomy":"product_brand","embeddable":true,"href":"https:\/\/idealpesca.com\/loja\/wp-json\/wp\/v2\/product_brand?post=22903"},{"taxonomy":"product_cat","embeddable":true,"href":"https:\/\/idealpesca.com\/loja\/wp-json\/wp\/v2\/product_cat?post=22903"},{"taxonomy":"product_tag","embeddable":true,"href":"https:\/\/idealpesca.com\/loja\/wp-json\/wp\/v2\/product_tag?post=22903"}],"curies":[{"name":"wp","href":"https:\/\/api.w.org\/{rel}","templated":true}]}}