{"id":2264,"date":"2026-03-20T12:23:25","date_gmt":"2026-03-20T12:23:25","guid":{"rendered":"https:\/\/idealpesca.com\/loja\/produto\/daiwa-ballistic-air-lt2000-xh\/"},"modified":"2026-03-20T23:52:09","modified_gmt":"2026-03-20T23:52:09","slug":"daiwa-ballistic-air-lt2000-xh","status":"publish","type":"product","link":"https:\/\/idealpesca.com\/loja\/produto\/daiwa-ballistic-air-lt2000-xh\/","title":{"rendered":"DAIWA BALLISTIC AIR LT2000-XH"},"content":{"rendered":"<div class=\"product-desc\">\n<table class=\"table bordered js-pswp-gallery\">\n<tr>\n<th>\u00a0<\/th>\n<th>Refer\u00eancia<\/th>\n<th>Pega<\/th>\n<th>R\u00e1cio (\/1)<\/th>\n<th>VMV<\/th>\n<th>Peso<\/th>\n<th>Nylon<\/th>\n<th>Multifilamento<\/th>\n<th>Drag<\/th>\n<\/tr>\n<tr>\n<td><span class=\"new\">N<\/span><\/td>\n<td><a href=\"https:\/\/www.daiwa.pt\/uploads\/products\/reels\/2020\/10\/ex20lt4000cxh_1200x1200.jpg\"> <span class=\"inner\"> <img decoding=\"async\" src=\"image\/gif;base64,R0lGODlhAQABAIAAAMLCwgAAACH5BAAAAAAALAAAAAABAAEAAAICRAEAOw==\" alt=\"\" width=\"1\" height=\"1\" \/><\/span><\/a><br \/>\n25BALLISTIC<\/p>\n<p>AIR LT2000S-H<\/p>\n<\/td>\n<td>T<\/td>\n<td>5.8<\/td>\n<td>76cm<\/td>\n<td>150g<\/td>\n<td>0.16mm-100m<\/td>\n<td>0.06mm-150m<\/td>\n<td>5kg<\/td>\n<\/tr>\n<\/table>\n<p>\u00a0<\/p>\n<p>A gama dos carretos BALLISTIC LT 2025 herda o conceito LT com uma rela\u00e7\u00e3o peso \/ pot\u00eancia excecional. O corpo e o rotor s\u00e3o concebidos em aluminio Zaion V, novo material mais r\u00edgido e mais s\u00f3lido. A manivela roscada diretamente no corpo \u00e9 aligeirada para acentuar a suavidade de rota\u00e7\u00e3o. O drag ATD \u00e9 progressivo e poderoso gra\u00e7as a uma superf\u00edcie de aperto mais larga. A roda-de-coroa Tough Digigear oferece uma pot\u00eancia de rota\u00e7\u00e3o \u00fanica e eleva a vida \u00fatil do carreto ao seu m\u00e1ximo.<\/p>\n<\/div>\n<ul>\n<li>Drag com tecnologia ATD, bot\u00e3o de drag grande formato<\/li>\n<li>Rolamentos : 7<\/li>\n<li>Corpo e rotor em Zaion V<\/li>\n<li>Bobina Air Spool em alum\u00ednio<\/li>\n<li>Enrolamento por espiras cruzadas<\/li>\n<li>Manivela monobloco alum\u00ednio roscada Air Handle, ultraleve<\/li>\n<li>Airdrive design<\/li>\n<\/ul>\n","protected":false},"excerpt":{"rendered":"<p>DAIWA BALLISTIC LEVE, EMBRAIAGEM POTENTE<br \/>\nNOVO MODELO 2025<\/p>\n","protected":false},"featured_media":5494,"comment_status":"open","ping_status":"closed","template":"","meta":[],"product_brand":[],"product_cat":[45,74,43,517],"product_tag":[],"class_list":{"0":"post-2264","1":"product","2":"type-product","3":"status-publish","4":"has-post-thumbnail","6":"product_cat-020200-boia-spinning-eging","7":"product_cat-020203-daiwa","8":"product_cat-310000-novidades-gerais","9":"product_cat-ideal-pesca","11":"first","12":"instock","13":"taxable","14":"shipping-taxable","15":"purchasable","16":"product-type-variable"},"_links":{"self":[{"href":"https:\/\/idealpesca.com\/loja\/wp-json\/wp\/v2\/product\/2264","targetHints":{"allow":["GET"]}}],"collection":[{"href":"https:\/\/idealpesca.com\/loja\/wp-json\/wp\/v2\/product"}],"about":[{"href":"https:\/\/idealpesca.com\/loja\/wp-json\/wp\/v2\/types\/product"}],"replies":[{"embeddable":true,"href":"https:\/\/idealpesca.com\/loja\/wp-json\/wp\/v2\/comments?post=2264"}],"wp:featuredmedia":[{"embeddable":true,"href":"https:\/\/idealpesca.com\/loja\/wp-json\/wp\/v2\/media\/5494"}],"wp:attachment":[{"href":"https:\/\/idealpesca.com\/loja\/wp-json\/wp\/v2\/media?parent=2264"}],"wp:term":[{"taxonomy":"product_brand","embeddable":true,"href":"https:\/\/idealpesca.com\/loja\/wp-json\/wp\/v2\/product_brand?post=2264"},{"taxonomy":"product_cat","embeddable":true,"href":"https:\/\/idealpesca.com\/loja\/wp-json\/wp\/v2\/product_cat?post=2264"},{"taxonomy":"product_tag","embeddable":true,"href":"https:\/\/idealpesca.com\/loja\/wp-json\/wp\/v2\/product_tag?post=2264"}],"curies":[{"name":"wp","href":"https:\/\/api.w.org\/{rel}","templated":true}]}}