{"id":2255,"date":"2026-03-20T12:23:18","date_gmt":"2026-03-20T12:23:18","guid":{"rendered":"https:\/\/idealpesca.com\/loja\/produto\/cana-daiwa-proteus-surf-4-20mtr-tubular\/"},"modified":"2026-03-20T23:47:36","modified_gmt":"2026-03-20T23:47:36","slug":"cana-daiwa-proteus-surf-4-20mtr-tubular","status":"publish","type":"product","link":"https:\/\/idealpesca.com\/loja\/produto\/cana-daiwa-proteus-surf-4-20mtr-tubular\/","title":{"rendered":"Cana DAIWA PROTEUS SURF 4.20MTR tubular"},"content":{"rendered":"<table class=\"table bordered js-pswp-gallery\">\n<tr>\n<th>\u00a0<\/th>\n<th><span style=\"float: none;background-color: #292f38;color: #ffffff;font-family: MontserratRegular,Arial,sans-serif;font-size: 12px;font-style: normal;font-variant: normal;font-weight: 400;letter-spacing: normal;line-height: 12px;text-align: center;text-decoration: none;text-indent: 0px;text-transform: none;white-space: normal\">Refer\u00eancia<\/span><\/th>\n<th><span style=\"float: none;background-color: #292f38;color: #ffffff;font-family: MontserratRegular,Arial,sans-serif;font-size: 12px;font-style: normal;font-variant: normal;font-weight: 400;letter-spacing: normal;line-height: 12px;text-align: center;text-decoration: none;text-indent: 0px;text-transform: none;white-space: normal\">Ponteira\/Porta carretos<\/span><\/th>\n<th><span style=\"float: none;background-color: #292f38;color: #ffffff;font-family: MontserratRegular,Arial,sans-serif;font-size: 12px;font-style: normal;font-variant: normal;font-weight: 400;letter-spacing: normal;line-height: 12px;text-align: center;text-decoration: none;text-indent: 0px;text-transform: none;white-space: normal\">Comprimento (m)<\/span><\/th>\n<th><span style=\"float: none;background-color: #292f38;color: #ffffff;font-family: MontserratRegular,Arial,sans-serif;font-size: 12px;font-style: normal;font-variant: normal;font-weight: 400;letter-spacing: normal;line-height: 12px;text-align: center;text-decoration: none;text-indent: 0px;text-transform: none;white-space: normal\">Elementos<\/span><\/th>\n<th><span style=\"float: none;background-color: #292f38;color: #ffffff;font-family: MontserratRegular,Arial,sans-serif;font-size: 12px;font-style: normal;font-variant: normal;font-weight: 400;letter-spacing: normal;line-height: 12px;text-align: center;text-decoration: none;text-indent: 0px;text-transform: none;white-space: normal\">Desmontada (m)<\/span><\/th>\n<th><span style=\"float: none;background-color: #292f38;color: #ffffff;font-family: MontserratRegular,Arial,sans-serif;font-size: 12px;font-style: normal;font-variant: normal;font-weight: 400;letter-spacing: normal;line-height: 12px;text-align: center;text-decoration: none;text-indent: 0px;text-transform: none;white-space: normal\">Peso (g)<\/span><\/th>\n<th><span style=\"float: none;background-color: #292f38;color: #ffffff;font-family: MontserratRegular,Arial,sans-serif;font-size: 12px;font-style: normal;font-variant: normal;font-weight: 400;letter-spacing: normal;line-height: 12px;text-align: center;text-decoration: none;text-indent: 0px;text-transform: none;white-space: normal\">Passadores<\/span><\/th>\n<th><span style=\"float: none;background-color: #3399ff;color: #ffffff;font-family: MontserratRegular,Arial,sans-serif;font-size: 12px;font-style: normal;font-variant: normal;font-weight: 400;letter-spacing: normal;line-height: 12px;text-align: center;text-decoration: none;text-indent: 0px;text-transform: none;white-space: normal\">Pot\u00eancia (g)<\/span><\/th>\n<\/tr>\n<tr>\n<td><span class=\"new\" style=\"font-weight: 400;font-style: normal;vertical-align: middle;background-color: #cc2127;color: #ffffff;padding: 4px;font-size: 8px;margin: -2px 0px 1px;font-family: MontserratRegular, Arial, sans-serif;border-radius: 2px\">N<\/span><\/td>\n<td>PTS33423<\/td>\n<td>\/tubular<\/td>\n<td>4,20<\/td>\n<td>3<\/td>\n<td>148<\/td>\n<td>525<\/td>\n<td>8<\/td>\n<td>100-225<\/td>\n<td>\u00a0<\/td>\n<\/tr>\n<tr>\n<td>\u00a0<\/td>\n<td>\u00a0<\/td>\n<td>\u00a0<\/td>\n<td>\u00a0<\/td>\n<td>\u00a0<\/td>\n<td>\u00a0<\/td>\n<td>\u00a0<\/td>\n<td>\u00a0<\/td>\n<td>\u00a0<\/td>\n<td>\u00a0<\/td>\n<\/tr>\n<tr>\n<td>\u00a0<\/td>\n<td>\u00a0<\/td>\n<td>\u00a0<\/td>\n<td>\u00a0<\/td>\n<td>\u00a0<\/td>\n<td>\u00a0<\/td>\n<td>\u00a0<\/td>\n<td>\u00a0<\/td>\n<td>\u00a0<\/td>\n<td>\u00a0<\/td>\n<\/tr>\n<tr>\n<td>\u00a0<\/td>\n<td>\u00a0<\/td>\n<td>\u00a0<\/td>\n<td>\u00a0<\/td>\n<td>\u00a0<\/td>\n<td>\u00a0<\/td>\n<td>\u00a0<\/td>\n<td>\u00a0<\/td>\n<td>\u00a0<\/td>\n<td>\u00a0<\/td>\n<\/tr>\n<tr>\n<td>\u00a0<\/td>\n<td>\u00a0<\/td>\n<td>\u00a0<\/td>\n<td>\u00a0<\/td>\n<td>\u00a0<\/td>\n<td>\u00a0<\/td>\n<td>\u00a0<\/td>\n<td>\u00a0<\/td>\n<td>\u00a0<\/td>\n<\/tr>\n<\/table>\n<ul>\n<li>\u00a0<\/li>\n<li>\u00a0<\/li>\n<li>\u00a0<\/li>\n<li>-Blank carbono alto modulo<\/li>\n<li>-Encaixes invertidos<\/li>\n<li>-Passadores Fuji Lowrider<\/li>\n<li>-Porta carretos TUBULAR SEAGUIDE<\/li>\n<li>\u00a0<\/li>\n<li>\u00a0<\/li>\n<\/ul>\n","protected":false},"excerpt":{"rendered":"<p>OFERTA DO ENVIO NESTE PRODUTO E DE BON\u00c9 DAIWA PARA ENCOMENDAS ON LINE<br \/>\nA cana proteus far\u00e1 a felicidade dos pescadores de surf casting que procuram um bom pre\u00e7o e suavidade no lan\u00e7amento<br \/>\nVers\u00e3o com ponteira Tubular e passadores Fuji K<\/p>\n","protected":false},"featured_media":5485,"comment_status":"open","ping_status":"closed","template":"","meta":[],"product_brand":[],"product_cat":[551,99,43,517],"product_tag":[],"class_list":{"0":"post-2255","1":"product","2":"type-product","3":"status-publish","4":"has-post-thumbnail","6":"product_cat-010100-surfcasting-pesca-de-lancamento","7":"product_cat-010105-daiwa","8":"product_cat-310000-novidades-gerais","9":"product_cat-ideal-pesca","11":"first","12":"instock","13":"taxable","14":"shipping-taxable","15":"purchasable","16":"product-type-variable"},"_links":{"self":[{"href":"https:\/\/idealpesca.com\/loja\/wp-json\/wp\/v2\/product\/2255","targetHints":{"allow":["GET"]}}],"collection":[{"href":"https:\/\/idealpesca.com\/loja\/wp-json\/wp\/v2\/product"}],"about":[{"href":"https:\/\/idealpesca.com\/loja\/wp-json\/wp\/v2\/types\/product"}],"replies":[{"embeddable":true,"href":"https:\/\/idealpesca.com\/loja\/wp-json\/wp\/v2\/comments?post=2255"}],"wp:featuredmedia":[{"embeddable":true,"href":"https:\/\/idealpesca.com\/loja\/wp-json\/wp\/v2\/media\/5485"}],"wp:attachment":[{"href":"https:\/\/idealpesca.com\/loja\/wp-json\/wp\/v2\/media?parent=2255"}],"wp:term":[{"taxonomy":"product_brand","embeddable":true,"href":"https:\/\/idealpesca.com\/loja\/wp-json\/wp\/v2\/product_brand?post=2255"},{"taxonomy":"product_cat","embeddable":true,"href":"https:\/\/idealpesca.com\/loja\/wp-json\/wp\/v2\/product_cat?post=2255"},{"taxonomy":"product_tag","embeddable":true,"href":"https:\/\/idealpesca.com\/loja\/wp-json\/wp\/v2\/product_tag?post=2255"}],"curies":[{"name":"wp","href":"https:\/\/api.w.org\/{rel}","templated":true}]}}