{"id":2251,"date":"2026-03-20T12:23:15","date_gmt":"2026-03-20T12:23:15","guid":{"rendered":"https:\/\/idealpesca.com\/loja\/produto\/bolsa-para-acessorios-tournament-surf-new\/"},"modified":"2026-04-17T18:14:07","modified_gmt":"2026-04-17T17:14:07","slug":"bolsa-para-acessorios-tournament-surf-new","status":"publish","type":"product","link":"https:\/\/idealpesca.com\/loja\/produto\/bolsa-para-acessorios-tournament-surf-new\/","title":{"rendered":"bolsa para acess\u00f3rios TOURNAMENT Surf new"},"content":{"rendered":"<div class=\"product-content\">\n<div class=\"product-content-inner\">\n<div class=\"product-desc\">\n<p>Estas sacolas Daiwa Tournament re\u00fanem todos os pequenos acess\u00f3rios indispens\u00e1veis \u00e0 sua sa\u00edda de pesca. A cada formato, o seu tamanho de bolsa adaptado! N\u00e3o procure mais pelo seu fluorocarbono, suas tesouras, seus alicates ou ainda pelas suas montagens, tudo o que \u00e9 armazenado neste saco transparente permanece vis\u00edvel. Revestimento em PVC imputresc\u00edvel. Fechos grossos com carrinho em PVC resistente ao meio marinho.<\/p>\n<\/div>\n<div class=\"row\">\u00a0<\/div>\n<\/div>\n<\/div>\n<div class=\"product-content-next\">\n<div class=\"product-content-next-inner\">\n<div class=\"polymorphic-table product-table\">\n<div class=\"polymorphic-table-inner\">\n<table class=\"table bordered js-pswp-gallery\">\n<tr>\n<th>Refer\u00eancia<\/th>\n<th>Dimens\u00f5es<\/th>\n<\/tr>\n<tr>\n<td><a href=\"https:\/\/www.daiwa.pt\/uploads\/products\/luggage\/2019\/10\/tr257299_1200x1200.jpg\"> <span class=\"inner\"> <img decoding=\"async\" src=\"image\/gif;base64,R0lGODlhAQABAIAAAMLCwgAAACH5BAAAAAAALAAAAAABAAEAAAICRAEAOw==\" alt=\"\" width=\"1\" height=\"1\" \/><\/span><\/a><br \/>\nTR429061\n<\/td>\n<td>16x 18 x 10 cm<\/td>\n<\/tr>\n<\/table>\n<\/div>\n<\/div>\n<\/div>\n<\/div>\n","protected":false},"excerpt":{"rendered":"<p>Qualidade topo de gama<\/p>\n","protected":false},"featured_media":5482,"comment_status":"open","ping_status":"closed","template":"","meta":[],"product_brand":[],"product_cat":[171],"product_tag":[],"class_list":{"0":"post-2251","1":"product","2":"type-product","3":"status-publish","4":"has-post-thumbnail","6":"product_cat-070000-mochilas-e-bolsas-de-pesca","8":"first","9":"outofstock","10":"taxable","11":"shipping-taxable","12":"product-type-variable"},"_links":{"self":[{"href":"https:\/\/idealpesca.com\/loja\/wp-json\/wp\/v2\/product\/2251","targetHints":{"allow":["GET"]}}],"collection":[{"href":"https:\/\/idealpesca.com\/loja\/wp-json\/wp\/v2\/product"}],"about":[{"href":"https:\/\/idealpesca.com\/loja\/wp-json\/wp\/v2\/types\/product"}],"replies":[{"embeddable":true,"href":"https:\/\/idealpesca.com\/loja\/wp-json\/wp\/v2\/comments?post=2251"}],"wp:featuredmedia":[{"embeddable":true,"href":"https:\/\/idealpesca.com\/loja\/wp-json\/wp\/v2\/media\/5482"}],"wp:attachment":[{"href":"https:\/\/idealpesca.com\/loja\/wp-json\/wp\/v2\/media?parent=2251"}],"wp:term":[{"taxonomy":"product_brand","embeddable":true,"href":"https:\/\/idealpesca.com\/loja\/wp-json\/wp\/v2\/product_brand?post=2251"},{"taxonomy":"product_cat","embeddable":true,"href":"https:\/\/idealpesca.com\/loja\/wp-json\/wp\/v2\/product_cat?post=2251"},{"taxonomy":"product_tag","embeddable":true,"href":"https:\/\/idealpesca.com\/loja\/wp-json\/wp\/v2\/product_tag?post=2251"}],"curies":[{"name":"wp","href":"https:\/\/api.w.org\/{rel}","templated":true}]}}