{"id":22450,"date":"2022-03-15T11:41:07","date_gmt":"2022-03-15T11:41:07","guid":{"rendered":"https:\/\/idealpesca.com\/loja\/produto\/carreto-daiwa-saltist-mq-5000d-h\/"},"modified":"2026-05-14T17:17:18","modified_gmt":"2026-05-14T16:17:18","slug":"carreto-daiwa-saltist-mq-5000d-h","status":"publish","type":"product","link":"https:\/\/idealpesca.com\/loja\/produto\/carreto-daiwa-saltist-mq-5000d-h\/","title":{"rendered":"Carreto DAIWA SALTIST MQ 5000D-H"},"content":{"rendered":"<div class=\"product-desc\">\n<p>Esta \u00e9 sem d\u00favida a melhor associa\u00e7\u00e3o de tecnologias Daiwa para combater a eros\u00e3o no ambiente marinho! O novo carreto Saltist MQ apresenta um totalmente novo corpo monobloco em alum\u00ednio Moncoque (MQ) e rolamentos MagSealed. O corpo monobloco abriga uma engrenagem Tough Digigear de maior di\u00e2metro, transferindo toda a pot\u00eancia fornecida pela manivela para sua linha. O bra\u00e7o do pick-up Air Bail tubular oco, melhora o enrolamento na bobinagem da linha na bobina para um desempenho incompar\u00e1vel, mesmo com os multifilamentos mais leves em condi\u00e7\u00f5es de vento. Se est\u00e1 \u00e0 procura um novo carreto poderoso e resistente para as pescas no mar, n\u00e3o procure al\u00e9m do novo Saltist MQ.<\/p>\n<p><a href=\"https:\/\/www.daiwa.pt\/produtos\/carretos\/saltist-mq-2021-4\">Carreto igualmente dispon\u00edvel nos tamanhos 8000, 10000, 14000, 18000 e 20000.<\/a><\/p>\n<\/div>\n<ul class=\"product-specifications\">\n<li>Drag com tecnologia ATD com discos de carbono<\/li>\n<li>Rolamentos : 6 + 1<\/li>\n<li>Corpo Monocoque em alum\u00ednio e &#8220;Air Rotor&#8221; em ZAION<\/li>\n<li>Bobina LC-ABS (Long Cast)<\/li>\n<li>Enrolamento por espiras cruzadas<\/li>\n<li>Manivela em alum\u00ednio monoblocoo roscada no corpo<\/li>\n<\/ul>\n<p>\u00a0<\/p>\n<table class=\"table bordered js-pswp-gallery\">\n<thead>\n<tr>\n<th>\u00a0<\/th>\n<th>Refer\u00eancia<\/th>\n<th>Pega<\/th>\n<th>R\u00e1cio (\/1)<\/th>\n<th>VMV<\/th>\n<th>Peso<\/th>\n<th>Capacidade<\/th>\n<th>D<\/th>\n<th>Drag<\/th>\n<th>Bobina<\/th>\n<\/tr>\n<\/thead>\n<tbody>\n<tr>\n<td><span class=\"new\">N<\/span><\/td>\n<td>SLTMQ3000DXH<\/td>\n<td>O+<\/td>\n<td>6,2<\/td>\n<td>93cm<\/td>\n<td>265g<\/td>\n<td>150m\/0,33mm<\/td>\n<td>300m\/0,18mm<\/td>\n<td>10kg<\/td>\n<td>M174101<\/td>\n<\/tr>\n<tr>\n<td><span class=\"new\">N<\/span><\/td>\n<td>SLTMQ4000DXH<\/td>\n<td>O+<\/td>\n<td>6,2<\/td>\n<td>99cm<\/td>\n<td>285g<\/td>\n<td>150m\/0,37mm<\/td>\n<td>200m\/0,20mm<\/td>\n<td>12kg<\/td>\n<td>M178501<\/td>\n<\/tr>\n<tr>\n<td><span class=\"new\">N<\/span><\/td>\n<td><a class=\"picture js-pswp-item\" href=\"https:\/\/www.daiwa.pt\/uploads\/products\/reels\/2021\/10\/sltmq5000dh_1200x1200.jpg\" data-size=\"1200x1200\" data-med=\"\/uploads\/products\/reels\/2021\/10\/sltmq5000dh_800x800.jpg\" data-med-size=\"800x800\"> <span class=\"inner\"> <img decoding=\"async\" src=\"image\/gif;base64,R0lGODlhAQABAIAAAMLCwgAAACH5BAAAAAAALAAAAAABAAEAAAICRAEAOw==\" alt=\"\" width=\"1\" height=\"1\" \/><\/span><\/a><\/p>\n<figure>SLTMQ5000DH<\/figure>\n<\/td>\n<td>O+<\/td>\n<td>5,7<\/td>\n<td>96cm<\/td>\n<td>430g<\/td>\n<td>150m\/0,40mm<\/td>\n<td>300m\/0,22mm<\/td>\n<td>12kg<\/td>\n<td>M178301<\/td>\n<\/tr>\n<tr>\n<td><span class=\"new\">N<\/span><\/td>\n<td>SLTMQ6000DH<\/td>\n<td>O+<\/td>\n<td>5,7<\/td>\n<td>101cm<\/td>\n<td>435g<\/td>\n<td>150m\/0,43mm<\/td>\n<td>300m\/0,24mm<\/td>\n<td>12kg<\/td>\n<td>M170701<\/td>\n<\/tr>\n<\/tbody>\n<\/table>\n","protected":false},"excerpt":{"rendered":"<p>SALTIST MQ 2021<br \/>\nPreparado para as pescas ex\u00f3ticas<\/p>\n","protected":false},"featured_media":28084,"comment_status":"open","ping_status":"closed","template":"","meta":[],"product_brand":[],"product_cat":[74,44,67],"product_tag":[],"class_list":{"0":"post-22450","1":"product","2":"type-product","3":"status-publish","4":"has-post-thumbnail","6":"product_cat-020203-daiwa","7":"product_cat-020300-barco-buldo-falesia","8":"product_cat-020303-daiwa","10":"first","11":"instock","12":"taxable","13":"shipping-taxable","14":"purchasable","15":"product-type-variable"},"_links":{"self":[{"href":"https:\/\/idealpesca.com\/loja\/wp-json\/wp\/v2\/product\/22450","targetHints":{"allow":["GET"]}}],"collection":[{"href":"https:\/\/idealpesca.com\/loja\/wp-json\/wp\/v2\/product"}],"about":[{"href":"https:\/\/idealpesca.com\/loja\/wp-json\/wp\/v2\/types\/product"}],"replies":[{"embeddable":true,"href":"https:\/\/idealpesca.com\/loja\/wp-json\/wp\/v2\/comments?post=22450"}],"wp:featuredmedia":[{"embeddable":true,"href":"https:\/\/idealpesca.com\/loja\/wp-json\/wp\/v2\/media\/28084"}],"wp:attachment":[{"href":"https:\/\/idealpesca.com\/loja\/wp-json\/wp\/v2\/media?parent=22450"}],"wp:term":[{"taxonomy":"product_brand","embeddable":true,"href":"https:\/\/idealpesca.com\/loja\/wp-json\/wp\/v2\/product_brand?post=22450"},{"taxonomy":"product_cat","embeddable":true,"href":"https:\/\/idealpesca.com\/loja\/wp-json\/wp\/v2\/product_cat?post=22450"},{"taxonomy":"product_tag","embeddable":true,"href":"https:\/\/idealpesca.com\/loja\/wp-json\/wp\/v2\/product_tag?post=22450"}],"curies":[{"name":"wp","href":"https:\/\/api.w.org\/{rel}","templated":true}]}}