{"id":22405,"date":"2022-02-18T18:11:23","date_gmt":"2022-02-18T18:11:23","guid":{"rendered":"https:\/\/idealpesca.com\/loja\/produto\/cana-barros-iberian-lr-425\/"},"modified":"2026-05-13T21:19:44","modified_gmt":"2026-05-13T20:19:44","slug":"cana-barros-iberian-lr-425","status":"publish","type":"product","link":"https:\/\/idealpesca.com\/loja\/produto\/cana-barros-iberian-lr-425\/","title":{"rendered":"Cana BARROS IBERIAN LR 425"},"content":{"rendered":"<p>O comprimento progressivo das sec\u00e7\u00f5es n\u00ba1, n\u00ba2 e n\u00ba3 e a sua a\u00e7\u00e3o muito rija, fazem destas canas uma op\u00e7\u00e3o de elei\u00e7\u00e3o para lan\u00e7ar muito longe. A zona h\u00edbrida curta, n\u00e3o amortece a chicotada do lan\u00e7amento, apesar de manter uma grande sensibilidade aos toques mais dif\u00edceis. O cabo (elemento mais longo da cana) proporciona uma r\u00e1pida recupera\u00e7\u00e3o da curva, ap\u00f3s a chicotada do lan\u00e7amento. A vers\u00e3o KW vem montada com passadores Fuji KW e porta carretos Fuji DPS e, a vers\u00e3o LR, vem montada com passadores Fuji LC e porta carretos Fuji NS.\u00a0<\/p>\n","protected":false},"excerpt":{"rendered":"<p>Comprimento: 4.25m                     NOVO PRE\u00c7O FEVEREIRO 2026<br \/>\nComprimento fechada: 1.56m<br \/>\nSec\u00e7\u00f5es: 3<br \/>\nPeso: 487g<br \/>\nA\u00e7\u00e3o: M\u00e1ximo 250g (melhor desempenho: 120-160g)<\/p>\n","protected":false},"featured_media":28055,"comment_status":"open","ping_status":"closed","template":"","meta":[],"product_brand":[],"product_cat":[551,101],"product_tag":[],"class_list":{"0":"post-22405","1":"product","2":"type-product","3":"status-publish","4":"has-post-thumbnail","6":"product_cat-010100-surfcasting-pesca-de-lancamento","7":"product_cat-010102-barros","9":"first","10":"instock","11":"taxable","12":"shipping-taxable","13":"purchasable","14":"product-type-simple"},"_links":{"self":[{"href":"https:\/\/idealpesca.com\/loja\/wp-json\/wp\/v2\/product\/22405","targetHints":{"allow":["GET"]}}],"collection":[{"href":"https:\/\/idealpesca.com\/loja\/wp-json\/wp\/v2\/product"}],"about":[{"href":"https:\/\/idealpesca.com\/loja\/wp-json\/wp\/v2\/types\/product"}],"replies":[{"embeddable":true,"href":"https:\/\/idealpesca.com\/loja\/wp-json\/wp\/v2\/comments?post=22405"}],"wp:featuredmedia":[{"embeddable":true,"href":"https:\/\/idealpesca.com\/loja\/wp-json\/wp\/v2\/media\/28055"}],"wp:attachment":[{"href":"https:\/\/idealpesca.com\/loja\/wp-json\/wp\/v2\/media?parent=22405"}],"wp:term":[{"taxonomy":"product_brand","embeddable":true,"href":"https:\/\/idealpesca.com\/loja\/wp-json\/wp\/v2\/product_brand?post=22405"},{"taxonomy":"product_cat","embeddable":true,"href":"https:\/\/idealpesca.com\/loja\/wp-json\/wp\/v2\/product_cat?post=22405"},{"taxonomy":"product_tag","embeddable":true,"href":"https:\/\/idealpesca.com\/loja\/wp-json\/wp\/v2\/product_tag?post=22405"}],"curies":[{"name":"wp","href":"https:\/\/api.w.org\/{rel}","templated":true}]}}